{"id":9512,"date":"2023-10-24T23:26:13","date_gmt":"2023-10-24T21:26:13","guid":{"rendered":"https:\/\/comenascelacostituzione.it\/?page_id=9512"},"modified":"2023-10-26T17:27:38","modified_gmt":"2023-10-26T15:27:38","slug":"elisabetta-lamarque-per-saperne-di-piu","status":"publish","type":"page","link":"https:\/\/comenascelacostituzione.it\/?page_id=9512","title":{"rendered":"Elisabetta Lamarque per saperne di pi\u00f9"},"content":{"rendered":"\t\t<div data-elementor-type=\"wp-page\" data-elementor-id=\"9512\" class=\"elementor elementor-9512\" data-elementor-post-type=\"page\">\n\t\t\t\t\t\t<section class=\"elementor-section elementor-top-section elementor-element elementor-element-427fff19 elementor-section-content-middle elementor-section-boxed elementor-section-height-default elementor-section-height-default\" data-id=\"427fff19\" data-element_type=\"section\" data-settings=\"{&quot;background_background&quot;:&quot;classic&quot;}\">\n\t\t\t\t\t\t\t<div class=\"elementor-background-overlay\"><\/div>\n\t\t\t\t\t\t\t<div class=\"elementor-container elementor-column-gap-default\">\n\t\t\t\t\t<div class=\"elementor-column elementor-col-100 elementor-top-column elementor-element elementor-element-56758138\" data-id=\"56758138\" data-element_type=\"column\">\n\t\t\t<div class=\"elementor-widget-wrap elementor-element-populated\">\n\t\t\t\t\t<div class=\"elementor-background-overlay\"><\/div>\n\t\t\t\t\t\t<section class=\"elementor-section elementor-inner-section elementor-element elementor-element-4d2c6ce3 elementor-section-boxed elementor-section-height-default elementor-section-height-default\" data-id=\"4d2c6ce3\" data-element_type=\"section\">\n\t\t\t\t\t\t<div class=\"elementor-container elementor-column-gap-default\">\n\t\t\t\t\t<div class=\"elementor-column elementor-col-100 elementor-inner-column elementor-element elementor-element-6de60e7a\" data-id=\"6de60e7a\" data-element_type=\"column\">\n\t\t\t<div class=\"elementor-widget-wrap elementor-element-populated\">\n\t\t\t\t\t\t<div class=\"elementor-element elementor-element-1f26bdbd elementor-widget__width-initial elementor-widget elementor-widget-spacer\" data-id=\"1f26bdbd\" data-element_type=\"widget\" data-widget_type=\"spacer.default\">\n\t\t\t\t<div class=\"elementor-widget-container\">\n\t\t\t\t\t\t\t<div class=\"elementor-spacer\">\n\t\t\t<div class=\"elementor-spacer-inner\"><\/div>\n\t\t<\/div>\n\t\t\t\t\t\t<\/div>\n\t\t\t\t<\/div>\n\t\t\t\t<div class=\"elementor-element elementor-element-5e400271 elementor-widget elementor-widget-heading\" data-id=\"5e400271\" data-element_type=\"widget\" data-widget_type=\"heading.default\">\n\t\t\t\t<div class=\"elementor-widget-container\">\n\t\t\t\t\t<h1 class=\"elementor-heading-title elementor-size-default\">Elisabetta Lamarque<\/h1>\t\t\t\t<\/div>\n\t\t\t\t<\/div>\n\t\t\t\t\t<\/div>\n\t\t<\/div>\n\t\t\t\t\t<\/div>\n\t\t<\/section>\n\t\t\t\t\t<\/div>\n\t\t<\/div>\n\t\t\t\t\t<\/div>\n\t\t<\/section>\n\t\t\t\t<section class=\"elementor-section elementor-top-section elementor-element elementor-element-a99fa06 elementor-section-content-middle elementor-section-boxed elementor-section-height-default elementor-section-height-default\" data-id=\"a99fa06\" data-element_type=\"section\" data-settings=\"{&quot;background_background&quot;:&quot;classic&quot;}\">\n\t\t\t\t\t\t<div class=\"elementor-container elementor-column-gap-default\">\n\t\t\t\t\t<div class=\"elementor-column elementor-col-100 elementor-top-column elementor-element elementor-element-20a7e6f1\" data-id=\"20a7e6f1\" data-element_type=\"column\">\n\t\t\t<div class=\"elementor-widget-wrap elementor-element-populated\">\n\t\t\t\t\t<div class=\"elementor-background-overlay\"><\/div>\n\t\t\t\t\t\t<section class=\"elementor-section elementor-inner-section elementor-element elementor-element-468e67bd elementor-section-boxed elementor-section-height-default elementor-section-height-default\" data-id=\"468e67bd\" data-element_type=\"section\">\n\t\t\t\t\t\t<div class=\"elementor-container elementor-column-gap-wider\">\n\t\t\t\t\t<div class=\"elementor-column elementor-col-100 elementor-inner-column elementor-element elementor-element-1d496f97\" data-id=\"1d496f97\" data-element_type=\"column\">\n\t\t\t<div class=\"elementor-widget-wrap elementor-element-populated\">\n\t\t\t\t\t\t<section class=\"elementor-section elementor-inner-section elementor-element elementor-element-a9ebaee elementor-section-full_width elementor-section-height-default elementor-section-height-default elementor-invisible\" data-id=\"a9ebaee\" data-element_type=\"section\" data-settings=\"{&quot;animation&quot;:&quot;fadeIn&quot;}\">\n\t\t\t\t\t\t<div class=\"elementor-container elementor-column-gap-default\">\n\t\t\t\t\t<div class=\"elementor-column elementor-col-100 elementor-inner-column elementor-element elementor-element-73cd59a\" data-id=\"73cd59a\" data-element_type=\"column\" data-settings=\"{&quot;background_background&quot;:&quot;classic&quot;}\">\n\t\t\t<div class=\"elementor-widget-wrap elementor-element-populated\">\n\t\t\t\t\t\t<div class=\"elementor-element elementor-element-601eff1 elementor-widget elementor-widget-text-editor\" data-id=\"601eff1\" data-element_type=\"widget\" data-widget_type=\"text-editor.default\">\n\t\t\t\t<div class=\"elementor-widget-container\">\n\t\t\t\t\t\t\t\t\t<div style=\"text-align: justify;\"><p><strong>Per saperne di pi\u00f9<\/strong><\/p><p>U. Allegretti, <em>Storia costituzionale italiana<\/em>, il Mulino, Bologna, 2014<\/p><p>A. Barbera, <em>La Costituzione della repubblica italiana<\/em>, in <em>Enciclopedia del diritto, Annali VIII<\/em>, Giuffr\u00e8, Milano, 2015<\/p><p>B. Barbisan, <em>La pi\u00f9 bella del mondo? Leggibilit\u00e0 e concretezza della Costituzione italiana<\/em>, in <em>Rivista Aic<\/em>, n. 2\/2022, all\u2019indirizzo <a href=\"https:\/\/www.rivistaaic.it\/images\/rivista\/pdf\/2_2022_07_Barbisan.pdf\">https:\/\/www.rivistaaic.it\/images\/rivista\/pdf\/2_2022_07_Barbisan.pdf<\/a><\/p><p>E. Bettinelli, <em>\u201cAgli scoraggiati del nostro futuro\u201d: la preparazione sapiente dell\u2019Assemblea Costituente come \u201cautodisciplina democratica\u201d<\/em>, in <em>Il Politico<\/em>, n. 3\/2017<\/p><p>F. Bonini, <em>Storia costituzionale della Repubblica. Un profilo dal 1946 a oggi<\/em>, Carocci, Roma, 2007<\/p><p>P. Caretti, <em>Lingua e Costituzione<\/em>, in <em>Rivista Aic<\/em>, n. 2\/2014, all\u2019indirizzo<br \/><a href=\"https:\/\/www.rivistaaic.it\/images\/rivista\/pdf\/2_2014_Caretti.pdf\">https:\/\/www.rivistaaic.it\/images\/rivista\/pdf\/2_2014_Caretti.pdf<\/a><\/p><p>L. Carlassare, <em>Conversazioni sulla Costituzione<\/em>, Cedam, Padova, 2020<\/p><p>L. Carlassare, <em>Nel segno della Costituzione. La nostra carta per il futuro<\/em>, Feltrinelli, Milano, 2012<\/p><p>E. Cheli, <em>I giuristi alla Costituente<\/em>, in <em>Il Contributo italiano alla storia del Pensiero \u2013 Diritto (2012)<\/em>, Treccani.it all\u2019indirizzo <a href=\"https:\/\/www.treccani.it\/enciclopedia\/i-giuristi-alla-costituente_%28Il-Contributo-italiano-alla-storia-del-Pensiero:-Diritto%29\/\">https:\/\/www.treccani.it\/enciclopedia\/i-giuristi-alla-costituente_%28Il-Contributo-italiano-alla-storia-del-Pensiero:-Diritto%29\/<\/a><\/p><p>E. Cheli (a cura di), <em>La fondazione della Repubblica. Dalla Costituzione provvisoria alla Assemblea Costituente<\/em>, il Mulino, Bologna, 1979<\/p><p>E. Cheli, <em>Il problema storico della Costituente<\/em>, in Id., <em>Costituzione e sviluppo delle istituzioni in Italia<\/em>, il Mulino, Bologna, 1978, che si legge all\u2019indirizzo<br \/><a href=\"https:\/\/www.federalismi.it\/ApplOpenFilePDF.cfm?artid=8988&amp;dpath=document&amp;dfile=26122007100519.pdf&amp;content=Il+problema+storico+della+Costituente+-+stato+-+documentazione+-\">https:\/\/www.federalismi.it\/ApplOpenFilePDF.cfm?artid=8988&amp;dpath=document&amp;dfile=26122007100519.pdf&amp;content=Il+problema+storico+della+Costituente+-+stato+-+documentazione+-<\/a>+, e poi anche in Id., <em>Il problema storico della Costituente<\/em>, Editoriale Scientifica, Napoli, 2008<\/p><p>F. Cortese \u2013 C. Caruso \u2013 S. Rossi, <em>Immaginare la Repubblica. Mito e attualit\u00e0 dell\u2019Assemblea Costituente<\/em>, FrancoAngeli, Milano, 2018<\/p><p>G. Delledonne, <em>La Resistenza in Assemblea Costituene e nel testo costituzionale italiano del 1948<\/em>, all\u2019indirizzo\u00a0<br \/><a href=\"https:\/\/www.historiaconstitucional.com\/index.php\/historiaconstitucional\/article\/view\/231\/204\">https:\/\/www.historiaconstitucional.com\/index.php\/historiaconstitucional\/article\/view\/231\/204<\/a><\/p><p>U. De Siervo, <em>Il ruolo dei giuristi alla Costituente<\/em>, in <em>Nomos<\/em>, n. 3\/2017<\/p><p>U. De Siervo, <em>Scelte e confronti costituzionali nel periodo costituente. Il progetto democratico cristiano e le altre proposte<\/em>, in <em>Jus<\/em>, 1979<\/p><p>U. De Siervo (a cura di), <em>Scelte della Costituente e cultura giuridica, I, Costituzione italiana e modelli stranieri<\/em>, il Mulino, Bologna, 1980<\/p><p>L. Elia, <em>La Commissione dei 75, il dibattito costituzionale e l\u2019elaborazione dello schema di Costituzione<\/em>, in <em>Il Parlamento italiano 1861-1988<\/em>, vol. 14, Nuova CEI, Milano, 1989<\/p><p>L. Ferrajoli, <em>La cultura giuridica nell\u2019Italia del Novecento<\/em>, Laterza, Roma-Bari, 1996<\/p><p>L. Fioravanti, <em>Il compromesso costituzionale. Riflessioni sulla genesi e sulla attuazione della Costituzione repubblicana<\/em>, all\u2019indirizzo <a href=\"https:\/\/www.astrid-online.it\/static\/upload\/protected\/FIOR\/FIORAVANTI_60-Costituzione_2-3_10_08.pdf\">https:\/\/www.astrid-online.it\/static\/upload\/protected\/FIOR\/FIORAVANTI_60-Costituzione_2-3_10_08.pdf<\/a><\/p><p>M. Luciani, <em>Antifascismo e nascita della Costituzione<\/em>, in <em>Politica del diritto<\/em>, 1991<\/p><p>C. Mortati, <em>La Costituente. La teoria. La storia, Il problema italiano<\/em>, Darsena. Roma, 1945<\/p><p>D. Novacco, <em>L\u2019officina della Costituzione italiana (1943-1948)<\/em>, Feltrinelli, Milano, 2011<\/p><p>V. Onida, <em>La Costituzione<\/em>, nuova ed. a cura di M. Cartabia, il Mulino, Bologna, 2023<\/p><p>V. Onida (a cura di), <em>L\u2019ordinamento costituzionale italiano dalla caduta del fascismo all\u2019avvento della Costituzione repubblicana<\/em>, Giappichelli, Torino, 1991<\/p><p>L. Paladin, <em>Per una storia costituzionale dell\u2019Italia repubblicana<\/em>, il Mulino, Bologna, 2004<\/p><p>P. Pombeni, <em>La questione costituzionale in Italia<\/em>, il Mulino, Bologna, 2016<\/p><p>R. Ridola, <em>L\u2019esperienza costituente come problema storiografico: bilancio di un cinquantennio<\/em>, in <em>Studi in onore di Leopoldo Elia<\/em>, t. II, Giuffr\u00e8, Milano, 1999<\/p><p>S. Rodot\u00e0 (a cura di), <em>Alle origini della Costituzione<\/em>, il Mulino, Bologna, 1998<\/p><p>G. Scaccia, <em>Le idee di Costituzione nel dibattito della Costituente<\/em>, in <em>Studi e ricerche di storia contemporanea<\/em>, n. 68, 2007<\/p><p>P. Scoppola, <em>Gli anni della Costituente fra politica e storia<\/em>, il Mulino, Bologna, 1980<\/p><p><strong>Testimonianze e biografie<\/strong><\/p><p>Aa.Vv., <em>Donne della Repubblica<\/em>, il Mulino, Bologna, 2016<\/p><p>P. Calamandrei, <em>Cenni introduttivi sulla Costituente e sui suoi lavori<\/em>, in <em>Commentario sistematico alla Costituzione italiana<\/em>, diretto da P. Calamandrei e A. Levi, I, G. Barbera editore, Firenze, 1950<\/p><p>G. Dossetti, <em>I valori della Costituzione<\/em>, San Lorenzo, Reggio Emilia, 1995\u00a0<\/p><p>G. Dossetti, <em>La Costituzione. Le radici I valori Le riforme<\/em>, Edizioni Lavoro, Roma, 1996<\/p><p>E. Di Caro, <em>Le Madri della Costituzione<\/em>, Il Sole24ore, Milano, 2021<\/p><p>L. Elia \u2013 P. Scoppola (a cura di), <em>A colloquio con Dossetti e Lazzati<\/em>, il Mulino, Bologna, 2003<\/p><p>P. Nenni, <em>Il Ministero per la Costituente<\/em>, e C. Caristia, <em>Cronache costituzionali<\/em>, entrambi in <em>La Costituente e la democrazia italiana, Studi per il ventesimo anniversario dell\u2019Assemblea Costituente, 1<\/em>, Vallecchi, Firenze, 1969<\/p><p>M. Ruini, <em>Come io pensavo la nostra costituzione<\/em>, in <em>Nuova Antologia<\/em>, agosto 1947<\/p><p>M. Ruini, <em>Come si \u00e8 formata la Costituzione<\/em>, Giuffr\u00e8, Milano, 1961<\/p><p>M. Ruini, <em>Prefazione<\/em>, in <em>Raccolta di scritti sulla Costituzione. IV. I precedenti storici della Costituzione (studi e lavori preparatori)<\/em>, Giuffr\u00e8, Milano, 1958<\/p><p>U. Terracini, <em>Come nacque la Costituzione<\/em>, Editori Riuniti, Roma, 1978<\/p><\/div>\t\t\t\t\t\t\t\t<\/div>\n\t\t\t\t<\/div>\n\t\t\t\t\t<\/div>\n\t\t<\/div>\n\t\t\t\t\t<\/div>\n\t\t<\/section>\n\t\t\t\t<div class=\"elementor-element elementor-element-66f0ba7 elementor-align-right elementor-widget elementor-widget-button\" data-id=\"66f0ba7\" data-element_type=\"widget\" data-widget_type=\"button.default\">\n\t\t\t\t<div class=\"elementor-widget-container\">\n\t\t\t\t\t\t\t\t\t<div class=\"elementor-button-wrapper\">\n\t\t\t\t\t<a class=\"elementor-button elementor-button-link elementor-size-sm\" href=\"https:\/\/comenascelacostituzione.it\/?page_id=7708\">\n\t\t\t\t\t\t<span class=\"elementor-button-content-wrapper\">\n\t\t\t\t\t\t<span class=\"elementor-button-icon\">\n\t\t\t\t<i aria-hidden=\"true\" class=\"fas fa-arrow-right\"><\/i>\t\t\t<\/span>\n\t\t\t\t\t\t\t\t\t<span class=\"elementor-button-text\">Prefazione<\/span>\n\t\t\t\t\t<\/span>\n\t\t\t\t\t<\/a>\n\t\t\t\t<\/div>\n\t\t\t\t\t\t\t\t<\/div>\n\t\t\t\t<\/div>\n\t\t\t\t\t<\/div>\n\t\t<\/div>\n\t\t\t\t\t<\/div>\n\t\t<\/section>\n\t\t\t\t\t<\/div>\n\t\t<\/div>\n\t\t\t\t\t<\/div>\n\t\t<\/section>\n\t\t\t\t<\/div>\n\t\t","protected":false},"excerpt":{"rendered":"<p>Elisabetta Lamarque Per saperne di pi\u00f9 U. Allegretti, Storia costituzionale italiana, il Mulino, Bologna, 2014 A. Barbera, La Costituzione della repubblica italiana, in Enciclopedia del diritto, Annali VIII, Giuffr\u00e8, Milano, 2015 B. Barbisan, La pi\u00f9 bella del mondo? Leggibilit\u00e0 e concretezza della Costituzione italiana, in Rivista Aic, n. 2\/2022, all\u2019indirizzo https:\/\/www.rivistaaic.it\/images\/rivista\/pdf\/2_2022_07_Barbisan.pdf E. Bettinelli, \u201cAgli scoraggiati [&hellip;]<\/p>\n","protected":false},"author":1,"featured_media":0,"parent":0,"menu_order":0,"comment_status":"closed","ping_status":"closed","template":"elementor_header_footer","meta":{"_relevanssi_hide_post":"","_relevanssi_hide_content":"","_relevanssi_pin_for_all":"","_relevanssi_pin_keywords":"","_relevanssi_unpin_keywords":"","_relevanssi_related_keywords":"","_relevanssi_related_include_ids":"","_relevanssi_related_exclude_ids":"","_relevanssi_related_no_append":"","_relevanssi_related_not_related":"","_relevanssi_related_posts":"511,331,2199,2552,328,1993","_relevanssi_noindex_reason":"","_monsterinsights_skip_tracking":false,"_monsterinsights_sitenote_active":false,"_monsterinsights_sitenote_note":"","_monsterinsights_sitenote_category":0,"footnotes":""},"folder":[140],"class_list":["post-9512","page","type-page","status-publish","hentry"],"aioseo_notices":[],"_links":{"self":[{"href":"https:\/\/comenascelacostituzione.it\/index.php?rest_route=\/wp\/v2\/pages\/9512","targetHints":{"allow":["GET"]}}],"collection":[{"href":"https:\/\/comenascelacostituzione.it\/index.php?rest_route=\/wp\/v2\/pages"}],"about":[{"href":"https:\/\/comenascelacostituzione.it\/index.php?rest_route=\/wp\/v2\/types\/page"}],"author":[{"embeddable":true,"href":"https:\/\/comenascelacostituzione.it\/index.php?rest_route=\/wp\/v2\/users\/1"}],"replies":[{"embeddable":true,"href":"https:\/\/comenascelacostituzione.it\/index.php?rest_route=%2Fwp%2Fv2%2Fcomments&post=9512"}],"version-history":[{"count":22,"href":"https:\/\/comenascelacostituzione.it\/index.php?rest_route=\/wp\/v2\/pages\/9512\/revisions"}],"predecessor-version":[{"id":9972,"href":"https:\/\/comenascelacostituzione.it\/index.php?rest_route=\/wp\/v2\/pages\/9512\/revisions\/9972"}],"wp:attachment":[{"href":"https:\/\/comenascelacostituzione.it\/index.php?rest_route=%2Fwp%2Fv2%2Fmedia&parent=9512"}],"wp:term":[{"taxonomy":"folder","embeddable":true,"href":"https:\/\/comenascelacostituzione.it\/index.php?rest_route=%2Fwp%2Fv2%2Ffolder&post=9512"}],"curies":[{"name":"wp","href":"https:\/\/api.w.org\/{rel}","templated":true}]}}