{"id":4619,"date":"2023-10-09T14:32:23","date_gmt":"2023-10-09T12:32:23","guid":{"rendered":"https:\/\/comenascelacostituzione.it\/?page_id=4619"},"modified":"2023-10-19T12:55:26","modified_gmt":"2023-10-19T10:55:26","slug":"sandro-staiano-cv","status":"publish","type":"page","link":"https:\/\/comenascelacostituzione.it\/?page_id=4619","title":{"rendered":"Sandro Staiano CV"},"content":{"rendered":"\t\t<div data-elementor-type=\"wp-page\" data-elementor-id=\"4619\" class=\"elementor elementor-4619\" data-elementor-post-type=\"page\">\n\t\t\t\t\t\t<section class=\"elementor-section elementor-top-section elementor-element elementor-element-427fff19 elementor-section-content-middle elementor-section-boxed elementor-section-height-default elementor-section-height-default\" data-id=\"427fff19\" data-element_type=\"section\" data-settings=\"{&quot;background_background&quot;:&quot;classic&quot;}\">\n\t\t\t\t\t\t\t<div class=\"elementor-background-overlay\"><\/div>\n\t\t\t\t\t\t\t<div class=\"elementor-container elementor-column-gap-default\">\n\t\t\t\t\t<div class=\"elementor-column elementor-col-100 elementor-top-column elementor-element elementor-element-56758138\" data-id=\"56758138\" data-element_type=\"column\">\n\t\t\t<div class=\"elementor-widget-wrap elementor-element-populated\">\n\t\t\t\t\t<div class=\"elementor-background-overlay\"><\/div>\n\t\t\t\t\t\t<section class=\"elementor-section elementor-inner-section elementor-element elementor-element-4d2c6ce3 elementor-section-boxed elementor-section-height-default elementor-section-height-default\" data-id=\"4d2c6ce3\" data-element_type=\"section\">\n\t\t\t\t\t\t<div class=\"elementor-container elementor-column-gap-default\">\n\t\t\t\t\t<div class=\"elementor-column elementor-col-100 elementor-inner-column elementor-element elementor-element-6de60e7a\" data-id=\"6de60e7a\" data-element_type=\"column\">\n\t\t\t<div class=\"elementor-widget-wrap elementor-element-populated\">\n\t\t\t\t\t\t<div class=\"elementor-element elementor-element-1f26bdbd elementor-widget__width-initial elementor-widget elementor-widget-spacer\" data-id=\"1f26bdbd\" data-element_type=\"widget\" data-widget_type=\"spacer.default\">\n\t\t\t\t<div class=\"elementor-widget-container\">\n\t\t\t\t\t\t\t<div class=\"elementor-spacer\">\n\t\t\t<div class=\"elementor-spacer-inner\"><\/div>\n\t\t<\/div>\n\t\t\t\t\t\t<\/div>\n\t\t\t\t<\/div>\n\t\t\t\t<div class=\"elementor-element elementor-element-5e400271 elementor-widget elementor-widget-heading\" data-id=\"5e400271\" data-element_type=\"widget\" data-widget_type=\"heading.default\">\n\t\t\t\t<div class=\"elementor-widget-container\">\n\t\t\t\t\t<h1 class=\"elementor-heading-title elementor-size-default\">Sandro Staiano<\/h1>\t\t\t\t<\/div>\n\t\t\t\t<\/div>\n\t\t\t\t\t<\/div>\n\t\t<\/div>\n\t\t\t\t\t<\/div>\n\t\t<\/section>\n\t\t\t\t\t<\/div>\n\t\t<\/div>\n\t\t\t\t\t<\/div>\n\t\t<\/section>\n\t\t\t\t<section class=\"elementor-section elementor-top-section elementor-element elementor-element-a99fa06 elementor-section-content-middle elementor-section-boxed elementor-section-height-default elementor-section-height-default\" data-id=\"a99fa06\" data-element_type=\"section\" data-settings=\"{&quot;background_background&quot;:&quot;classic&quot;}\">\n\t\t\t\t\t\t<div class=\"elementor-container elementor-column-gap-default\">\n\t\t\t\t\t<div class=\"elementor-column elementor-col-100 elementor-top-column elementor-element elementor-element-20a7e6f1\" data-id=\"20a7e6f1\" data-element_type=\"column\">\n\t\t\t<div class=\"elementor-widget-wrap elementor-element-populated\">\n\t\t\t\t\t<div class=\"elementor-background-overlay\"><\/div>\n\t\t\t\t\t\t<section class=\"elementor-section elementor-inner-section elementor-element elementor-element-468e67bd elementor-section-boxed elementor-section-height-default elementor-section-height-default\" data-id=\"468e67bd\" data-element_type=\"section\">\n\t\t\t\t\t\t<div class=\"elementor-container elementor-column-gap-wider\">\n\t\t\t\t\t<div class=\"elementor-column elementor-col-100 elementor-inner-column elementor-element elementor-element-1d496f97\" data-id=\"1d496f97\" data-element_type=\"column\">\n\t\t\t<div class=\"elementor-widget-wrap elementor-element-populated\">\n\t\t\t\t\t\t<section class=\"elementor-section elementor-inner-section elementor-element elementor-element-a9ebaee elementor-section-full_width elementor-section-height-default elementor-section-height-default elementor-invisible\" data-id=\"a9ebaee\" data-element_type=\"section\" data-settings=\"{&quot;animation&quot;:&quot;fadeIn&quot;}\">\n\t\t\t\t\t\t<div class=\"elementor-container elementor-column-gap-default\">\n\t\t\t\t\t<div class=\"elementor-column elementor-col-100 elementor-inner-column elementor-element elementor-element-73cd59a\" data-id=\"73cd59a\" data-element_type=\"column\">\n\t\t\t<div class=\"elementor-widget-wrap elementor-element-populated\">\n\t\t\t\t\t\t<div class=\"elementor-element elementor-element-717d49d4 elementor-widget__width-initial elementor-widget elementor-widget-testimonial\" data-id=\"717d49d4\" data-element_type=\"widget\" data-widget_type=\"testimonial.default\">\n\t\t\t\t<div class=\"elementor-widget-container\">\n\t\t\t\t\t\t\t<div class=\"elementor-testimonial-wrapper\">\n\t\t\t\t\t\t\t<div class=\"elementor-testimonial-content\"><div style=\"text-align: justify;\">\nSandro Staiano \u00e8 professore ordinario di Diritto costituzionale nel Dipartimento di Giurisprudenza dell'Universit\u00e0 di Napoli Federico II, di cui \u00e8 Direttore dal 1\u00b0 gennaio 2019.<br>\n\u00c8 Presidente dell\u2019Associazione Italiana dei Costituzionalisti (AIC); e, nella qualit\u00e0, direttore responsabile della Rivista AIC e dell\u2019Osservatorio AIC.<br>\n\u00c8 Presidente dell\u2019Osservatorio sul regionalismo differenziato, istituito nel 2019 presso il Dipartimento di Giurisprudenza dell\u2019Ateneo fridericiano.<br>\n\u00c8 Presidente della Fondazione FormAP - Formazione e Aggiornamento Amministrazioni Pubbliche \u2013 costituita, ai sensi dell\u2019art. 28 della legge n. 240 del 2010, su impulso delle Universit\u00e0 di Napoli Federico II (capofila), Sapienza di Roma, di Palermo, di Foggia e della Calabria, nonch\u00e9 della Regione Campania e della Regione Puglia. <br>\nFa parte della Direzione della rivista telematica <em>Federalismi.it<\/em>., ed \u00e8 presidente del comitato scientifico della collana <em>Studi di Federalismi.it<\/em>.<br>\nFa parte del comitato scientifico delle riviste <em>Lo Stato<\/em>, <em>Diritto costituzionale<\/em>, e delle collane <em>Studi di Diritto Pubblico<\/em>, <em>Profili di Innovazione<\/em> e <em>lecostituzionaliste<\/em>.<br>\nA partire dal XXIX ciclo, \u00e8 componente del collegio dei docenti del Dottorato in Diritto dell\u2019economia dell\u2019Universit\u00e0 Federico II, e, dal XXXIX ciclo, anche del collegio dei docenti del Dottorato nazionale in Immagine, linguaggio, figura: forme e modi della mediazione presso l\u2019Universit\u00e0 di Milano.<br>\n\u00c8 stato componente della Commissione con compiti di studio, supporto, consulenza e analisi sui temi dell\u2019Autonomia differenziata, ai fini dell\u2019attuazione dell\u2019art. 116, comma terzo, della Costituzione (cd. Commissione Boccia), istituita con dm del 3 dicembre 2019. <br>\nDal 2003 al 2014 \u00e8 stato coordinatore del Dottorato di ricerca in Diritto ed Economia (Istituto Italiano di Scienze Umane-Scuola Normale Superiore), nel cui ambito ha curato la pubblicazione dei \"Quaderni\".<br>\nHa pubblicato numerosi lavori sui principali temi di diritto pubblico e costituzionale considerati nel dibattito scientifico: teoria delle fonti del diritto (occupandosi in particolare di delegazione legislativa, di potest\u00e0 legislativa delle Regioni, di statuti comunali, di legislazione periodica); ordinamenti autonomistici; processo federativo europeo; giustizia costituzionale; garanzia dei diritti fondamentali in rapporto alla legislazione \"emergenziale\" di contrasto alla criminalit\u00e0 terroristica e mafiosa; revisione costituzionale; sussidiariet\u00e0; migrazioni e cittadinanza; servizi pubblici locali; regolazione giuridica dei processi economici; diritto all\u2019acqua; giurisdizioni; teorie dell\u2019interpretazione; produzione giurisprudenziale del diritto; forma di governo; autonomia differenziata.\n\n\n\n\n<\/div>\n\n<\/div>\n\t\t\t\n\t\t\t\t\t<\/div>\n\t\t\t\t\t\t<\/div>\n\t\t\t\t<\/div>\n\t\t\t\t\t<\/div>\n\t\t<\/div>\n\t\t\t\t\t<\/div>\n\t\t<\/section>\n\t\t\t\t\t<\/div>\n\t\t<\/div>\n\t\t\t\t\t<\/div>\n\t\t<\/section>\n\t\t\t\t\t<\/div>\n\t\t<\/div>\n\t\t\t\t\t<\/div>\n\t\t<\/section>\n\t\t\t\t<\/div>\n\t\t","protected":false},"excerpt":{"rendered":"<p>Sandro Staiano Sandro Staiano \u00e8 professore ordinario di Diritto costituzionale nel Dipartimento di Giurisprudenza dell&#8217;Universit\u00e0 di Napoli Federico II, di cui \u00e8 Direttore dal 1\u00b0 gennaio 2019. \u00c8 Presidente dell\u2019Associazione Italiana dei Costituzionalisti (AIC); e, nella qualit\u00e0, direttore responsabile della Rivista AIC e dell\u2019Osservatorio AIC. \u00c8 Presidente dell\u2019Osservatorio sul regionalismo differenziato, istituito nel 2019 presso [&hellip;]<\/p>\n","protected":false},"author":1,"featured_media":0,"parent":0,"menu_order":0,"comment_status":"closed","ping_status":"closed","template":"elementor_header_footer","meta":{"_relevanssi_hide_post":"","_relevanssi_hide_content":"","_relevanssi_pin_for_all":"","_relevanssi_pin_keywords":"","_relevanssi_unpin_keywords":"","_relevanssi_related_keywords":"","_relevanssi_related_include_ids":"","_relevanssi_related_exclude_ids":"","_relevanssi_related_no_append":"","_relevanssi_related_not_related":"","_relevanssi_related_posts":"","_relevanssi_noindex_reason":"","_monsterinsights_skip_tracking":false,"_monsterinsights_sitenote_active":false,"_monsterinsights_sitenote_note":"","_monsterinsights_sitenote_category":0,"footnotes":""},"folder":[68],"class_list":["post-4619","page","type-page","status-publish","hentry"],"aioseo_notices":[],"_links":{"self":[{"href":"https:\/\/comenascelacostituzione.it\/index.php?rest_route=\/wp\/v2\/pages\/4619","targetHints":{"allow":["GET"]}}],"collection":[{"href":"https:\/\/comenascelacostituzione.it\/index.php?rest_route=\/wp\/v2\/pages"}],"about":[{"href":"https:\/\/comenascelacostituzione.it\/index.php?rest_route=\/wp\/v2\/types\/page"}],"author":[{"embeddable":true,"href":"https:\/\/comenascelacostituzione.it\/index.php?rest_route=\/wp\/v2\/users\/1"}],"replies":[{"embeddable":true,"href":"https:\/\/comenascelacostituzione.it\/index.php?rest_route=%2Fwp%2Fv2%2Fcomments&post=4619"}],"version-history":[{"count":10,"href":"https:\/\/comenascelacostituzione.it\/index.php?rest_route=\/wp\/v2\/pages\/4619\/revisions"}],"predecessor-version":[{"id":5873,"href":"https:\/\/comenascelacostituzione.it\/index.php?rest_route=\/wp\/v2\/pages\/4619\/revisions\/5873"}],"wp:attachment":[{"href":"https:\/\/comenascelacostituzione.it\/index.php?rest_route=%2Fwp%2Fv2%2Fmedia&parent=4619"}],"wp:term":[{"taxonomy":"folder","embeddable":true,"href":"https:\/\/comenascelacostituzione.it\/index.php?rest_route=%2Fwp%2Fv2%2Ffolder&post=4619"}],"curies":[{"name":"wp","href":"https:\/\/api.w.org\/{rel}","templated":true}]}}