{"id":4495,"date":"2023-10-08T21:39:24","date_gmt":"2023-10-08T19:39:24","guid":{"rendered":"https:\/\/comenascelacostituzione.it\/?page_id=4495"},"modified":"2023-10-23T22:36:02","modified_gmt":"2023-10-23T20:36:02","slug":"art-32","status":"publish","type":"page","link":"https:\/\/comenascelacostituzione.it\/?page_id=4495","title":{"rendered":"Art. 32"},"content":{"rendered":"\t\t<div data-elementor-type=\"wp-page\" data-elementor-id=\"4495\" class=\"elementor elementor-4495\" data-elementor-post-type=\"page\">\n\t\t\t\t\t\t<section class=\"elementor-section elementor-top-section elementor-element elementor-element-427fff19 elementor-section-content-middle elementor-section-boxed elementor-section-height-default elementor-section-height-default\" data-id=\"427fff19\" data-element_type=\"section\" data-settings=\"{&quot;background_background&quot;:&quot;classic&quot;}\">\n\t\t\t\t\t\t\t<div class=\"elementor-background-overlay\"><\/div>\n\t\t\t\t\t\t\t<div class=\"elementor-container elementor-column-gap-default\">\n\t\t\t\t\t<div class=\"elementor-column elementor-col-100 elementor-top-column elementor-element elementor-element-56758138\" data-id=\"56758138\" data-element_type=\"column\">\n\t\t\t<div class=\"elementor-widget-wrap elementor-element-populated\">\n\t\t\t\t\t<div class=\"elementor-background-overlay\"><\/div>\n\t\t\t\t\t\t<div class=\"elementor-element elementor-element-73c4b0b animated-slow elementor-invisible elementor-widget elementor-widget-heading\" data-id=\"73c4b0b\" data-element_type=\"widget\" data-settings=\"{&quot;_animation&quot;:&quot;fadeIn&quot;}\" data-widget_type=\"heading.default\">\n\t\t\t\t<div class=\"elementor-widget-container\">\n\t\t\t\t\t<h2 class=\"elementor-heading-title elementor-size-default\">Art. 32<\/h2>\t\t\t\t<\/div>\n\t\t\t\t<\/div>\n\t\t\t\t\t<\/div>\n\t\t<\/div>\n\t\t\t\t\t<\/div>\n\t\t<\/section>\n\t\t\t\t<section class=\"elementor-section elementor-top-section elementor-element elementor-element-e3cdcd4 elementor-section-boxed elementor-section-height-default elementor-section-height-default\" data-id=\"e3cdcd4\" data-element_type=\"section\" data-settings=\"{&quot;background_background&quot;:&quot;classic&quot;}\">\n\t\t\t\t\t\t<div class=\"elementor-container elementor-column-gap-default\">\n\t\t\t\t\t<div class=\"elementor-column elementor-col-100 elementor-top-column elementor-element elementor-element-ea0e593\" data-id=\"ea0e593\" data-element_type=\"column\" data-settings=\"{&quot;background_background&quot;:&quot;classic&quot;}\">\n\t\t\t<div class=\"elementor-widget-wrap elementor-element-populated\">\n\t\t\t\t\t\t<div class=\"elementor-element elementor-element-3cbbccf elementor-widget__width-initial animated-slow elementor-invisible elementor-widget elementor-widget-text-editor\" data-id=\"3cbbccf\" data-element_type=\"widget\" data-settings=\"{&quot;motion_fx_motion_fx_scrolling&quot;:&quot;yes&quot;,&quot;motion_fx_translateY_effect&quot;:&quot;yes&quot;,&quot;motion_fx_translateY_direction&quot;:&quot;negative&quot;,&quot;motion_fx_translateY_speed&quot;:{&quot;unit&quot;:&quot;px&quot;,&quot;size&quot;:0,&quot;sizes&quot;:[]},&quot;motion_fx_translateY_affectedRange&quot;:{&quot;unit&quot;:&quot;%&quot;,&quot;size&quot;:&quot;&quot;,&quot;sizes&quot;:{&quot;start&quot;:46,&quot;end&quot;:100}},&quot;_animation&quot;:&quot;fadeInDown&quot;,&quot;motion_fx_devices&quot;:[&quot;desktop&quot;,&quot;tablet&quot;,&quot;mobile&quot;]}\" data-widget_type=\"text-editor.default\">\n\t\t\t\t<div class=\"elementor-widget-container\">\n\t\t\t\t\t\t\t\t\t<div style=\"text-align: justify;\">La Repubblica tutela la salute come fondamentale diritto dell\u2019individuo e interesse della collettivit\u00e0, e garantisce cure gratuite agli indigenti.<br \/>Nessuno pu\u00f2 essere obbligato a un determinato trattamento sanitario se non per disposizione di legge. La legge non pu\u00f2 in nessun caso violare i limiti imposti dal rispetto della persona umana.<\/div>\t\t\t\t\t\t\t\t<\/div>\n\t\t\t\t<\/div>\n\t\t\t\t\t<\/div>\n\t\t<\/div>\n\t\t\t\t\t<\/div>\n\t\t<\/section>\n\t\t\t\t<section class=\"elementor-section elementor-top-section elementor-element elementor-element-a99fa06 elementor-section-content-middle elementor-section-boxed elementor-section-height-default elementor-section-height-default\" data-id=\"a99fa06\" data-element_type=\"section\" data-settings=\"{&quot;background_background&quot;:&quot;classic&quot;}\">\n\t\t\t\t\t\t<div class=\"elementor-container elementor-column-gap-default\">\n\t\t\t\t\t<div class=\"elementor-column elementor-col-100 elementor-top-column elementor-element elementor-element-20a7e6f1\" data-id=\"20a7e6f1\" data-element_type=\"column\">\n\t\t\t<div class=\"elementor-widget-wrap elementor-element-populated\">\n\t\t\t\t\t<div class=\"elementor-background-overlay\"><\/div>\n\t\t\t\t\t\t<div class=\"elementor-element elementor-element-24719ee animated-slow elementor-invisible elementor-widget elementor-widget-toggle\" data-id=\"24719ee\" data-element_type=\"widget\" data-settings=\"{&quot;_animation&quot;:&quot;fadeInDown&quot;}\" data-widget_type=\"toggle.default\">\n\t\t\t\t<div class=\"elementor-widget-container\">\n\t\t\t\t\t\t\t<div class=\"elementor-toggle\">\n\t\t\t\t\t\t\t<div class=\"elementor-toggle-item\">\n\t\t\t\t\t<div id=\"elementor-tab-title-3821\" class=\"elementor-tab-title\" data-tab=\"1\" role=\"button\" aria-controls=\"elementor-tab-content-3821\" aria-expanded=\"false\">\n\t\t\t\t\t\t\t\t\t\t\t\t<span class=\"elementor-toggle-icon elementor-toggle-icon-left\" aria-hidden=\"true\">\n\t\t\t\t\t\t\t\t\t\t\t\t\t\t\t<span class=\"elementor-toggle-icon-closed\"><i class=\"fas fa-caret-right\"><\/i><\/span>\n\t\t\t\t\t\t\t\t<span class=\"elementor-toggle-icon-opened\"><i class=\"elementor-toggle-icon-opened fas fa-caret-up\"><\/i><\/span>\n\t\t\t\t\t\t\t\t\t\t\t\t\t<\/span>\n\t\t\t\t\t\t\t\t\t\t\t\t<a class=\"elementor-toggle-title\" tabindex=\"0\">Testo originario del 1\u00b0 gennaio 1948 <\/a>\n\t\t\t\t\t<\/div>\n\n\t\t\t\t\t<div id=\"elementor-tab-content-3821\" class=\"elementor-tab-content elementor-clearfix\" data-tab=\"1\" role=\"region\" aria-labelledby=\"elementor-tab-title-3821\"><div style=\"text-align: justify;\"><p>La Repubblica tutela la salute come fondamentale diritto dell\u2019individuo e interesse della collettivit\u00e0, e garantisce cure gratuite agli indigenti.<br \/>Nessuno pu\u00f2 essere obbligato a un determinato trattamento sanitario se non per disposizione di legge. la legge non pu\u00f2 in nessun caso violare i limiti imposti dal rispetto della persona umana.<\/p><\/div><\/div>\n\t\t\t\t<\/div>\n\t\t\t\t\t\t\t\t\t\t<script type=\"application\/ld+json\">{\"@context\":\"https:\\\/\\\/schema.org\",\"@type\":\"FAQPage\",\"mainEntity\":[{\"@type\":\"Question\",\"name\":\"Testo originario del 1\\u00b0 gennaio 1948\",\"acceptedAnswer\":{\"@type\":\"Answer\",\"text\":\"<div style=\\\"text-align: justify;\\\"><p>La Repubblica tutela la salute come fondamentale diritto dell\\u2019individuo e interesse della collettivit\\u00e0, e garantisce cure gratuite agli indigenti.<br \\\/>Nessuno pu\\u00f2 essere obbligato a un determinato trattamento sanitario se non per disposizione di legge. la legge non pu\\u00f2 in nessun caso violare i limiti imposti dal rispetto della persona umana.<\\\/p><\\\/div>\"}}]}<\/script>\n\t\t\t\t\t<\/div>\n\t\t\t\t\t\t<\/div>\n\t\t\t\t<\/div>\n\t\t\t\t<div class=\"elementor-element elementor-element-08d2475 animated-slow elementor-invisible elementor-widget elementor-widget-toggle\" data-id=\"08d2475\" data-element_type=\"widget\" data-settings=\"{&quot;_animation&quot;:&quot;fadeInDown&quot;}\" data-widget_type=\"toggle.default\">\n\t\t\t\t<div class=\"elementor-widget-container\">\n\t\t\t\t\t\t\t<div class=\"elementor-toggle\">\n\t\t\t\t\t\t\t<div class=\"elementor-toggle-item\">\n\t\t\t\t\t<div id=\"elementor-tab-title-9241\" class=\"elementor-tab-title\" data-tab=\"1\" role=\"button\" aria-controls=\"elementor-tab-content-9241\" aria-expanded=\"false\">\n\t\t\t\t\t\t\t\t\t\t\t\t<span class=\"elementor-toggle-icon elementor-toggle-icon-left\" aria-hidden=\"true\">\n\t\t\t\t\t\t\t\t\t\t\t\t\t\t\t<span class=\"elementor-toggle-icon-closed\"><i class=\"fas fa-caret-right\"><\/i><\/span>\n\t\t\t\t\t\t\t\t<span class=\"elementor-toggle-icon-opened\"><i class=\"elementor-toggle-icon-opened fas fa-caret-up\"><\/i><\/span>\n\t\t\t\t\t\t\t\t\t\t\t\t\t<\/span>\n\t\t\t\t\t\t\t\t\t\t\t\t<a class=\"elementor-toggle-title\" tabindex=\"0\">Evoluzione dalla Commissione dei 75 a oggi<\/a>\n\t\t\t\t\t<\/div>\n\n\t\t\t\t\t<div id=\"elementor-tab-content-9241\" class=\"elementor-tab-content elementor-clearfix\" data-tab=\"1\" role=\"region\" aria-labelledby=\"elementor-tab-title-9241\"><div style=\"text-align: justify;\"><p><strong>Testo della Commissione dei 75<\/strong><br \/><strong>Gi\u00e0 art. 26<\/strong><br \/>La Repubblica tutela la salute, promuove l\u2019igiene e garantisce cure gratuite agli indigenti.<br \/>Nessun trattamento sanitario pu\u00f2 essere reso obbligatorio se non per legge. Sono vietate le pratiche sanitarie lesive della dignit\u00e0 umana.<\/p><p><strong>Emendamenti approvati dall\u2019Assemblea Costituente<\/strong><br \/>Sostituire con il seguente:<br \/>\u201cLa Repubblica tutela la salute, come un fondamentale diritto dell\u2019individuo e come un generale interesse della collettivit\u00e0.<br \/>Lo Stato assolve tale compito attraverso istituzioni coordinate intorno ad un unico organo centrale ed autonomo.<br \/>Nessuno pu\u00f2 essere obbligato ad un determinato trattamento sanitario se non per disposizione di legge, la quale inoltre garantisce il rapporto di fiducia fra medico ed ammalato\u201d.<br \/>CARONIA (DC); MERIGHI (PSI); MAFFI (PCI); LETTIERI, COTELESSA (DC); SPALLICCI (PRI); FORNARA (PSI); BORSELLINO (DC); COPPA EZIO, CAPUA (UQ); DEL CURTO, MARCONI, DE MARIA (DC); MARTINO GAETANO (PLI).<br \/><em>Nel corso del dibattito il deputato Merighi ritir\u00f2 la propria firma<\/em>.<br \/><em>Parzialmente approvato; parzialmente ritirato<\/em>.<br \/>Sostituire la seconda parte del terzo comma dell\u2019emendamento Caronia con la seguente: \u201cla quale, per\u00f2, non pu\u00f2 violare i limiti imposti dal rispetto della personalit\u00e0 umana\u201d.<br \/>LEONE GIOVANNI (DC).<\/p><p><strong>Testo della Costituzione approvato dall\u2019Assemblea Costituente<\/strong><br \/>La Repubblica tutela la salute come fondamentale diritto dell\u2019individuo e interesse della collettivit\u00e0, e garantisce cure gratuite agli indigenti.<br \/>Nessuno pu\u00f2 essere obbligato a un determinato trattamento sanitario se non per disposizione di legge. la legge non pu\u00f2 in nessun caso violare i limiti imposti dal rispetto della persona umana.<br \/><a href=\"https:\/\/comenascelacostituzione.it\/?p=1816\">24\/04\/1947<\/a><br \/><em>discussione generale:<\/em><br \/><a href=\"https:\/\/comenascelacostituzione.it\/?p=1790\">15\/04\/1947 Pomeridiana<\/a><br \/><a href=\"https:\/\/comenascelacostituzione.it\/?p=1794\">17\/04\/1947 Antimeridiana<\/a><a href=\"https:\/\/comenascelacostituzione.it\/?p=1773\"><br \/><\/a><a href=\"https:\/\/comenascelacostituzione.it\/?p=1796\">17\/04\/1947 Pomeridiana<\/a><br \/><a href=\"https:\/\/comenascelacostituzione.it\/?p=1798\">18\/04\/1947 Antimeridiana<\/a><a href=\"https:\/\/comenascelacostituzione.it\/?p=1773\"><br \/><\/a><a href=\"https:\/\/comenascelacostituzione.it\/?p=1800\">18\/04\/1947 Pomeridiana<\/a><br \/><a href=\"https:\/\/comenascelacostituzione.it\/?p=1804\">19\/04\/1947 Pomeridiana<\/a><br \/><a href=\"https:\/\/comenascelacostituzione.it\/?p=1806\">21\/04\/1947 Antimeridiana<\/a><a href=\"https:\/\/comenascelacostituzione.it\/?p=1773\"><br \/><\/a><a href=\"https:\/\/comenascelacostituzione.it\/?p=1808\">21\/04\/1947 Pomeridiana<\/a><br \/><a href=\"https:\/\/comenascelacostituzione.it\/?p=1810\">22\/04\/1947 Antimeridiana<\/a><a href=\"https:\/\/comenascelacostituzione.it\/?p=1773\"><br \/><\/a><a href=\"https:\/\/comenascelacostituzione.it\/?p=1812\">22\/04\/1947 Pomeridiana<\/a><\/p><p><strong>Leggi di modifica<\/strong><br \/>Nessuna.<\/p><\/div><\/div>\n\t\t\t\t<\/div>\n\t\t\t\t\t\t\t\t\t\t<script type=\"application\/ld+json\">{\"@context\":\"https:\\\/\\\/schema.org\",\"@type\":\"FAQPage\",\"mainEntity\":[{\"@type\":\"Question\",\"name\":\"Evoluzione dalla Commissione dei 75 a oggi\",\"acceptedAnswer\":{\"@type\":\"Answer\",\"text\":\"<div style=\\\"text-align: justify;\\\"><p><strong>Testo della Commissione dei 75<\\\/strong><br \\\/><strong>Gi\\u00e0 art. 26<\\\/strong><br \\\/>La Repubblica tutela la salute, promuove l\\u2019igiene e garantisce cure gratuite agli indigenti.<br \\\/>Nessun trattamento sanitario pu\\u00f2 essere reso obbligatorio se non per legge. Sono vietate le pratiche sanitarie lesive della dignit\\u00e0 umana.<\\\/p><p><strong>Emendamenti approvati dall\\u2019Assemblea Costituente<\\\/strong><br \\\/>Sostituire con il seguente:<br \\\/>\\u201cLa Repubblica tutela la salute, come un fondamentale diritto dell\\u2019individuo e come un generale interesse della collettivit\\u00e0.<br \\\/>Lo Stato assolve tale compito attraverso istituzioni coordinate intorno ad un unico organo centrale ed autonomo.<br \\\/>Nessuno pu\\u00f2 essere obbligato ad un determinato trattamento sanitario se non per disposizione di legge, la quale inoltre garantisce il rapporto di fiducia fra medico ed ammalato\\u201d.<br \\\/>CARONIA (DC); MERIGHI (PSI); MAFFI (PCI); LETTIERI, COTELESSA (DC); SPALLICCI (PRI); FORNARA (PSI); BORSELLINO (DC); COPPA EZIO, CAPUA (UQ); DEL CURTO, MARCONI, DE MARIA (DC); MARTINO GAETANO (PLI).<br \\\/><em>Nel corso del dibattito il deputato Merighi ritir\\u00f2 la propria firma<\\\/em>.<br \\\/><em>Parzialmente approvato; parzialmente ritirato<\\\/em>.<br \\\/>Sostituire la seconda parte del terzo comma dell\\u2019emendamento Caronia con la seguente: \\u201cla quale, per\\u00f2, non pu\\u00f2 violare i limiti imposti dal rispetto della personalit\\u00e0 umana\\u201d.<br \\\/>LEONE GIOVANNI (DC).<\\\/p><p><strong>Testo della Costituzione approvato dall\\u2019Assemblea Costituente<\\\/strong><br \\\/>La Repubblica tutela la salute come fondamentale diritto dell\\u2019individuo e interesse della collettivit\\u00e0, e garantisce cure gratuite agli indigenti.<br \\\/>Nessuno pu\\u00f2 essere obbligato a un determinato trattamento sanitario se non per disposizione di legge. la legge non pu\\u00f2 in nessun caso violare i limiti imposti dal rispetto della persona umana.<br \\\/><a href=\\\"https:\\\/\\\/comenascelacostituzione.it\\\/?p=1816\\\">24\\\/04\\\/1947<\\\/a><br \\\/><em>discussione generale:<\\\/em><br \\\/><a href=\\\"https:\\\/\\\/comenascelacostituzione.it\\\/?p=1790\\\">15\\\/04\\\/1947 Pomeridiana<\\\/a><br \\\/><a href=\\\"https:\\\/\\\/comenascelacostituzione.it\\\/?p=1794\\\">17\\\/04\\\/1947 Antimeridiana<\\\/a><a href=\\\"https:\\\/\\\/comenascelacostituzione.it\\\/?p=1773\\\"><br \\\/><\\\/a><a href=\\\"https:\\\/\\\/comenascelacostituzione.it\\\/?p=1796\\\">17\\\/04\\\/1947 Pomeridiana<\\\/a><br \\\/><a href=\\\"https:\\\/\\\/comenascelacostituzione.it\\\/?p=1798\\\">18\\\/04\\\/1947 Antimeridiana<\\\/a><a href=\\\"https:\\\/\\\/comenascelacostituzione.it\\\/?p=1773\\\"><br \\\/><\\\/a><a href=\\\"https:\\\/\\\/comenascelacostituzione.it\\\/?p=1800\\\">18\\\/04\\\/1947 Pomeridiana<\\\/a><br \\\/><a href=\\\"https:\\\/\\\/comenascelacostituzione.it\\\/?p=1804\\\">19\\\/04\\\/1947 Pomeridiana<\\\/a><br \\\/><a href=\\\"https:\\\/\\\/comenascelacostituzione.it\\\/?p=1806\\\">21\\\/04\\\/1947 Antimeridiana<\\\/a><a href=\\\"https:\\\/\\\/comenascelacostituzione.it\\\/?p=1773\\\"><br \\\/><\\\/a><a href=\\\"https:\\\/\\\/comenascelacostituzione.it\\\/?p=1808\\\">21\\\/04\\\/1947 Pomeridiana<\\\/a><br \\\/><a href=\\\"https:\\\/\\\/comenascelacostituzione.it\\\/?p=1810\\\">22\\\/04\\\/1947 Antimeridiana<\\\/a><a href=\\\"https:\\\/\\\/comenascelacostituzione.it\\\/?p=1773\\\"><br \\\/><\\\/a><a href=\\\"https:\\\/\\\/comenascelacostituzione.it\\\/?p=1812\\\">22\\\/04\\\/1947 Pomeridiana<\\\/a><\\\/p><p><strong>Leggi di modifica<\\\/strong><br \\\/>Nessuna.<\\\/p><\\\/div>\"}}]}<\/script>\n\t\t\t\t\t<\/div>\n\t\t\t\t\t\t<\/div>\n\t\t\t\t<\/div>\n\t\t\t\t<div class=\"elementor-element elementor-element-232a541 elementor-align-center elementor-widget elementor-widget-button\" data-id=\"232a541\" data-element_type=\"widget\" data-widget_type=\"button.default\">\n\t\t\t\t<div class=\"elementor-widget-container\">\n\t\t\t\t\t\t\t\t\t<div class=\"elementor-button-wrapper\">\n\t\t\t\t\t<a class=\"elementor-button elementor-button-link elementor-size-sm elementor-animation-push\" href=\"https:\/\/comenascelacostituzione.it\/?page_id=2562\">\n\t\t\t\t\t\t<span class=\"elementor-button-content-wrapper\">\n\t\t\t\t\t\t\t\t\t<span class=\"elementor-button-text\">Indietro<\/span>\n\t\t\t\t\t<\/span>\n\t\t\t\t\t<\/a>\n\t\t\t\t<\/div>\n\t\t\t\t\t\t\t\t<\/div>\n\t\t\t\t<\/div>\n\t\t\t\t\t<\/div>\n\t\t<\/div>\n\t\t\t\t\t<\/div>\n\t\t<\/section>\n\t\t\t\t<\/div>\n\t\t","protected":false},"excerpt":{"rendered":"<p>Art. 32 La Repubblica tutela la salute come fondamentale diritto dell\u2019individuo e interesse della collettivit\u00e0, e garantisce cure gratuite agli indigenti.Nessuno pu\u00f2 essere obbligato a un determinato trattamento sanitario se non per disposizione di legge. La legge non pu\u00f2 in nessun caso violare i limiti imposti dal rispetto della persona umana. Testo originario del 1\u00b0 [&hellip;]<\/p>\n","protected":false},"author":1,"featured_media":0,"parent":0,"menu_order":0,"comment_status":"closed","ping_status":"closed","template":"elementor_header_footer","meta":{"_relevanssi_hide_post":"","_relevanssi_hide_content":"","_relevanssi_pin_for_all":"","_relevanssi_pin_keywords":"","_relevanssi_unpin_keywords":"","_relevanssi_related_keywords":"","_relevanssi_related_include_ids":"","_relevanssi_related_exclude_ids":"","_relevanssi_related_no_append":"","_relevanssi_related_not_related":"","_relevanssi_related_posts":"5017,5892,2299,4875,1987,2247","_relevanssi_noindex_reason":"","_monsterinsights_skip_tracking":false,"_monsterinsights_sitenote_active":false,"_monsterinsights_sitenote_note":"","_monsterinsights_sitenote_category":0,"footnotes":""},"folder":[66],"class_list":["post-4495","page","type-page","status-publish","hentry"],"aioseo_notices":[],"_links":{"self":[{"href":"https:\/\/comenascelacostituzione.it\/index.php?rest_route=\/wp\/v2\/pages\/4495","targetHints":{"allow":["GET"]}}],"collection":[{"href":"https:\/\/comenascelacostituzione.it\/index.php?rest_route=\/wp\/v2\/pages"}],"about":[{"href":"https:\/\/comenascelacostituzione.it\/index.php?rest_route=\/wp\/v2\/types\/page"}],"author":[{"embeddable":true,"href":"https:\/\/comenascelacostituzione.it\/index.php?rest_route=\/wp\/v2\/users\/1"}],"replies":[{"embeddable":true,"href":"https:\/\/comenascelacostituzione.it\/index.php?rest_route=%2Fwp%2Fv2%2Fcomments&post=4495"}],"version-history":[{"count":10,"href":"https:\/\/comenascelacostituzione.it\/index.php?rest_route=\/wp\/v2\/pages\/4495\/revisions"}],"predecessor-version":[{"id":8123,"href":"https:\/\/comenascelacostituzione.it\/index.php?rest_route=\/wp\/v2\/pages\/4495\/revisions\/8123"}],"wp:attachment":[{"href":"https:\/\/comenascelacostituzione.it\/index.php?rest_route=%2Fwp%2Fv2%2Fmedia&parent=4495"}],"wp:term":[{"taxonomy":"folder","embeddable":true,"href":"https:\/\/comenascelacostituzione.it\/index.php?rest_route=%2Fwp%2Fv2%2Ffolder&post=4495"}],"curies":[{"name":"wp","href":"https:\/\/api.w.org\/{rel}","templated":true}]}}