{"id":4368,"date":"2023-10-08T16:15:31","date_gmt":"2023-10-08T14:15:31","guid":{"rendered":"https:\/\/comenascelacostituzione.it\/?page_id=4368"},"modified":"2023-10-23T21:27:07","modified_gmt":"2023-10-23T19:27:07","slug":"art-13","status":"publish","type":"page","link":"https:\/\/comenascelacostituzione.it\/?page_id=4368","title":{"rendered":"Art. 13"},"content":{"rendered":"\t\t<div data-elementor-type=\"wp-page\" data-elementor-id=\"4368\" class=\"elementor elementor-4368\" data-elementor-post-type=\"page\">\n\t\t\t\t\t\t<section class=\"elementor-section elementor-top-section elementor-element elementor-element-427fff19 elementor-section-content-middle elementor-section-boxed elementor-section-height-default elementor-section-height-default\" data-id=\"427fff19\" data-element_type=\"section\" data-settings=\"{&quot;background_background&quot;:&quot;classic&quot;}\">\n\t\t\t\t\t\t\t<div class=\"elementor-background-overlay\"><\/div>\n\t\t\t\t\t\t\t<div class=\"elementor-container elementor-column-gap-default\">\n\t\t\t\t\t<div class=\"elementor-column elementor-col-100 elementor-top-column elementor-element elementor-element-56758138\" data-id=\"56758138\" data-element_type=\"column\">\n\t\t\t<div class=\"elementor-widget-wrap elementor-element-populated\">\n\t\t\t\t\t<div class=\"elementor-background-overlay\"><\/div>\n\t\t\t\t\t\t<div class=\"elementor-element elementor-element-73c4b0b animated-slow elementor-invisible elementor-widget elementor-widget-heading\" data-id=\"73c4b0b\" data-element_type=\"widget\" data-settings=\"{&quot;_animation&quot;:&quot;fadeIn&quot;}\" data-widget_type=\"heading.default\">\n\t\t\t\t<div class=\"elementor-widget-container\">\n\t\t\t\t\t<h2 class=\"elementor-heading-title elementor-size-default\">Art. 13<\/h2>\t\t\t\t<\/div>\n\t\t\t\t<\/div>\n\t\t\t\t\t<\/div>\n\t\t<\/div>\n\t\t\t\t\t<\/div>\n\t\t<\/section>\n\t\t\t\t<section class=\"elementor-section elementor-top-section elementor-element elementor-element-e3cdcd4 elementor-section-boxed elementor-section-height-default elementor-section-height-default\" data-id=\"e3cdcd4\" data-element_type=\"section\" data-settings=\"{&quot;background_background&quot;:&quot;classic&quot;}\">\n\t\t\t\t\t\t<div class=\"elementor-container elementor-column-gap-default\">\n\t\t\t\t\t<div class=\"elementor-column elementor-col-100 elementor-top-column elementor-element elementor-element-ea0e593\" data-id=\"ea0e593\" data-element_type=\"column\" data-settings=\"{&quot;background_background&quot;:&quot;classic&quot;}\">\n\t\t\t<div class=\"elementor-widget-wrap elementor-element-populated\">\n\t\t\t\t\t\t<div class=\"elementor-element elementor-element-3cbbccf elementor-widget__width-initial animated-slow elementor-invisible elementor-widget elementor-widget-text-editor\" data-id=\"3cbbccf\" data-element_type=\"widget\" data-settings=\"{&quot;motion_fx_motion_fx_scrolling&quot;:&quot;yes&quot;,&quot;motion_fx_translateY_effect&quot;:&quot;yes&quot;,&quot;motion_fx_translateY_direction&quot;:&quot;negative&quot;,&quot;motion_fx_translateY_speed&quot;:{&quot;unit&quot;:&quot;px&quot;,&quot;size&quot;:0,&quot;sizes&quot;:[]},&quot;motion_fx_translateY_affectedRange&quot;:{&quot;unit&quot;:&quot;%&quot;,&quot;size&quot;:&quot;&quot;,&quot;sizes&quot;:{&quot;start&quot;:46,&quot;end&quot;:100}},&quot;_animation&quot;:&quot;fadeInDown&quot;,&quot;motion_fx_devices&quot;:[&quot;desktop&quot;,&quot;tablet&quot;,&quot;mobile&quot;]}\" data-widget_type=\"text-editor.default\">\n\t\t\t\t<div class=\"elementor-widget-container\">\n\t\t\t\t\t\t\t\t\t<div style=\"text-align: justify;\">La libert\u00e0 personale \u00e8 inviolabile.<br \/>Non \u00e8 ammessa forma alcuna di detenzione, di ispezione o perquisizione personale, n\u00e9 qualsiasi altra restrizione della libert\u00e0 personale, se non per atto motivato dell\u2019autorit\u00e0 giudiziaria e nei soli casi e modi previsti dalla legge.<br \/>In casi eccezionali di necessit\u00e0 ed urgenza, indicati tassativamente dalla legge, l\u2019autorit\u00e0 di pubblica sicurezza pu\u00f2 adottare provvedimenti provvisori, che devono essere comunicati entro quarantotto ore all\u2019autorit\u00e0 giudiziaria e,<br \/>se questa non li convalida nelle successive quarantotto ore, si intendono revocati e restano privi di ogni effetto.<br \/>\u00c8 punita ogni violenza fisica e morale sulle persone comunque sottoposte a restrizioni di libert\u00e0.<br \/>La legge stabilisce i limiti massimi della carcerazione preventiva.<\/div>\t\t\t\t\t\t\t\t<\/div>\n\t\t\t\t<\/div>\n\t\t\t\t\t<\/div>\n\t\t<\/div>\n\t\t\t\t\t<\/div>\n\t\t<\/section>\n\t\t\t\t<section class=\"elementor-section elementor-top-section elementor-element elementor-element-a99fa06 elementor-section-content-middle elementor-section-boxed elementor-section-height-default elementor-section-height-default\" data-id=\"a99fa06\" data-element_type=\"section\" data-settings=\"{&quot;background_background&quot;:&quot;classic&quot;}\">\n\t\t\t\t\t\t<div class=\"elementor-container elementor-column-gap-default\">\n\t\t\t\t\t<div class=\"elementor-column elementor-col-100 elementor-top-column elementor-element elementor-element-20a7e6f1\" data-id=\"20a7e6f1\" data-element_type=\"column\">\n\t\t\t<div class=\"elementor-widget-wrap elementor-element-populated\">\n\t\t\t\t\t<div class=\"elementor-background-overlay\"><\/div>\n\t\t\t\t\t\t<div class=\"elementor-element elementor-element-24719ee animated-slow elementor-invisible elementor-widget elementor-widget-toggle\" data-id=\"24719ee\" data-element_type=\"widget\" data-settings=\"{&quot;_animation&quot;:&quot;fadeInDown&quot;}\" data-widget_type=\"toggle.default\">\n\t\t\t\t<div class=\"elementor-widget-container\">\n\t\t\t\t\t\t\t<div class=\"elementor-toggle\">\n\t\t\t\t\t\t\t<div class=\"elementor-toggle-item\">\n\t\t\t\t\t<div id=\"elementor-tab-title-3821\" class=\"elementor-tab-title\" data-tab=\"1\" role=\"button\" aria-controls=\"elementor-tab-content-3821\" aria-expanded=\"false\">\n\t\t\t\t\t\t\t\t\t\t\t\t<span class=\"elementor-toggle-icon elementor-toggle-icon-left\" aria-hidden=\"true\">\n\t\t\t\t\t\t\t\t\t\t\t\t\t\t\t<span class=\"elementor-toggle-icon-closed\"><i class=\"fas fa-caret-right\"><\/i><\/span>\n\t\t\t\t\t\t\t\t<span class=\"elementor-toggle-icon-opened\"><i class=\"elementor-toggle-icon-opened fas fa-caret-up\"><\/i><\/span>\n\t\t\t\t\t\t\t\t\t\t\t\t\t<\/span>\n\t\t\t\t\t\t\t\t\t\t\t\t<a class=\"elementor-toggle-title\" tabindex=\"0\">Testo originario del 1\u00b0 gennaio 1948 <\/a>\n\t\t\t\t\t<\/div>\n\n\t\t\t\t\t<div id=\"elementor-tab-content-3821\" class=\"elementor-tab-content elementor-clearfix\" data-tab=\"1\" role=\"region\" aria-labelledby=\"elementor-tab-title-3821\"><div style=\"text-align: justify;\"><p>La libert\u00e0 personale \u00e8 inviolabile.<br \/>Non \u00e8 ammessa forma alcuna di detenzione, di ispezione o perquisizione personale, n\u00e9 qualsiasi altra restrizione della libert\u00e0 personale, se non per atto motivato dell\u2019autorit\u00e0 giudiziaria e nei soli casi e modi previsti dalla legge.<br \/>In casi eccezionali di necessit\u00e0 ed urgenza, indicati tassativamente dalla legge, l\u2019autorit\u00e0 di pubblica sicurezza pu\u00f2 adottare provvedimenti provvisori, che devono essere comunicati entro quarantotto ore all\u2019autorit\u00e0 giudiziaria e, se questa non li convalida nelle successive quarantotto ore, si intendono revocati e restano privi di ogni effetto.<br \/>\u00c8 punita ogni violenza fisica e morale sulle persone comunque sottoposte a restrizioni di libert\u00e0.<br \/>La legge stabilisce i limiti massimi della carcerazione preventiva.<\/p><\/div><\/div>\n\t\t\t\t<\/div>\n\t\t\t\t\t\t\t\t\t\t<script type=\"application\/ld+json\">{\"@context\":\"https:\\\/\\\/schema.org\",\"@type\":\"FAQPage\",\"mainEntity\":[{\"@type\":\"Question\",\"name\":\"Testo originario del 1\\u00b0 gennaio 1948\",\"acceptedAnswer\":{\"@type\":\"Answer\",\"text\":\"<div style=\\\"text-align: justify;\\\"><p>La libert\\u00e0 personale \\u00e8 inviolabile.<br \\\/>Non \\u00e8 ammessa forma alcuna di detenzione, di ispezione o perquisizione personale, n\\u00e9 qualsiasi altra restrizione della libert\\u00e0 personale, se non per atto motivato dell\\u2019autorit\\u00e0 giudiziaria e nei soli casi e modi previsti dalla legge.<br \\\/>In casi eccezionali di necessit\\u00e0 ed urgenza, indicati tassativamente dalla legge, l\\u2019autorit\\u00e0 di pubblica sicurezza pu\\u00f2 adottare provvedimenti provvisori, che devono essere comunicati entro quarantotto ore all\\u2019autorit\\u00e0 giudiziaria e, se questa non li convalida nelle successive quarantotto ore, si intendono revocati e restano privi di ogni effetto.<br \\\/>\\u00c8 punita ogni violenza fisica e morale sulle persone comunque sottoposte a restrizioni di libert\\u00e0.<br \\\/>La legge stabilisce i limiti massimi della carcerazione preventiva.<\\\/p><\\\/div>\"}}]}<\/script>\n\t\t\t\t\t<\/div>\n\t\t\t\t\t\t<\/div>\n\t\t\t\t<\/div>\n\t\t\t\t<div class=\"elementor-element elementor-element-08d2475 animated-slow elementor-invisible elementor-widget elementor-widget-toggle\" data-id=\"08d2475\" data-element_type=\"widget\" data-settings=\"{&quot;_animation&quot;:&quot;fadeInDown&quot;}\" data-widget_type=\"toggle.default\">\n\t\t\t\t<div class=\"elementor-widget-container\">\n\t\t\t\t\t\t\t<div class=\"elementor-toggle\">\n\t\t\t\t\t\t\t<div class=\"elementor-toggle-item\">\n\t\t\t\t\t<div id=\"elementor-tab-title-9241\" class=\"elementor-tab-title\" data-tab=\"1\" role=\"button\" aria-controls=\"elementor-tab-content-9241\" aria-expanded=\"false\">\n\t\t\t\t\t\t\t\t\t\t\t\t<span class=\"elementor-toggle-icon elementor-toggle-icon-left\" aria-hidden=\"true\">\n\t\t\t\t\t\t\t\t\t\t\t\t\t\t\t<span class=\"elementor-toggle-icon-closed\"><i class=\"fas fa-caret-right\"><\/i><\/span>\n\t\t\t\t\t\t\t\t<span class=\"elementor-toggle-icon-opened\"><i class=\"elementor-toggle-icon-opened fas fa-caret-up\"><\/i><\/span>\n\t\t\t\t\t\t\t\t\t\t\t\t\t<\/span>\n\t\t\t\t\t\t\t\t\t\t\t\t<a class=\"elementor-toggle-title\" tabindex=\"0\">Evoluzione dalla Commissione dei 75 a oggi<\/a>\n\t\t\t\t\t<\/div>\n\n\t\t\t\t\t<div id=\"elementor-tab-content-9241\" class=\"elementor-tab-content elementor-clearfix\" data-tab=\"1\" role=\"region\" aria-labelledby=\"elementor-tab-title-9241\"><div style=\"text-align: justify;\"><p><strong>Testo della Commissione dei 75<\/strong><br \/><strong>Gi\u00e0 art. 8<\/strong><br \/>La libert\u00e0 personale \u00e8 inviolabile.<br \/>Non \u00e8 ammessa forma alcuna di detenzione, di ispezione o perquisizione personale o domiciliare, n\u00e9 qualsiasi altra restrizione della libert\u00e0 personale, se non per atto motivato dell\u2019autorit\u00e0 giudiziaria e nei soli casi e modi previsti dalla legge.<br \/>In casi eccezionali di necessit\u00e0 ed urgenza, indicati tassativamente dalla legge, l\u2019autorit\u00e0 di pubblica sicurezza pu\u00f2 prendere misure provvisorie, che devono essere comunicate entro quarantotto ore all\u2019autorit\u00e0 giudiziaria.<br \/>Se questa non le convalida nei termini di legge, sono revocate e restano prive di ogni effetto.<br \/>\u00c8 punita ogni violenza fisica o morale a danno delle persone comunque sottoposte a restrizioni di libert\u00e0.<\/p><p><strong>Emendamenti approvati dall\u2019Assemblea Costituente<\/strong><br \/>Sostituire l\u2019articolo 8 col seguente:<br \/>\u201cLa libert\u00e0 personale \u00e8 inviolabile. Nessuno pu\u00f2 esserne privato, salvo il caso di flagranza di reato, se non per atto dell\u2019autorit\u00e0 giudiziaria nei casi e nei modi previsti dalla legge.<br \/>Il fermo di polizia non \u00e8 ammesso che per fondato sospetto di reato e di fuga. Il fermo e l\u2019arresto di polizia non possono durare pi\u00f9 di quarantotto ore.<br \/>Decorso tale termine, la persona fermata o arrestata deve essere rimessa in libert\u00e0, a meno che l\u2019autorit\u00e0 giudiziaria, informata del caso, non abbia convalidato il provvedimento.<br \/>\u00c8 vietata ogni violenza fisica o morale nei confronti delle persone comunque sottoposte a restrizioni di libert\u00e0\u201d.<br \/>BETTIOL, LEONE GIOVANNI, MEDA (DC).<br \/><em>Approvato solo ultimo comma; ritirati gli altri<\/em>.<br \/>Al terzo comma, sostituire le parole: \u201cautorit\u00e0 di pubblica sicurezza\u201d, con le parole: \u201cautorit\u00e0 di polizia\u201d.<br \/>All\u2019ultimo comma, aggiungere: \u201cE\u2019 assolutamente vietato privare della libert\u00e0 personale chiunque sia estraneo al fatto per il quale l\u2019autorit\u00e0 di polizia procede\u201d. CRISPO (PLI).<br \/>Al terzo comma, sopprimere l\u2019ultimo periodo: \u201cSe questa non le convalida nei termini di legge, sono revocate e restano prive di ogni effetto\u201d, sostituendolo col seguente: \u201cla quale ha l\u2019obbligo di provvedere alla convalida di esse entro le successive quarantotto ore, altrimenti si intendono revocate e prive di ogni effetto\u201d.<br \/>PREZIOSI (PDL).<br \/>Aggiungere alla fine dell\u2019articolo 8: \u201cLa legge determina i limiti massimi della carcerazione preventiva\u201d. <br \/>MURGIA, AVANZINI, BENVENUTI (DC).<br \/>Scindere l\u2019articolo 8 in due articoli al fine di dare rilievo speciale alla libert\u00e0 di domicilio.<br \/>LUCIFERO (PLI); BASSO (PSIUP-PSI); BULLONI (DC).<\/p><p><strong>Testo della Costituzione approvato dall\u2019Assemblea Costituente<\/strong><br \/>La libert\u00e0 personale \u00e8 inviolabile.<br \/>Non \u00e8 ammessa forma alcuna di detenzione, di ispezione o perquisizione personale, n\u00e9 qualsiasi altra restrizione della libert\u00e0 personale, se non per atto motivato dell\u2019autorit\u00e0 giudiziaria e nei soli casi e modi previsti dalla legge.<br \/>In casi eccezionali di necessit\u00e0 ed urgenza, indicati tassativamente dalla legge, l\u2019autorit\u00e0 di pubblica sicurezza pu\u00f2 adottare provvedimenti provvisori, che devono essere comunicati entro quarantotto ore all\u2019autorit\u00e0 giudiziaria e, se questa non li convalida nelle successive quarantotto ore, si intendono revocati e restano privi di ogni effetto.<br \/>\u00c8 punita ogni violenza fisica e morale sulle persone comunque sottoposte a restrizioni di libert\u00e0.<br \/>La legge stabilisce i limiti massimi della carcerazione preventiva.<br \/><a href=\"https:\/\/comenascelacostituzione.it\/?p=1773\">10\/04\/1947<\/a><br \/><em>discussione generale:<\/em><br \/><a href=\"https:\/\/comenascelacostituzione.it\/?p=1750\">26\/03\/1947<\/a><br \/><a title=\"POMERIDIANA DI VENERD\u00cc 14 MARZO 1947\" href=\"https:\/\/comenascelacostituzione.it\/?p=1754\">27\/03\/1947 Pomeridiana<\/a><br \/><a title=\"POMERIDIANA DI VENERD\u00cc 14 MARZO 1947\" href=\"https:\/\/comenascelacostituzione.it\/?p=1758\">28\/03\/1947 Pomeridiana<\/a><br \/><a title=\"VENERD\u00cc 21 MARZO 1947\" href=\"https:\/\/comenascelacostituzione.it\/?p=1760\">29\/03\/1947<\/a><\/p><p><strong>Leggi di modifica<\/strong><br \/>Nessuna.<\/p><\/div><\/div>\n\t\t\t\t<\/div>\n\t\t\t\t\t\t\t\t\t\t<script type=\"application\/ld+json\">{\"@context\":\"https:\\\/\\\/schema.org\",\"@type\":\"FAQPage\",\"mainEntity\":[{\"@type\":\"Question\",\"name\":\"Evoluzione dalla Commissione dei 75 a oggi\",\"acceptedAnswer\":{\"@type\":\"Answer\",\"text\":\"<div style=\\\"text-align: justify;\\\"><p><strong>Testo della Commissione dei 75<\\\/strong><br \\\/><strong>Gi\\u00e0 art. 8<\\\/strong><br \\\/>La libert\\u00e0 personale \\u00e8 inviolabile.<br \\\/>Non \\u00e8 ammessa forma alcuna di detenzione, di ispezione o perquisizione personale o domiciliare, n\\u00e9 qualsiasi altra restrizione della libert\\u00e0 personale, se non per atto motivato dell\\u2019autorit\\u00e0 giudiziaria e nei soli casi e modi previsti dalla legge.<br \\\/>In casi eccezionali di necessit\\u00e0 ed urgenza, indicati tassativamente dalla legge, l\\u2019autorit\\u00e0 di pubblica sicurezza pu\\u00f2 prendere misure provvisorie, che devono essere comunicate entro quarantotto ore all\\u2019autorit\\u00e0 giudiziaria.<br \\\/>Se questa non le convalida nei termini di legge, sono revocate e restano prive di ogni effetto.<br \\\/>\\u00c8 punita ogni violenza fisica o morale a danno delle persone comunque sottoposte a restrizioni di libert\\u00e0.<\\\/p><p><strong>Emendamenti approvati dall\\u2019Assemblea Costituente<\\\/strong><br \\\/>Sostituire l\\u2019articolo 8 col seguente:<br \\\/>\\u201cLa libert\\u00e0 personale \\u00e8 inviolabile. Nessuno pu\\u00f2 esserne privato, salvo il caso di flagranza di reato, se non per atto dell\\u2019autorit\\u00e0 giudiziaria nei casi e nei modi previsti dalla legge.<br \\\/>Il fermo di polizia non \\u00e8 ammesso che per fondato sospetto di reato e di fuga. Il fermo e l\\u2019arresto di polizia non possono durare pi\\u00f9 di quarantotto ore.<br \\\/>Decorso tale termine, la persona fermata o arrestata deve essere rimessa in libert\\u00e0, a meno che l\\u2019autorit\\u00e0 giudiziaria, informata del caso, non abbia convalidato il provvedimento.<br \\\/>\\u00c8 vietata ogni violenza fisica o morale nei confronti delle persone comunque sottoposte a restrizioni di libert\\u00e0\\u201d.<br \\\/>BETTIOL, LEONE GIOVANNI, MEDA (DC).<br \\\/><em>Approvato solo ultimo comma; ritirati gli altri<\\\/em>.<br \\\/>Al terzo comma, sostituire le parole: \\u201cautorit\\u00e0 di pubblica sicurezza\\u201d, con le parole: \\u201cautorit\\u00e0 di polizia\\u201d.<br \\\/>All\\u2019ultimo comma, aggiungere: \\u201cE\\u2019 assolutamente vietato privare della libert\\u00e0 personale chiunque sia estraneo al fatto per il quale l\\u2019autorit\\u00e0 di polizia procede\\u201d. CRISPO (PLI).<br \\\/>Al terzo comma, sopprimere l\\u2019ultimo periodo: \\u201cSe questa non le convalida nei termini di legge, sono revocate e restano prive di ogni effetto\\u201d, sostituendolo col seguente: \\u201cla quale ha l\\u2019obbligo di provvedere alla convalida di esse entro le successive quarantotto ore, altrimenti si intendono revocate e prive di ogni effetto\\u201d.<br \\\/>PREZIOSI (PDL).<br \\\/>Aggiungere alla fine dell\\u2019articolo 8: \\u201cLa legge determina i limiti massimi della carcerazione preventiva\\u201d. <br \\\/>MURGIA, AVANZINI, BENVENUTI (DC).<br \\\/>Scindere l\\u2019articolo 8 in due articoli al fine di dare rilievo speciale alla libert\\u00e0 di domicilio.<br \\\/>LUCIFERO (PLI); BASSO (PSIUP-PSI); BULLONI (DC).<\\\/p><p><strong>Testo della Costituzione approvato dall\\u2019Assemblea Costituente<\\\/strong><br \\\/>La libert\\u00e0 personale \\u00e8 inviolabile.<br \\\/>Non \\u00e8 ammessa forma alcuna di detenzione, di ispezione o perquisizione personale, n\\u00e9 qualsiasi altra restrizione della libert\\u00e0 personale, se non per atto motivato dell\\u2019autorit\\u00e0 giudiziaria e nei soli casi e modi previsti dalla legge.<br \\\/>In casi eccezionali di necessit\\u00e0 ed urgenza, indicati tassativamente dalla legge, l\\u2019autorit\\u00e0 di pubblica sicurezza pu\\u00f2 adottare provvedimenti provvisori, che devono essere comunicati entro quarantotto ore all\\u2019autorit\\u00e0 giudiziaria e, se questa non li convalida nelle successive quarantotto ore, si intendono revocati e restano privi di ogni effetto.<br \\\/>\\u00c8 punita ogni violenza fisica e morale sulle persone comunque sottoposte a restrizioni di libert\\u00e0.<br \\\/>La legge stabilisce i limiti massimi della carcerazione preventiva.<br \\\/><a href=\\\"https:\\\/\\\/comenascelacostituzione.it\\\/?p=1773\\\">10\\\/04\\\/1947<\\\/a><br \\\/><em>discussione generale:<\\\/em><br \\\/><a href=\\\"https:\\\/\\\/comenascelacostituzione.it\\\/?p=1750\\\">26\\\/03\\\/1947<\\\/a><br \\\/><a title=\\\"POMERIDIANA DI VENERD\\u00cc 14 MARZO 1947\\\" href=\\\"https:\\\/\\\/comenascelacostituzione.it\\\/?p=1754\\\">27\\\/03\\\/1947 Pomeridiana<\\\/a><br \\\/><a title=\\\"POMERIDIANA DI VENERD\\u00cc 14 MARZO 1947\\\" href=\\\"https:\\\/\\\/comenascelacostituzione.it\\\/?p=1758\\\">28\\\/03\\\/1947 Pomeridiana<\\\/a><br \\\/><a title=\\\"VENERD\\u00cc 21 MARZO 1947\\\" href=\\\"https:\\\/\\\/comenascelacostituzione.it\\\/?p=1760\\\">29\\\/03\\\/1947<\\\/a><\\\/p><p><strong>Leggi di modifica<\\\/strong><br \\\/>Nessuna.<\\\/p><\\\/div>\"}}]}<\/script>\n\t\t\t\t\t<\/div>\n\t\t\t\t\t\t<\/div>\n\t\t\t\t<\/div>\n\t\t\t\t<div class=\"elementor-element elementor-element-232a541 elementor-align-center elementor-widget elementor-widget-button\" data-id=\"232a541\" data-element_type=\"widget\" data-widget_type=\"button.default\">\n\t\t\t\t<div class=\"elementor-widget-container\">\n\t\t\t\t\t\t\t\t\t<div class=\"elementor-button-wrapper\">\n\t\t\t\t\t<a class=\"elementor-button elementor-button-link elementor-size-sm elementor-animation-push\" href=\"https:\/\/comenascelacostituzione.it\/?page_id=2562\">\n\t\t\t\t\t\t<span class=\"elementor-button-content-wrapper\">\n\t\t\t\t\t\t\t\t\t<span class=\"elementor-button-text\">Indietro<\/span>\n\t\t\t\t\t<\/span>\n\t\t\t\t\t<\/a>\n\t\t\t\t<\/div>\n\t\t\t\t\t\t\t\t<\/div>\n\t\t\t\t<\/div>\n\t\t\t\t\t<\/div>\n\t\t<\/div>\n\t\t\t\t\t<\/div>\n\t\t<\/section>\n\t\t\t\t<\/div>\n\t\t","protected":false},"excerpt":{"rendered":"<p>Art. 13 La libert\u00e0 personale \u00e8 inviolabile.Non \u00e8 ammessa forma alcuna di detenzione, di ispezione o perquisizione personale, n\u00e9 qualsiasi altra restrizione della libert\u00e0 personale, se non per atto motivato dell\u2019autorit\u00e0 giudiziaria e nei soli casi e modi previsti dalla legge.In casi eccezionali di necessit\u00e0 ed urgenza, indicati tassativamente dalla legge, l\u2019autorit\u00e0 di pubblica sicurezza [&hellip;]<\/p>\n","protected":false},"author":1,"featured_media":0,"parent":0,"menu_order":0,"comment_status":"closed","ping_status":"closed","template":"elementor_header_footer","meta":{"_relevanssi_hide_post":"","_relevanssi_hide_content":"","_relevanssi_pin_for_all":"","_relevanssi_pin_keywords":"","_relevanssi_unpin_keywords":"","_relevanssi_related_keywords":"","_relevanssi_related_include_ids":"","_relevanssi_related_exclude_ids":"","_relevanssi_related_no_append":"","_relevanssi_related_not_related":"","_relevanssi_related_posts":"","_relevanssi_noindex_reason":"","_monsterinsights_skip_tracking":false,"_monsterinsights_sitenote_active":false,"_monsterinsights_sitenote_note":"","_monsterinsights_sitenote_category":0,"footnotes":""},"folder":[66],"class_list":["post-4368","page","type-page","status-publish","hentry"],"aioseo_notices":[],"_links":{"self":[{"href":"https:\/\/comenascelacostituzione.it\/index.php?rest_route=\/wp\/v2\/pages\/4368","targetHints":{"allow":["GET"]}}],"collection":[{"href":"https:\/\/comenascelacostituzione.it\/index.php?rest_route=\/wp\/v2\/pages"}],"about":[{"href":"https:\/\/comenascelacostituzione.it\/index.php?rest_route=\/wp\/v2\/types\/page"}],"author":[{"embeddable":true,"href":"https:\/\/comenascelacostituzione.it\/index.php?rest_route=\/wp\/v2\/users\/1"}],"replies":[{"embeddable":true,"href":"https:\/\/comenascelacostituzione.it\/index.php?rest_route=%2Fwp%2Fv2%2Fcomments&post=4368"}],"version-history":[{"count":13,"href":"https:\/\/comenascelacostituzione.it\/index.php?rest_route=\/wp\/v2\/pages\/4368\/revisions"}],"predecessor-version":[{"id":8018,"href":"https:\/\/comenascelacostituzione.it\/index.php?rest_route=\/wp\/v2\/pages\/4368\/revisions\/8018"}],"wp:attachment":[{"href":"https:\/\/comenascelacostituzione.it\/index.php?rest_route=%2Fwp%2Fv2%2Fmedia&parent=4368"}],"wp:term":[{"taxonomy":"folder","embeddable":true,"href":"https:\/\/comenascelacostituzione.it\/index.php?rest_route=%2Fwp%2Fv2%2Ffolder&post=4368"}],"curies":[{"name":"wp","href":"https:\/\/api.w.org\/{rel}","templated":true}]}}