{"id":4173,"date":"2023-10-08T11:47:03","date_gmt":"2023-10-08T09:47:03","guid":{"rendered":"https:\/\/comenascelacostituzione.it\/?page_id=4173"},"modified":"2023-10-24T10:01:37","modified_gmt":"2023-10-24T08:01:37","slug":"art-122","status":"publish","type":"page","link":"https:\/\/comenascelacostituzione.it\/?page_id=4173","title":{"rendered":"Art. 122"},"content":{"rendered":"\t\t<div data-elementor-type=\"wp-page\" data-elementor-id=\"4173\" class=\"elementor elementor-4173\" data-elementor-post-type=\"page\">\n\t\t\t\t\t\t<section class=\"elementor-section elementor-top-section elementor-element elementor-element-427fff19 elementor-section-content-middle elementor-section-boxed elementor-section-height-default elementor-section-height-default\" data-id=\"427fff19\" data-element_type=\"section\" data-settings=\"{&quot;background_background&quot;:&quot;classic&quot;}\">\n\t\t\t\t\t\t\t<div class=\"elementor-background-overlay\"><\/div>\n\t\t\t\t\t\t\t<div class=\"elementor-container elementor-column-gap-default\">\n\t\t\t\t\t<div class=\"elementor-column elementor-col-100 elementor-top-column elementor-element elementor-element-56758138\" data-id=\"56758138\" data-element_type=\"column\">\n\t\t\t<div class=\"elementor-widget-wrap elementor-element-populated\">\n\t\t\t\t\t<div class=\"elementor-background-overlay\"><\/div>\n\t\t\t\t\t\t<div class=\"elementor-element elementor-element-73c4b0b animated-slow elementor-invisible elementor-widget elementor-widget-heading\" data-id=\"73c4b0b\" data-element_type=\"widget\" data-settings=\"{&quot;_animation&quot;:&quot;fadeIn&quot;}\" data-widget_type=\"heading.default\">\n\t\t\t\t<div class=\"elementor-widget-container\">\n\t\t\t\t\t<h2 class=\"elementor-heading-title elementor-size-default\">Art. 122<\/h2>\t\t\t\t<\/div>\n\t\t\t\t<\/div>\n\t\t\t\t\t<\/div>\n\t\t<\/div>\n\t\t\t\t\t<\/div>\n\t\t<\/section>\n\t\t\t\t<section class=\"elementor-section elementor-top-section elementor-element elementor-element-e3cdcd4 elementor-section-boxed elementor-section-height-default elementor-section-height-default\" data-id=\"e3cdcd4\" data-element_type=\"section\" data-settings=\"{&quot;background_background&quot;:&quot;classic&quot;}\">\n\t\t\t\t\t\t<div class=\"elementor-container elementor-column-gap-default\">\n\t\t\t\t\t<div class=\"elementor-column elementor-col-100 elementor-top-column elementor-element elementor-element-ea0e593\" data-id=\"ea0e593\" data-element_type=\"column\" data-settings=\"{&quot;background_background&quot;:&quot;classic&quot;}\">\n\t\t\t<div class=\"elementor-widget-wrap elementor-element-populated\">\n\t\t\t\t\t\t<div class=\"elementor-element elementor-element-3cbbccf elementor-widget__width-initial animated-slow elementor-invisible elementor-widget elementor-widget-text-editor\" data-id=\"3cbbccf\" data-element_type=\"widget\" data-settings=\"{&quot;motion_fx_motion_fx_scrolling&quot;:&quot;yes&quot;,&quot;motion_fx_translateY_effect&quot;:&quot;yes&quot;,&quot;motion_fx_translateY_direction&quot;:&quot;negative&quot;,&quot;motion_fx_translateY_speed&quot;:{&quot;unit&quot;:&quot;px&quot;,&quot;size&quot;:0,&quot;sizes&quot;:[]},&quot;motion_fx_translateY_affectedRange&quot;:{&quot;unit&quot;:&quot;%&quot;,&quot;size&quot;:&quot;&quot;,&quot;sizes&quot;:{&quot;start&quot;:46,&quot;end&quot;:100}},&quot;_animation&quot;:&quot;fadeInDown&quot;,&quot;motion_fx_devices&quot;:[&quot;desktop&quot;,&quot;tablet&quot;,&quot;mobile&quot;]}\" data-widget_type=\"text-editor.default\">\n\t\t\t\t<div class=\"elementor-widget-container\">\n\t\t\t\t\t\t\t\t\t<div style=\"text-align: justify;\">Il sistema d\u2019elezione e i casi di ineleggibilit\u00e0 e di incompatibilit\u00e0 del Presidente e degli altri componenti della Giunta regionale nonch\u00e9 dei consiglieri regionali sono disciplinati con legge della Regione nei limiti dei princ\u00ecpi fondamentali stabiliti con legge della Repubblica, che stabilisce anche la durata degli organi elettivi.<br \/>Nessuno pu\u00f2 appartenere contemporaneamente a un Consiglio o a una Giunta regionale e ad una delle Camere del Parlamento, ad un altro Consiglio o ad altra Giunta regionale, ovvero al Parlamento europeo.<br \/>Il Consiglio elegge tra i suoi componenti un Presidente e un ufficio di presidenza.<br \/>I consiglieri regionali non possono essere chiamati a rispondere delle opinioni espresse e dei voti dati nell\u2019esercizio delle loro funzioni.<br \/>Il Presidente della Giunta regionale, salvo che lo statuto regionale disponga diversamente, \u00e8 eletto a suffragio universale e diretto. Il Presidente eletto nomina e revoca i componenti della Giunta.<\/div>\t\t\t\t\t\t\t\t<\/div>\n\t\t\t\t<\/div>\n\t\t\t\t\t<\/div>\n\t\t<\/div>\n\t\t\t\t\t<\/div>\n\t\t<\/section>\n\t\t\t\t<section class=\"elementor-section elementor-top-section elementor-element elementor-element-a99fa06 elementor-section-content-middle elementor-section-boxed elementor-section-height-default elementor-section-height-default\" data-id=\"a99fa06\" data-element_type=\"section\" data-settings=\"{&quot;background_background&quot;:&quot;classic&quot;}\">\n\t\t\t\t\t\t<div class=\"elementor-container elementor-column-gap-default\">\n\t\t\t\t\t<div class=\"elementor-column elementor-col-100 elementor-top-column elementor-element elementor-element-20a7e6f1\" data-id=\"20a7e6f1\" data-element_type=\"column\">\n\t\t\t<div class=\"elementor-widget-wrap elementor-element-populated\">\n\t\t\t\t\t<div class=\"elementor-background-overlay\"><\/div>\n\t\t\t\t\t\t<div class=\"elementor-element elementor-element-24719ee animated-slow elementor-invisible elementor-widget elementor-widget-toggle\" data-id=\"24719ee\" data-element_type=\"widget\" data-settings=\"{&quot;_animation&quot;:&quot;fadeInDown&quot;}\" data-widget_type=\"toggle.default\">\n\t\t\t\t<div class=\"elementor-widget-container\">\n\t\t\t\t\t\t\t<div class=\"elementor-toggle\">\n\t\t\t\t\t\t\t<div class=\"elementor-toggle-item\">\n\t\t\t\t\t<div id=\"elementor-tab-title-3821\" class=\"elementor-tab-title\" data-tab=\"1\" role=\"button\" aria-controls=\"elementor-tab-content-3821\" aria-expanded=\"false\">\n\t\t\t\t\t\t\t\t\t\t\t\t<span class=\"elementor-toggle-icon elementor-toggle-icon-left\" aria-hidden=\"true\">\n\t\t\t\t\t\t\t\t\t\t\t\t\t\t\t<span class=\"elementor-toggle-icon-closed\"><i class=\"fas fa-caret-right\"><\/i><\/span>\n\t\t\t\t\t\t\t\t<span class=\"elementor-toggle-icon-opened\"><i class=\"elementor-toggle-icon-opened fas fa-caret-up\"><\/i><\/span>\n\t\t\t\t\t\t\t\t\t\t\t\t\t<\/span>\n\t\t\t\t\t\t\t\t\t\t\t\t<a class=\"elementor-toggle-title\" tabindex=\"0\">Testo originario del 1\u00b0 gennaio 1948 <\/a>\n\t\t\t\t\t<\/div>\n\n\t\t\t\t\t<div id=\"elementor-tab-content-3821\" class=\"elementor-tab-content elementor-clearfix\" data-tab=\"1\" role=\"region\" aria-labelledby=\"elementor-tab-title-3821\"><div style=\"text-align: justify;\">Il sistema d\u2019elezione, il numero e i casi di ineleggibilit\u00e0 e di incompatibilit\u00e0 dei consiglieri regionali sono stabiliti con legge della Repubblica.<br \/>Nessuno pu\u00f2 appartenere contemporaneamente a un Consiglio regionale e ad una delle Camere del parlamento o ad un altro Consiglio regionale.<br \/>Il Consiglio elegge nel suo seno un presidente e un ufficio di presidenza per i propri lavori.<br \/>I consiglieri regionali non possono essere chiamati a rispondere delle opinioni espresse e dei voti dati nell\u2019esercizio delle loro funzioni.<br \/>Il Presidente ed i membri della giunta sono eletti dal Consiglio regionale tra i suoi componenti.<\/div><\/div>\n\t\t\t\t<\/div>\n\t\t\t\t\t\t\t\t\t\t<script type=\"application\/ld+json\">{\"@context\":\"https:\\\/\\\/schema.org\",\"@type\":\"FAQPage\",\"mainEntity\":[{\"@type\":\"Question\",\"name\":\"Testo originario del 1\\u00b0 gennaio 1948\",\"acceptedAnswer\":{\"@type\":\"Answer\",\"text\":\"<div style=\\\"text-align: justify;\\\">Il sistema d\\u2019elezione, il numero e i casi di ineleggibilit\\u00e0 e di incompatibilit\\u00e0 dei consiglieri regionali sono stabiliti con legge della Repubblica.<br \\\/>Nessuno pu\\u00f2 appartenere contemporaneamente a un Consiglio regionale e ad una delle Camere del parlamento o ad un altro Consiglio regionale.<br \\\/>Il Consiglio elegge nel suo seno un presidente e un ufficio di presidenza per i propri lavori.<br \\\/>I consiglieri regionali non possono essere chiamati a rispondere delle opinioni espresse e dei voti dati nell\\u2019esercizio delle loro funzioni.<br \\\/>Il Presidente ed i membri della giunta sono eletti dal Consiglio regionale tra i suoi componenti.<\\\/div>\"}}]}<\/script>\n\t\t\t\t\t<\/div>\n\t\t\t\t\t\t<\/div>\n\t\t\t\t<\/div>\n\t\t\t\t<div class=\"elementor-element elementor-element-08d2475 animated-slow elementor-invisible elementor-widget elementor-widget-toggle\" data-id=\"08d2475\" data-element_type=\"widget\" data-settings=\"{&quot;_animation&quot;:&quot;fadeInDown&quot;}\" data-widget_type=\"toggle.default\">\n\t\t\t\t<div class=\"elementor-widget-container\">\n\t\t\t\t\t\t\t<div class=\"elementor-toggle\">\n\t\t\t\t\t\t\t<div class=\"elementor-toggle-item\">\n\t\t\t\t\t<div id=\"elementor-tab-title-9241\" class=\"elementor-tab-title\" data-tab=\"1\" role=\"button\" aria-controls=\"elementor-tab-content-9241\" aria-expanded=\"false\">\n\t\t\t\t\t\t\t\t\t\t\t\t<span class=\"elementor-toggle-icon elementor-toggle-icon-left\" aria-hidden=\"true\">\n\t\t\t\t\t\t\t\t\t\t\t\t\t\t\t<span class=\"elementor-toggle-icon-closed\"><i class=\"fas fa-caret-right\"><\/i><\/span>\n\t\t\t\t\t\t\t\t<span class=\"elementor-toggle-icon-opened\"><i class=\"elementor-toggle-icon-opened fas fa-caret-up\"><\/i><\/span>\n\t\t\t\t\t\t\t\t\t\t\t\t\t<\/span>\n\t\t\t\t\t\t\t\t\t\t\t\t<a class=\"elementor-toggle-title\" tabindex=\"0\">Evoluzione dalla Commissione dei 75 a oggi<\/a>\n\t\t\t\t\t<\/div>\n\n\t\t\t\t\t<div id=\"elementor-tab-content-9241\" class=\"elementor-tab-content elementor-clearfix\" data-tab=\"1\" role=\"region\" aria-labelledby=\"elementor-tab-title-9241\"><div style=\"text-align: justify;\"><p><strong>Testo della Commissione dei 75<\/strong><br \/><strong>Gi\u00e0 art. 114<\/strong><br \/>Sono organi della Regione il Consiglio regionale, la Deputazione regionale ed il suo Presidente.<br \/>Una legge della Repubblica stabilisce il numero dei membri del Consiglio ed il sistema elettorale, che deve essere conforme a quello per la formazione della Camera dei Deputati.<br \/>Il Presidente ed i membri della Deputazione regionale sono eletti dal Consiglio regionale, che elegge pure nel suo seno un Presidente ed un Ufficio di Presidenza per i propri lavori.<br \/>I membri del Consiglio regionale non possono essere chiamati a rispondere delle opinioni o dei voti espressi nell\u2019esercizio delle loro funzioni.<br \/><a href=\"https:\/\/comenascelacostituzione.it\/?page_id=4168\"><em>Vedi nota art. 121.<\/em><\/a><\/p><p><strong>Emendamenti approvati dall\u2019Assemblea Costituente<\/strong><br \/>Nessuno.<\/p><p><strong>Testo della Costituzione approvato dall\u2019Assemblea Costituente<\/strong><br \/>Il sistema d\u2019elezione, il numero e i casi di ineleggibilit\u00e0 e di incompatibilit\u00e0 dei consiglieri regionali sono stabiliti con legge della Repubblica.<br \/>Nessuno pu\u00f2 appartenere contemporaneamente a un Consiglio regionale e ad una delle Camere del parlamento o ad un altro Consiglio regionale.<br \/>Il Consiglio elegge nel suo seno un presidente e un ufficio di presidenza per i propri lavori.<br \/>I consiglieri regionali non possono essere chiamati a rispondere delle opinioni espresse e dei voti dati nell\u2019esercizio delle loro funzioni.<br \/>Il Presidente ed i membri della giunta sono eletti dal Consiglio regionale tra i suoi componenti.<br \/><a href=\"https:\/\/comenascelacostituzione.it\/?p=2026\">16\/07\/1947 Pomeridiana<\/a><br \/><em>discussione generale:<\/em><br \/><a href=\"https:\/\/comenascelacostituzione.it\/?p=1894\">27\/05\/1947 <\/a><br \/><a href=\"https:\/\/comenascelacostituzione.it\/?p=1896\">28\/05\/1947 <\/a><br \/><a href=\"https:\/\/comenascelacostituzione.it\/?p=1898\">29\/05\/1947 <\/a><br \/><a href=\"https:\/\/comenascelacostituzione.it\/?p=1900\">30\/05\/1947 <\/a><br \/><a href=\"https:\/\/comenascelacostituzione.it\/?p=1902\">31\/05\/1947<\/a><br \/><a href=\"https:\/\/comenascelacostituzione.it\/?p=1912\">03\/06\/1947<\/a><br \/><a href=\"https:\/\/comenascelacostituzione.it\/?p=1914\">04\/06\/1947 Antimeridiana<\/a><br \/><a href=\"https:\/\/comenascelacostituzione.it\/?p=1916\">04\/06\/1947 Pomeridiana<\/a><br \/><a href=\"https:\/\/comenascelacostituzione.it\/?p=1918\">06\/06\/1947 Antimeridiana<\/a><br \/><a href=\"https:\/\/comenascelacostituzione.it\/?p=1920\">06\/06\/1947 Pomeridiana<\/a><br \/><a href=\"https:\/\/comenascelacostituzione.it\/?p=1922\">07\/06\/1947<\/a><br \/><a href=\"https:\/\/comenascelacostituzione.it\/?p=1926\">10\/06\/1947 Antimeridiana<\/a><br \/><a href=\"https:\/\/comenascelacostituzione.it\/?p=1934\">12\/06\/1947 Antimeridiana<\/a><br \/><a href=\"https:\/\/comenascelacostituzione.it\/?p=1938\">13\/06\/1947 Antimeridiana<\/a><br \/><a href=\"https:\/\/comenascelacostituzione.it\/?p=1968\">27\/06\/1947<\/a><\/p><p>\u00a0<\/p><p><strong>Leggi di modifica<\/strong><br \/>La legge costituzionale 22 novembre 1999, n. 1 \u00abDisposizioni concernenti l\u2019elezione diretta del Presidente della Giunta regionale e l\u2019autonomia statutaria delle regioni\u00bb (G.U. n. 299 del 22 dicembre 1999) <a href=\"https:\/\/www.normattiva.it\/atto\/caricaDettaglioAtto?atto.dataPubblicazioneGazzetta=1999-12-22&amp;atto.codiceRedazionale=099G0559&amp;atto.articolo.numero=2&amp;atto.articolo.sottoArticolo=1&amp;atto.articolo.tipoArticolo=0\">ha disposto, con l&#8217;art. 2, comma 1, la modifica dell&#8217;art. 122.<\/a><\/p><\/div><\/div>\n\t\t\t\t<\/div>\n\t\t\t\t\t\t\t\t\t\t<script type=\"application\/ld+json\">{\"@context\":\"https:\\\/\\\/schema.org\",\"@type\":\"FAQPage\",\"mainEntity\":[{\"@type\":\"Question\",\"name\":\"Evoluzione dalla Commissione dei 75 a oggi\",\"acceptedAnswer\":{\"@type\":\"Answer\",\"text\":\"<div style=\\\"text-align: justify;\\\"><p><strong>Testo della Commissione dei 75<\\\/strong><br \\\/><strong>Gi\\u00e0 art. 114<\\\/strong><br \\\/>Sono organi della Regione il Consiglio regionale, la Deputazione regionale ed il suo Presidente.<br \\\/>Una legge della Repubblica stabilisce il numero dei membri del Consiglio ed il sistema elettorale, che deve essere conforme a quello per la formazione della Camera dei Deputati.<br \\\/>Il Presidente ed i membri della Deputazione regionale sono eletti dal Consiglio regionale, che elegge pure nel suo seno un Presidente ed un Ufficio di Presidenza per i propri lavori.<br \\\/>I membri del Consiglio regionale non possono essere chiamati a rispondere delle opinioni o dei voti espressi nell\\u2019esercizio delle loro funzioni.<br \\\/><a href=\\\"https:\\\/\\\/comenascelacostituzione.it\\\/?page_id=4168\\\"><em>Vedi nota art. 121.<\\\/em><\\\/a><\\\/p><p><strong>Emendamenti approvati dall\\u2019Assemblea Costituente<\\\/strong><br \\\/>Nessuno.<\\\/p><p><strong>Testo della Costituzione approvato dall\\u2019Assemblea Costituente<\\\/strong><br \\\/>Il sistema d\\u2019elezione, il numero e i casi di ineleggibilit\\u00e0 e di incompatibilit\\u00e0 dei consiglieri regionali sono stabiliti con legge della Repubblica.<br \\\/>Nessuno pu\\u00f2 appartenere contemporaneamente a un Consiglio regionale e ad una delle Camere del parlamento o ad un altro Consiglio regionale.<br \\\/>Il Consiglio elegge nel suo seno un presidente e un ufficio di presidenza per i propri lavori.<br \\\/>I consiglieri regionali non possono essere chiamati a rispondere delle opinioni espresse e dei voti dati nell\\u2019esercizio delle loro funzioni.<br \\\/>Il Presidente ed i membri della giunta sono eletti dal Consiglio regionale tra i suoi componenti.<br \\\/><a href=\\\"https:\\\/\\\/comenascelacostituzione.it\\\/?p=2026\\\">16\\\/07\\\/1947 Pomeridiana<\\\/a><br \\\/><em>discussione generale:<\\\/em><br \\\/><a href=\\\"https:\\\/\\\/comenascelacostituzione.it\\\/?p=1894\\\">27\\\/05\\\/1947 <\\\/a><br \\\/><a href=\\\"https:\\\/\\\/comenascelacostituzione.it\\\/?p=1896\\\">28\\\/05\\\/1947 <\\\/a><br \\\/><a href=\\\"https:\\\/\\\/comenascelacostituzione.it\\\/?p=1898\\\">29\\\/05\\\/1947 <\\\/a><br \\\/><a href=\\\"https:\\\/\\\/comenascelacostituzione.it\\\/?p=1900\\\">30\\\/05\\\/1947 <\\\/a><br \\\/><a href=\\\"https:\\\/\\\/comenascelacostituzione.it\\\/?p=1902\\\">31\\\/05\\\/1947<\\\/a><br \\\/><a href=\\\"https:\\\/\\\/comenascelacostituzione.it\\\/?p=1912\\\">03\\\/06\\\/1947<\\\/a><br \\\/><a href=\\\"https:\\\/\\\/comenascelacostituzione.it\\\/?p=1914\\\">04\\\/06\\\/1947 Antimeridiana<\\\/a><br \\\/><a href=\\\"https:\\\/\\\/comenascelacostituzione.it\\\/?p=1916\\\">04\\\/06\\\/1947 Pomeridiana<\\\/a><br \\\/><a href=\\\"https:\\\/\\\/comenascelacostituzione.it\\\/?p=1918\\\">06\\\/06\\\/1947 Antimeridiana<\\\/a><br \\\/><a href=\\\"https:\\\/\\\/comenascelacostituzione.it\\\/?p=1920\\\">06\\\/06\\\/1947 Pomeridiana<\\\/a><br \\\/><a href=\\\"https:\\\/\\\/comenascelacostituzione.it\\\/?p=1922\\\">07\\\/06\\\/1947<\\\/a><br \\\/><a href=\\\"https:\\\/\\\/comenascelacostituzione.it\\\/?p=1926\\\">10\\\/06\\\/1947 Antimeridiana<\\\/a><br \\\/><a href=\\\"https:\\\/\\\/comenascelacostituzione.it\\\/?p=1934\\\">12\\\/06\\\/1947 Antimeridiana<\\\/a><br \\\/><a href=\\\"https:\\\/\\\/comenascelacostituzione.it\\\/?p=1938\\\">13\\\/06\\\/1947 Antimeridiana<\\\/a><br \\\/><a href=\\\"https:\\\/\\\/comenascelacostituzione.it\\\/?p=1968\\\">27\\\/06\\\/1947<\\\/a><\\\/p><p>\\u00a0<\\\/p><p><strong>Leggi di modifica<\\\/strong><br \\\/>La legge costituzionale 22 novembre 1999, n. 1 \\u00abDisposizioni concernenti l\\u2019elezione diretta del Presidente della Giunta regionale e l\\u2019autonomia statutaria delle regioni\\u00bb (G.U. n. 299 del 22 dicembre 1999) <a href=\\\"https:\\\/\\\/www.normattiva.it\\\/atto\\\/caricaDettaglioAtto?atto.dataPubblicazioneGazzetta=1999-12-22&amp;atto.codiceRedazionale=099G0559&amp;atto.articolo.numero=2&amp;atto.articolo.sottoArticolo=1&amp;atto.articolo.tipoArticolo=0\\\">ha disposto, con l&#8217;art. 2, comma 1, la modifica dell&#8217;art. 122.<\\\/a><\\\/p><\\\/div>\"}}]}<\/script>\n\t\t\t\t\t<\/div>\n\t\t\t\t\t\t<\/div>\n\t\t\t\t<\/div>\n\t\t\t\t<div class=\"elementor-element elementor-element-232a541 elementor-align-center elementor-widget elementor-widget-button\" data-id=\"232a541\" data-element_type=\"widget\" data-widget_type=\"button.default\">\n\t\t\t\t<div class=\"elementor-widget-container\">\n\t\t\t\t\t\t\t\t\t<div class=\"elementor-button-wrapper\">\n\t\t\t\t\t<a class=\"elementor-button elementor-button-link elementor-size-sm elementor-animation-push\" href=\"https:\/\/comenascelacostituzione.it\/?page_id=2562\">\n\t\t\t\t\t\t<span class=\"elementor-button-content-wrapper\">\n\t\t\t\t\t\t\t\t\t<span class=\"elementor-button-text\">Indietro<\/span>\n\t\t\t\t\t<\/span>\n\t\t\t\t\t<\/a>\n\t\t\t\t<\/div>\n\t\t\t\t\t\t\t\t<\/div>\n\t\t\t\t<\/div>\n\t\t\t\t\t<\/div>\n\t\t<\/div>\n\t\t\t\t\t<\/div>\n\t\t<\/section>\n\t\t\t\t<\/div>\n\t\t","protected":false},"excerpt":{"rendered":"<p>Art. 122 Il sistema d\u2019elezione e i casi di ineleggibilit\u00e0 e di incompatibilit\u00e0 del Presidente e degli altri componenti della Giunta regionale nonch\u00e9 dei consiglieri regionali sono disciplinati con legge della Regione nei limiti dei princ\u00ecpi fondamentali stabiliti con legge della Repubblica, che stabilisce anche la durata degli organi elettivi.Nessuno pu\u00f2 appartenere contemporaneamente a un [&hellip;]<\/p>\n","protected":false},"author":1,"featured_media":0,"parent":0,"menu_order":0,"comment_status":"closed","ping_status":"closed","template":"elementor_header_footer","meta":{"_relevanssi_hide_post":"","_relevanssi_hide_content":"","_relevanssi_pin_for_all":"","_relevanssi_pin_keywords":"","_relevanssi_unpin_keywords":"","_relevanssi_related_keywords":"","_relevanssi_related_include_ids":"","_relevanssi_related_exclude_ids":"","_relevanssi_related_no_append":"","_relevanssi_related_not_related":"","_relevanssi_related_posts":"","_relevanssi_noindex_reason":"","_monsterinsights_skip_tracking":false,"_monsterinsights_sitenote_active":false,"_monsterinsights_sitenote_note":"","_monsterinsights_sitenote_category":0,"footnotes":""},"folder":[66],"class_list":["post-4173","page","type-page","status-publish","hentry"],"aioseo_notices":[],"_links":{"self":[{"href":"https:\/\/comenascelacostituzione.it\/index.php?rest_route=\/wp\/v2\/pages\/4173","targetHints":{"allow":["GET"]}}],"collection":[{"href":"https:\/\/comenascelacostituzione.it\/index.php?rest_route=\/wp\/v2\/pages"}],"about":[{"href":"https:\/\/comenascelacostituzione.it\/index.php?rest_route=\/wp\/v2\/types\/page"}],"author":[{"embeddable":true,"href":"https:\/\/comenascelacostituzione.it\/index.php?rest_route=\/wp\/v2\/users\/1"}],"replies":[{"embeddable":true,"href":"https:\/\/comenascelacostituzione.it\/index.php?rest_route=%2Fwp%2Fv2%2Fcomments&post=4173"}],"version-history":[{"count":13,"href":"https:\/\/comenascelacostituzione.it\/index.php?rest_route=\/wp\/v2\/pages\/4173\/revisions"}],"predecessor-version":[{"id":8606,"href":"https:\/\/comenascelacostituzione.it\/index.php?rest_route=\/wp\/v2\/pages\/4173\/revisions\/8606"}],"wp:attachment":[{"href":"https:\/\/comenascelacostituzione.it\/index.php?rest_route=%2Fwp%2Fv2%2Fmedia&parent=4173"}],"wp:term":[{"taxonomy":"folder","embeddable":true,"href":"https:\/\/comenascelacostituzione.it\/index.php?rest_route=%2Fwp%2Fv2%2Ffolder&post=4173"}],"curies":[{"name":"wp","href":"https:\/\/api.w.org\/{rel}","templated":true}]}}