{"id":4150,"date":"2023-10-08T11:24:04","date_gmt":"2023-10-08T09:24:04","guid":{"rendered":"https:\/\/comenascelacostituzione.it\/?page_id=4150"},"modified":"2023-10-24T09:57:24","modified_gmt":"2023-10-24T07:57:24","slug":"art-118","status":"publish","type":"page","link":"https:\/\/comenascelacostituzione.it\/?page_id=4150","title":{"rendered":"Art. 118"},"content":{"rendered":"\t\t<div data-elementor-type=\"wp-page\" data-elementor-id=\"4150\" class=\"elementor elementor-4150\" data-elementor-post-type=\"page\">\n\t\t\t\t\t\t<section class=\"elementor-section elementor-top-section elementor-element elementor-element-427fff19 elementor-section-content-middle elementor-section-boxed elementor-section-height-default elementor-section-height-default\" data-id=\"427fff19\" data-element_type=\"section\" data-settings=\"{&quot;background_background&quot;:&quot;classic&quot;}\">\n\t\t\t\t\t\t\t<div class=\"elementor-background-overlay\"><\/div>\n\t\t\t\t\t\t\t<div class=\"elementor-container elementor-column-gap-default\">\n\t\t\t\t\t<div class=\"elementor-column elementor-col-100 elementor-top-column elementor-element elementor-element-56758138\" data-id=\"56758138\" data-element_type=\"column\">\n\t\t\t<div class=\"elementor-widget-wrap elementor-element-populated\">\n\t\t\t\t\t<div class=\"elementor-background-overlay\"><\/div>\n\t\t\t\t\t\t<div class=\"elementor-element elementor-element-73c4b0b animated-slow elementor-invisible elementor-widget elementor-widget-heading\" data-id=\"73c4b0b\" data-element_type=\"widget\" data-settings=\"{&quot;_animation&quot;:&quot;fadeIn&quot;}\" data-widget_type=\"heading.default\">\n\t\t\t\t<div class=\"elementor-widget-container\">\n\t\t\t\t\t<h2 class=\"elementor-heading-title elementor-size-default\">Art. 118<\/h2>\t\t\t\t<\/div>\n\t\t\t\t<\/div>\n\t\t\t\t\t<\/div>\n\t\t<\/div>\n\t\t\t\t\t<\/div>\n\t\t<\/section>\n\t\t\t\t<section class=\"elementor-section elementor-top-section elementor-element elementor-element-e3cdcd4 elementor-section-boxed elementor-section-height-default elementor-section-height-default\" data-id=\"e3cdcd4\" data-element_type=\"section\" data-settings=\"{&quot;background_background&quot;:&quot;classic&quot;}\">\n\t\t\t\t\t\t<div class=\"elementor-container elementor-column-gap-default\">\n\t\t\t\t\t<div class=\"elementor-column elementor-col-100 elementor-top-column elementor-element elementor-element-ea0e593\" data-id=\"ea0e593\" data-element_type=\"column\" data-settings=\"{&quot;background_background&quot;:&quot;classic&quot;}\">\n\t\t\t<div class=\"elementor-widget-wrap elementor-element-populated\">\n\t\t\t\t\t\t<div class=\"elementor-element elementor-element-3cbbccf elementor-widget__width-initial animated-slow elementor-invisible elementor-widget elementor-widget-text-editor\" data-id=\"3cbbccf\" data-element_type=\"widget\" data-settings=\"{&quot;motion_fx_motion_fx_scrolling&quot;:&quot;yes&quot;,&quot;motion_fx_translateY_effect&quot;:&quot;yes&quot;,&quot;motion_fx_translateY_direction&quot;:&quot;negative&quot;,&quot;motion_fx_translateY_speed&quot;:{&quot;unit&quot;:&quot;px&quot;,&quot;size&quot;:0,&quot;sizes&quot;:[]},&quot;motion_fx_translateY_affectedRange&quot;:{&quot;unit&quot;:&quot;%&quot;,&quot;size&quot;:&quot;&quot;,&quot;sizes&quot;:{&quot;start&quot;:46,&quot;end&quot;:100}},&quot;_animation&quot;:&quot;fadeInDown&quot;,&quot;motion_fx_devices&quot;:[&quot;desktop&quot;,&quot;tablet&quot;,&quot;mobile&quot;]}\" data-widget_type=\"text-editor.default\">\n\t\t\t\t<div class=\"elementor-widget-container\">\n\t\t\t\t\t\t\t\t\t<div style=\"text-align: justify;\">Le funzioni amministrative sono attribuite ai Comuni salvo che, per assicurarne l\u2019esercizio unitario, siano conferite a Province, Citt\u00e0 metropolitane, Regioni e Stato, sulla base dei princ\u00ecpi di sussidiariet\u00e0, differenziazione ed adeguatezza.<br \/>I Comuni, le Province e le Citt\u00e0 metropolitane sono titolari di funzioni amministrative proprie e di quelle conferite con legge statale o regionale, secondo le rispettive competenze.<br \/>La legge statale disciplina forme di coordinamento fra Stato e Regioni nelle materie di cui alle lettere b) e h) del secondo comma dell\u2019articolo 117, e disciplina inoltre forme di intesa e coordinamento nella materia della tutela dei beni culturali.<br \/>Stato, Regioni, Citt\u00e0 metropolitane, Province e Comuni favoriscono l\u2019autonoma iniziativa dei cittadini, singoli e associati, per lo svolgimento di attivit\u00e0 di interesse generale, sulla base del principio di sussidiariet\u00e0.<\/div>\t\t\t\t\t\t\t\t<\/div>\n\t\t\t\t<\/div>\n\t\t\t\t\t<\/div>\n\t\t<\/div>\n\t\t\t\t\t<\/div>\n\t\t<\/section>\n\t\t\t\t<section class=\"elementor-section elementor-top-section elementor-element elementor-element-a99fa06 elementor-section-content-middle elementor-section-boxed elementor-section-height-default elementor-section-height-default\" data-id=\"a99fa06\" data-element_type=\"section\" data-settings=\"{&quot;background_background&quot;:&quot;classic&quot;}\">\n\t\t\t\t\t\t<div class=\"elementor-container elementor-column-gap-default\">\n\t\t\t\t\t<div class=\"elementor-column elementor-col-100 elementor-top-column elementor-element elementor-element-20a7e6f1\" data-id=\"20a7e6f1\" data-element_type=\"column\">\n\t\t\t<div class=\"elementor-widget-wrap elementor-element-populated\">\n\t\t\t\t\t<div class=\"elementor-background-overlay\"><\/div>\n\t\t\t\t\t\t<div class=\"elementor-element elementor-element-24719ee animated-slow elementor-invisible elementor-widget elementor-widget-toggle\" data-id=\"24719ee\" data-element_type=\"widget\" data-settings=\"{&quot;_animation&quot;:&quot;fadeInDown&quot;}\" data-widget_type=\"toggle.default\">\n\t\t\t\t<div class=\"elementor-widget-container\">\n\t\t\t\t\t\t\t<div class=\"elementor-toggle\">\n\t\t\t\t\t\t\t<div class=\"elementor-toggle-item\">\n\t\t\t\t\t<div id=\"elementor-tab-title-3821\" class=\"elementor-tab-title\" data-tab=\"1\" role=\"button\" aria-controls=\"elementor-tab-content-3821\" aria-expanded=\"false\">\n\t\t\t\t\t\t\t\t\t\t\t\t<span class=\"elementor-toggle-icon elementor-toggle-icon-left\" aria-hidden=\"true\">\n\t\t\t\t\t\t\t\t\t\t\t\t\t\t\t<span class=\"elementor-toggle-icon-closed\"><i class=\"fas fa-caret-right\"><\/i><\/span>\n\t\t\t\t\t\t\t\t<span class=\"elementor-toggle-icon-opened\"><i class=\"elementor-toggle-icon-opened fas fa-caret-up\"><\/i><\/span>\n\t\t\t\t\t\t\t\t\t\t\t\t\t<\/span>\n\t\t\t\t\t\t\t\t\t\t\t\t<a class=\"elementor-toggle-title\" tabindex=\"0\">Testo originario del 1\u00b0 gennaio 1948 <\/a>\n\t\t\t\t\t<\/div>\n\n\t\t\t\t\t<div id=\"elementor-tab-content-3821\" class=\"elementor-tab-content elementor-clearfix\" data-tab=\"1\" role=\"region\" aria-labelledby=\"elementor-tab-title-3821\"><div style=\"text-align: justify;\">Spettano alla Regione le funzioni amministrative per le materie elencate nel precedente articolo, salvo quelle di interesse esclusivamente locale, che possono essere attribuite dalle leggi della Repubblica alle Provincie, ai Comuni o ad altri enti locali.<\/div><div style=\"text-align: justify;\">Lo Stato pu\u00f2 con legge delegare alla regione l\u2019esercizio di altre funzioni amministrative.<br \/>La Regione esercita normalmente le sue funzioni amministrative delegandole alle Provincie, ai Comuni o ad altri enti locali, o valendosi dei loro uffici.<\/div><\/div>\n\t\t\t\t<\/div>\n\t\t\t\t\t\t\t\t\t\t<script type=\"application\/ld+json\">{\"@context\":\"https:\\\/\\\/schema.org\",\"@type\":\"FAQPage\",\"mainEntity\":[{\"@type\":\"Question\",\"name\":\"Testo originario del 1\\u00b0 gennaio 1948\",\"acceptedAnswer\":{\"@type\":\"Answer\",\"text\":\"<div style=\\\"text-align: justify;\\\">Spettano alla Regione le funzioni amministrative per le materie elencate nel precedente articolo, salvo quelle di interesse esclusivamente locale, che possono essere attribuite dalle leggi della Repubblica alle Provincie, ai Comuni o ad altri enti locali.<\\\/div><div style=\\\"text-align: justify;\\\">Lo Stato pu\\u00f2 con legge delegare alla regione l\\u2019esercizio di altre funzioni amministrative.<br \\\/>La Regione esercita normalmente le sue funzioni amministrative delegandole alle Provincie, ai Comuni o ad altri enti locali, o valendosi dei loro uffici.<\\\/div>\"}}]}<\/script>\n\t\t\t\t\t<\/div>\n\t\t\t\t\t\t<\/div>\n\t\t\t\t<\/div>\n\t\t\t\t<div class=\"elementor-element elementor-element-08d2475 animated-slow elementor-invisible elementor-widget elementor-widget-toggle\" data-id=\"08d2475\" data-element_type=\"widget\" data-settings=\"{&quot;_animation&quot;:&quot;fadeInDown&quot;}\" data-widget_type=\"toggle.default\">\n\t\t\t\t<div class=\"elementor-widget-container\">\n\t\t\t\t\t\t\t<div class=\"elementor-toggle\">\n\t\t\t\t\t\t\t<div class=\"elementor-toggle-item\">\n\t\t\t\t\t<div id=\"elementor-tab-title-9241\" class=\"elementor-tab-title\" data-tab=\"1\" role=\"button\" aria-controls=\"elementor-tab-content-9241\" aria-expanded=\"false\">\n\t\t\t\t\t\t\t\t\t\t\t\t<span class=\"elementor-toggle-icon elementor-toggle-icon-left\" aria-hidden=\"true\">\n\t\t\t\t\t\t\t\t\t\t\t\t\t\t\t<span class=\"elementor-toggle-icon-closed\"><i class=\"fas fa-caret-right\"><\/i><\/span>\n\t\t\t\t\t\t\t\t<span class=\"elementor-toggle-icon-opened\"><i class=\"elementor-toggle-icon-opened fas fa-caret-up\"><\/i><\/span>\n\t\t\t\t\t\t\t\t\t\t\t\t\t<\/span>\n\t\t\t\t\t\t\t\t\t\t\t\t<a class=\"elementor-toggle-title\" tabindex=\"0\">Evoluzione dalla Commissione dei 75 a oggi<\/a>\n\t\t\t\t\t<\/div>\n\n\t\t\t\t\t<div id=\"elementor-tab-content-9241\" class=\"elementor-tab-content elementor-clearfix\" data-tab=\"1\" role=\"region\" aria-labelledby=\"elementor-tab-title-9241\"><div style=\"text-align: justify;\"><p><strong>Testo della Commissione dei 75<\/strong><br \/><strong>Gi\u00e0 art. 112<\/strong><br \/>La Regione provvede all\u2019amministrazione nelle materie indicate negli articoli 109 e 110 e nelle altre delle quali lo Stato le delega la gestione.<\/p><p><strong>Gi\u00e0 art. 120<\/strong><br \/>La Regione esercita normalmente le sue funzioni amministrative a mezzo di uffici nelle circoscrizioni provinciali, che pu\u00f2 suddividere in circondari per un ulteriore decentramento.<br \/>Nelle circoscrizioni provinciali sono istituite Giunte nominate Corpi elettivi, nei modi e coi poteri stabiliti da una legge della Repubblica.<\/p><p><strong>Emendamenti approvati dall\u2019Assemblea Costituente<\/strong><br \/>Sostituire l\u2019articolo con il seguente:<br \/>\u201cSpettano alla Regione le funzioni amministrative per le materie elencate nel primo comma del precedente articolo, salvo quelle di interesse esclusivamente locale, attribuite dalla legge della Repubblica alle Province, ai Comuni o ad altri enti locali.<br \/>Lo Stato pu\u00f2 con legge delegare alla regione l\u2019esercizio di altre funzioni amministrative.<br \/>La Regione esercita normalmente le funzioni amministrative delegandole alle Province, ai Comuni o ad altri enti locali, o valendosi dei loro uffici\u201d.<br \/>MORTATI (DC).<\/p><p><strong>Testo della Costituzione approvato dall\u2019Assemblea Costituente<\/strong><br \/>Spettano alla Regione le funzioni amministrative per le materie elencate nel precedente articolo, salvo quelle di interesse esclusivamente locale, che possono essere attribuite dalle leggi della Repubblica alle Provincie, ai Comuni o ad altri enti locali.<br \/>Lo Stato pu\u00f2 con legge delegare alla regione l\u2019esercizio di altre funzioni amministrative.<br \/>La Regione esercita normalmente le sue funzioni amministrative delegandole alle provincie, ai Comuni o ad altri enti locali, o valendosi dei loro uffici.<br \/><a href=\"https:\/\/comenascelacostituzione.it\/?p=2015\">11\/07\/1947 Pomeridiana<\/a><br \/><em>discussione generale:<\/em><br \/><a href=\"https:\/\/comenascelacostituzione.it\/?p=1894\">27\/05\/1947 <\/a><br \/><a href=\"https:\/\/comenascelacostituzione.it\/?p=1896\">28\/05\/1947 <\/a><br \/><a href=\"https:\/\/comenascelacostituzione.it\/?p=1898\">29\/05\/1947 <\/a><br \/><a href=\"https:\/\/comenascelacostituzione.it\/?p=1900\">30\/05\/1947 <\/a><br \/><a href=\"https:\/\/comenascelacostituzione.it\/?p=1902\">31\/05\/1947<\/a><br \/><a href=\"https:\/\/comenascelacostituzione.it\/?p=1912\">03\/06\/1947<\/a><br \/><a href=\"https:\/\/comenascelacostituzione.it\/?p=1914\">04\/06\/1947 Antimeridiana<\/a><br \/><a href=\"https:\/\/comenascelacostituzione.it\/?p=1916\">04\/06\/1947 Pomeridiana<\/a><br \/><a href=\"https:\/\/comenascelacostituzione.it\/?p=1918\">06\/06\/1947 Antimeridiana<\/a><br \/><a href=\"https:\/\/comenascelacostituzione.it\/?p=1920\">06\/06\/1947 Pomeridiana<\/a><br \/><a href=\"https:\/\/comenascelacostituzione.it\/?p=1922\">07\/06\/1947<\/a><br \/><a href=\"https:\/\/comenascelacostituzione.it\/?p=1926\">10\/06\/1947 Antimeridiana<\/a><br \/><a href=\"https:\/\/comenascelacostituzione.it\/?p=1934\">12\/06\/1947 Antimeridiana<\/a><br \/><a href=\"https:\/\/comenascelacostituzione.it\/?p=1938\">13\/06\/1947 Antimeridiana<\/a><br \/><a href=\"https:\/\/comenascelacostituzione.it\/?p=1968\">27\/06\/1947<\/a><\/p><p><strong>Leggi di modifica<\/strong><br \/>La legge costituzionale 18 ottobre 2001, n. 3 \u00abModifiche al titolo V della parte seconda della Costituzione\u00bb (G.U. n. 248 del 24 ottobre 2001) ha disposto, con l\u2019art. 4 comma 1, la modifica dell\u2019art. 118.<\/p><\/div><\/div>\n\t\t\t\t<\/div>\n\t\t\t\t\t\t\t\t\t\t<script type=\"application\/ld+json\">{\"@context\":\"https:\\\/\\\/schema.org\",\"@type\":\"FAQPage\",\"mainEntity\":[{\"@type\":\"Question\",\"name\":\"Evoluzione dalla Commissione dei 75 a oggi\",\"acceptedAnswer\":{\"@type\":\"Answer\",\"text\":\"<div style=\\\"text-align: justify;\\\"><p><strong>Testo della Commissione dei 75<\\\/strong><br \\\/><strong>Gi\\u00e0 art. 112<\\\/strong><br \\\/>La Regione provvede all\\u2019amministrazione nelle materie indicate negli articoli 109 e 110 e nelle altre delle quali lo Stato le delega la gestione.<\\\/p><p><strong>Gi\\u00e0 art. 120<\\\/strong><br \\\/>La Regione esercita normalmente le sue funzioni amministrative a mezzo di uffici nelle circoscrizioni provinciali, che pu\\u00f2 suddividere in circondari per un ulteriore decentramento.<br \\\/>Nelle circoscrizioni provinciali sono istituite Giunte nominate Corpi elettivi, nei modi e coi poteri stabiliti da una legge della Repubblica.<\\\/p><p><strong>Emendamenti approvati dall\\u2019Assemblea Costituente<\\\/strong><br \\\/>Sostituire l\\u2019articolo con il seguente:<br \\\/>\\u201cSpettano alla Regione le funzioni amministrative per le materie elencate nel primo comma del precedente articolo, salvo quelle di interesse esclusivamente locale, attribuite dalla legge della Repubblica alle Province, ai Comuni o ad altri enti locali.<br \\\/>Lo Stato pu\\u00f2 con legge delegare alla regione l\\u2019esercizio di altre funzioni amministrative.<br \\\/>La Regione esercita normalmente le funzioni amministrative delegandole alle Province, ai Comuni o ad altri enti locali, o valendosi dei loro uffici\\u201d.<br \\\/>MORTATI (DC).<\\\/p><p><strong>Testo della Costituzione approvato dall\\u2019Assemblea Costituente<\\\/strong><br \\\/>Spettano alla Regione le funzioni amministrative per le materie elencate nel precedente articolo, salvo quelle di interesse esclusivamente locale, che possono essere attribuite dalle leggi della Repubblica alle Provincie, ai Comuni o ad altri enti locali.<br \\\/>Lo Stato pu\\u00f2 con legge delegare alla regione l\\u2019esercizio di altre funzioni amministrative.<br \\\/>La Regione esercita normalmente le sue funzioni amministrative delegandole alle provincie, ai Comuni o ad altri enti locali, o valendosi dei loro uffici.<br \\\/><a href=\\\"https:\\\/\\\/comenascelacostituzione.it\\\/?p=2015\\\">11\\\/07\\\/1947 Pomeridiana<\\\/a><br \\\/><em>discussione generale:<\\\/em><br \\\/><a href=\\\"https:\\\/\\\/comenascelacostituzione.it\\\/?p=1894\\\">27\\\/05\\\/1947 <\\\/a><br \\\/><a href=\\\"https:\\\/\\\/comenascelacostituzione.it\\\/?p=1896\\\">28\\\/05\\\/1947 <\\\/a><br \\\/><a href=\\\"https:\\\/\\\/comenascelacostituzione.it\\\/?p=1898\\\">29\\\/05\\\/1947 <\\\/a><br \\\/><a href=\\\"https:\\\/\\\/comenascelacostituzione.it\\\/?p=1900\\\">30\\\/05\\\/1947 <\\\/a><br \\\/><a href=\\\"https:\\\/\\\/comenascelacostituzione.it\\\/?p=1902\\\">31\\\/05\\\/1947<\\\/a><br \\\/><a href=\\\"https:\\\/\\\/comenascelacostituzione.it\\\/?p=1912\\\">03\\\/06\\\/1947<\\\/a><br \\\/><a href=\\\"https:\\\/\\\/comenascelacostituzione.it\\\/?p=1914\\\">04\\\/06\\\/1947 Antimeridiana<\\\/a><br \\\/><a href=\\\"https:\\\/\\\/comenascelacostituzione.it\\\/?p=1916\\\">04\\\/06\\\/1947 Pomeridiana<\\\/a><br \\\/><a href=\\\"https:\\\/\\\/comenascelacostituzione.it\\\/?p=1918\\\">06\\\/06\\\/1947 Antimeridiana<\\\/a><br \\\/><a href=\\\"https:\\\/\\\/comenascelacostituzione.it\\\/?p=1920\\\">06\\\/06\\\/1947 Pomeridiana<\\\/a><br \\\/><a href=\\\"https:\\\/\\\/comenascelacostituzione.it\\\/?p=1922\\\">07\\\/06\\\/1947<\\\/a><br \\\/><a href=\\\"https:\\\/\\\/comenascelacostituzione.it\\\/?p=1926\\\">10\\\/06\\\/1947 Antimeridiana<\\\/a><br \\\/><a href=\\\"https:\\\/\\\/comenascelacostituzione.it\\\/?p=1934\\\">12\\\/06\\\/1947 Antimeridiana<\\\/a><br \\\/><a href=\\\"https:\\\/\\\/comenascelacostituzione.it\\\/?p=1938\\\">13\\\/06\\\/1947 Antimeridiana<\\\/a><br \\\/><a href=\\\"https:\\\/\\\/comenascelacostituzione.it\\\/?p=1968\\\">27\\\/06\\\/1947<\\\/a><\\\/p><p><strong>Leggi di modifica<\\\/strong><br \\\/>La legge costituzionale 18 ottobre 2001, n. 3 \\u00abModifiche al titolo V della parte seconda della Costituzione\\u00bb (G.U. n. 248 del 24 ottobre 2001) ha disposto, con l\\u2019art. 4 comma 1, la modifica dell\\u2019art. 118.<\\\/p><\\\/div>\"}}]}<\/script>\n\t\t\t\t\t<\/div>\n\t\t\t\t\t\t<\/div>\n\t\t\t\t<\/div>\n\t\t\t\t<div class=\"elementor-element elementor-element-232a541 elementor-align-center elementor-widget elementor-widget-button\" data-id=\"232a541\" data-element_type=\"widget\" data-widget_type=\"button.default\">\n\t\t\t\t<div class=\"elementor-widget-container\">\n\t\t\t\t\t\t\t\t\t<div class=\"elementor-button-wrapper\">\n\t\t\t\t\t<a class=\"elementor-button elementor-button-link elementor-size-sm elementor-animation-push\" href=\"https:\/\/comenascelacostituzione.it\/?page_id=2562\">\n\t\t\t\t\t\t<span class=\"elementor-button-content-wrapper\">\n\t\t\t\t\t\t\t\t\t<span class=\"elementor-button-text\">Indietro<\/span>\n\t\t\t\t\t<\/span>\n\t\t\t\t\t<\/a>\n\t\t\t\t<\/div>\n\t\t\t\t\t\t\t\t<\/div>\n\t\t\t\t<\/div>\n\t\t\t\t\t<\/div>\n\t\t<\/div>\n\t\t\t\t\t<\/div>\n\t\t<\/section>\n\t\t\t\t<\/div>\n\t\t","protected":false},"excerpt":{"rendered":"<p>Art. 118 Le funzioni amministrative sono attribuite ai Comuni salvo che, per assicurarne l\u2019esercizio unitario, siano conferite a Province, Citt\u00e0 metropolitane, Regioni e Stato, sulla base dei princ\u00ecpi di sussidiariet\u00e0, differenziazione ed adeguatezza.I Comuni, le Province e le Citt\u00e0 metropolitane sono titolari di funzioni amministrative proprie e di quelle conferite con legge statale o regionale, [&hellip;]<\/p>\n","protected":false},"author":1,"featured_media":0,"parent":0,"menu_order":0,"comment_status":"closed","ping_status":"closed","template":"elementor_header_footer","meta":{"_relevanssi_hide_post":"","_relevanssi_hide_content":"","_relevanssi_pin_for_all":"","_relevanssi_pin_keywords":"","_relevanssi_unpin_keywords":"","_relevanssi_related_keywords":"","_relevanssi_related_include_ids":"","_relevanssi_related_exclude_ids":"","_relevanssi_related_no_append":"","_relevanssi_related_not_related":"","_relevanssi_related_posts":"","_relevanssi_noindex_reason":"","_monsterinsights_skip_tracking":false,"_monsterinsights_sitenote_active":false,"_monsterinsights_sitenote_note":"","_monsterinsights_sitenote_category":0,"footnotes":""},"folder":[66],"class_list":["post-4150","page","type-page","status-publish","hentry"],"aioseo_notices":[],"_links":{"self":[{"href":"https:\/\/comenascelacostituzione.it\/index.php?rest_route=\/wp\/v2\/pages\/4150","targetHints":{"allow":["GET"]}}],"collection":[{"href":"https:\/\/comenascelacostituzione.it\/index.php?rest_route=\/wp\/v2\/pages"}],"about":[{"href":"https:\/\/comenascelacostituzione.it\/index.php?rest_route=\/wp\/v2\/types\/page"}],"author":[{"embeddable":true,"href":"https:\/\/comenascelacostituzione.it\/index.php?rest_route=\/wp\/v2\/users\/1"}],"replies":[{"embeddable":true,"href":"https:\/\/comenascelacostituzione.it\/index.php?rest_route=%2Fwp%2Fv2%2Fcomments&post=4150"}],"version-history":[{"count":10,"href":"https:\/\/comenascelacostituzione.it\/index.php?rest_route=\/wp\/v2\/pages\/4150\/revisions"}],"predecessor-version":[{"id":8585,"href":"https:\/\/comenascelacostituzione.it\/index.php?rest_route=\/wp\/v2\/pages\/4150\/revisions\/8585"}],"wp:attachment":[{"href":"https:\/\/comenascelacostituzione.it\/index.php?rest_route=%2Fwp%2Fv2%2Fmedia&parent=4150"}],"wp:term":[{"taxonomy":"folder","embeddable":true,"href":"https:\/\/comenascelacostituzione.it\/index.php?rest_route=%2Fwp%2Fv2%2Ffolder&post=4150"}],"curies":[{"name":"wp","href":"https:\/\/api.w.org\/{rel}","templated":true}]}}