{"id":4108,"date":"2023-10-08T10:17:57","date_gmt":"2023-10-08T08:17:57","guid":{"rendered":"https:\/\/comenascelacostituzione.it\/?page_id=4108"},"modified":"2023-10-24T09:34:03","modified_gmt":"2023-10-24T07:34:03","slug":"art-111","status":"publish","type":"page","link":"https:\/\/comenascelacostituzione.it\/?page_id=4108","title":{"rendered":"Art. 111"},"content":{"rendered":"\t\t<div data-elementor-type=\"wp-page\" data-elementor-id=\"4108\" class=\"elementor elementor-4108\" data-elementor-post-type=\"page\">\n\t\t\t\t\t\t<section class=\"elementor-section elementor-top-section elementor-element elementor-element-427fff19 elementor-section-content-middle elementor-section-boxed elementor-section-height-default elementor-section-height-default\" data-id=\"427fff19\" data-element_type=\"section\" data-settings=\"{&quot;background_background&quot;:&quot;classic&quot;}\">\n\t\t\t\t\t\t\t<div class=\"elementor-background-overlay\"><\/div>\n\t\t\t\t\t\t\t<div class=\"elementor-container elementor-column-gap-default\">\n\t\t\t\t\t<div class=\"elementor-column elementor-col-100 elementor-top-column elementor-element elementor-element-56758138\" data-id=\"56758138\" data-element_type=\"column\">\n\t\t\t<div class=\"elementor-widget-wrap elementor-element-populated\">\n\t\t\t\t\t<div class=\"elementor-background-overlay\"><\/div>\n\t\t\t\t\t\t<div class=\"elementor-element elementor-element-73c4b0b animated-slow elementor-invisible elementor-widget elementor-widget-heading\" data-id=\"73c4b0b\" data-element_type=\"widget\" data-settings=\"{&quot;_animation&quot;:&quot;fadeIn&quot;}\" data-widget_type=\"heading.default\">\n\t\t\t\t<div class=\"elementor-widget-container\">\n\t\t\t\t\t<h2 class=\"elementor-heading-title elementor-size-default\">Art. 111<\/h2>\t\t\t\t<\/div>\n\t\t\t\t<\/div>\n\t\t\t\t\t<\/div>\n\t\t<\/div>\n\t\t\t\t\t<\/div>\n\t\t<\/section>\n\t\t\t\t<section class=\"elementor-section elementor-top-section elementor-element elementor-element-e3cdcd4 elementor-section-boxed elementor-section-height-default elementor-section-height-default\" data-id=\"e3cdcd4\" data-element_type=\"section\" data-settings=\"{&quot;background_background&quot;:&quot;classic&quot;}\">\n\t\t\t\t\t\t<div class=\"elementor-container elementor-column-gap-default\">\n\t\t\t\t\t<div class=\"elementor-column elementor-col-100 elementor-top-column elementor-element elementor-element-ea0e593\" data-id=\"ea0e593\" data-element_type=\"column\" data-settings=\"{&quot;background_background&quot;:&quot;classic&quot;}\">\n\t\t\t<div class=\"elementor-widget-wrap elementor-element-populated\">\n\t\t\t\t\t\t<div class=\"elementor-element elementor-element-3cbbccf elementor-widget__width-initial animated-slow elementor-invisible elementor-widget elementor-widget-text-editor\" data-id=\"3cbbccf\" data-element_type=\"widget\" data-settings=\"{&quot;motion_fx_motion_fx_scrolling&quot;:&quot;yes&quot;,&quot;motion_fx_translateY_effect&quot;:&quot;yes&quot;,&quot;motion_fx_translateY_direction&quot;:&quot;negative&quot;,&quot;motion_fx_translateY_speed&quot;:{&quot;unit&quot;:&quot;px&quot;,&quot;size&quot;:0,&quot;sizes&quot;:[]},&quot;motion_fx_translateY_affectedRange&quot;:{&quot;unit&quot;:&quot;%&quot;,&quot;size&quot;:&quot;&quot;,&quot;sizes&quot;:{&quot;start&quot;:46,&quot;end&quot;:100}},&quot;_animation&quot;:&quot;fadeInDown&quot;,&quot;motion_fx_devices&quot;:[&quot;desktop&quot;,&quot;tablet&quot;,&quot;mobile&quot;]}\" data-widget_type=\"text-editor.default\">\n\t\t\t\t<div class=\"elementor-widget-container\">\n\t\t\t\t\t\t\t\t\t<div style=\"text-align: justify;\"><p>La giurisdizione si attua mediante il giusto processo regolato dalla legge.<br \/>Ogni processo si svolge nel contraddittorio tra le parti, in condizioni di parit\u00e0, davanti a giudice terzo e imparziale. La legge ne assicura la ragionevole durata.<br \/>Nel processo penale, la legge assicura che la persona accusata di un reato sia, nel pi\u00f9 breve tempo possibile, informata riservatamente della natura e dei motivi dell\u2019accusa elevata a suo carico; disponga del tempo e delle condizioni necessari per preparare la sua difesa; abbia la facolt\u00e0, davanti al giudice, di interrogare o di far interrogare le persone che rendono dichiarazioni a suo carico, di ottenere la convocazione e l\u2019interrogatorio di persone a sua difesa nelle stesse condizioni dell\u2019accusa e l\u2019acquisizione di ogni altro mezzo di prova a suo favore; sia assistita da un interprete se non comprende o non parla la lingua impiegata nel processo.<br \/>Il processo penale \u00e8 regolato dal principio del contraddittorio nella formazione della prova. La colpevolezza dell\u2019imputato non pu\u00f2 essere provata sulla base di dichiarazioni rese da chi, per libera scelta, si \u00e8 sempre volontariamente sottratto all\u2019interrogatorio da parte dell\u2019imputato o del suo difensore.<br \/>La legge regola i casi in cui la formazione della prova non ha luogo in contraddittorio per consenso dell\u2019imputato o per accertata impossibilit\u00e0 di natura oggettiva o per effetto di provata condotta illecita.<br \/>Tutti i provvedimenti giurisdizionali devono essere motivati.<br \/>Contro le sentenze e contro i provvedimenti sulla libert\u00e0 personale, pronunciati dagli organi giurisdizionali ordinari o speciali, \u00e8 sempre ammesso ricorso in Cassazione per violazione di legge. Si pu\u00f2 derogare a tale norma soltanto per le sentenze dei tribunali militari in tempo di guerra.<br \/>Contro le decisioni del Consiglio di Stato e della Corte dei conti il ricorso in Cassazione \u00e8 ammesso per i soli motivi inerenti alla giurisdizione.<\/p><\/div>\t\t\t\t\t\t\t\t<\/div>\n\t\t\t\t<\/div>\n\t\t\t\t\t<\/div>\n\t\t<\/div>\n\t\t\t\t\t<\/div>\n\t\t<\/section>\n\t\t\t\t<section class=\"elementor-section elementor-top-section elementor-element elementor-element-a99fa06 elementor-section-content-middle elementor-section-boxed elementor-section-height-default elementor-section-height-default\" data-id=\"a99fa06\" data-element_type=\"section\" data-settings=\"{&quot;background_background&quot;:&quot;classic&quot;}\">\n\t\t\t\t\t\t<div class=\"elementor-container elementor-column-gap-default\">\n\t\t\t\t\t<div class=\"elementor-column elementor-col-100 elementor-top-column elementor-element elementor-element-20a7e6f1\" data-id=\"20a7e6f1\" data-element_type=\"column\">\n\t\t\t<div class=\"elementor-widget-wrap elementor-element-populated\">\n\t\t\t\t\t<div class=\"elementor-background-overlay\"><\/div>\n\t\t\t\t\t\t<div class=\"elementor-element elementor-element-24719ee animated-slow elementor-invisible elementor-widget elementor-widget-toggle\" data-id=\"24719ee\" data-element_type=\"widget\" data-settings=\"{&quot;_animation&quot;:&quot;fadeInDown&quot;}\" data-widget_type=\"toggle.default\">\n\t\t\t\t<div class=\"elementor-widget-container\">\n\t\t\t\t\t\t\t<div class=\"elementor-toggle\">\n\t\t\t\t\t\t\t<div class=\"elementor-toggle-item\">\n\t\t\t\t\t<div id=\"elementor-tab-title-3821\" class=\"elementor-tab-title\" data-tab=\"1\" role=\"button\" aria-controls=\"elementor-tab-content-3821\" aria-expanded=\"false\">\n\t\t\t\t\t\t\t\t\t\t\t\t<span class=\"elementor-toggle-icon elementor-toggle-icon-left\" aria-hidden=\"true\">\n\t\t\t\t\t\t\t\t\t\t\t\t\t\t\t<span class=\"elementor-toggle-icon-closed\"><i class=\"fas fa-caret-right\"><\/i><\/span>\n\t\t\t\t\t\t\t\t<span class=\"elementor-toggle-icon-opened\"><i class=\"elementor-toggle-icon-opened fas fa-caret-up\"><\/i><\/span>\n\t\t\t\t\t\t\t\t\t\t\t\t\t<\/span>\n\t\t\t\t\t\t\t\t\t\t\t\t<a class=\"elementor-toggle-title\" tabindex=\"0\">Testo originario del 1\u00b0 gennaio 1948 <\/a>\n\t\t\t\t\t<\/div>\n\n\t\t\t\t\t<div id=\"elementor-tab-content-3821\" class=\"elementor-tab-content elementor-clearfix\" data-tab=\"1\" role=\"region\" aria-labelledby=\"elementor-tab-title-3821\"><div style=\"text-align: justify;\">Tutti i provvedimenti giurisdizionali devono essere motivati.<br \/>Contro le sentenze e contro i provvedimenti sulla libert\u00e0 personale, pronunciati dagli organi giurisdizionali ordinari o speciali, \u00e8 sempre ammesso ricorso in cassazione per violazione di legge. Si pu\u00f2 derogare a tale norma soltanto per le sentenze dei tribunali militari in tempo di guerra.<br \/>Contro le decisioni del Consiglio di Stato e della Corte dei conti il ricorso in Cassazione \u00e8 ammesso per i soli motivi inerenti alla giurisdizione.<\/div><\/div>\n\t\t\t\t<\/div>\n\t\t\t\t\t\t\t\t\t\t<script type=\"application\/ld+json\">{\"@context\":\"https:\\\/\\\/schema.org\",\"@type\":\"FAQPage\",\"mainEntity\":[{\"@type\":\"Question\",\"name\":\"Testo originario del 1\\u00b0 gennaio 1948\",\"acceptedAnswer\":{\"@type\":\"Answer\",\"text\":\"<div style=\\\"text-align: justify;\\\">Tutti i provvedimenti giurisdizionali devono essere motivati.<br \\\/>Contro le sentenze e contro i provvedimenti sulla libert\\u00e0 personale, pronunciati dagli organi giurisdizionali ordinari o speciali, \\u00e8 sempre ammesso ricorso in cassazione per violazione di legge. Si pu\\u00f2 derogare a tale norma soltanto per le sentenze dei tribunali militari in tempo di guerra.<br \\\/>Contro le decisioni del Consiglio di Stato e della Corte dei conti il ricorso in Cassazione \\u00e8 ammesso per i soli motivi inerenti alla giurisdizione.<\\\/div>\"}}]}<\/script>\n\t\t\t\t\t<\/div>\n\t\t\t\t\t\t<\/div>\n\t\t\t\t<\/div>\n\t\t\t\t<div class=\"elementor-element elementor-element-08d2475 animated-slow elementor-invisible elementor-widget elementor-widget-toggle\" data-id=\"08d2475\" data-element_type=\"widget\" data-settings=\"{&quot;_animation&quot;:&quot;fadeInDown&quot;}\" data-widget_type=\"toggle.default\">\n\t\t\t\t<div class=\"elementor-widget-container\">\n\t\t\t\t\t\t\t<div class=\"elementor-toggle\">\n\t\t\t\t\t\t\t<div class=\"elementor-toggle-item\">\n\t\t\t\t\t<div id=\"elementor-tab-title-9241\" class=\"elementor-tab-title\" data-tab=\"1\" role=\"button\" aria-controls=\"elementor-tab-content-9241\" aria-expanded=\"false\">\n\t\t\t\t\t\t\t\t\t\t\t\t<span class=\"elementor-toggle-icon elementor-toggle-icon-left\" aria-hidden=\"true\">\n\t\t\t\t\t\t\t\t\t\t\t\t\t\t\t<span class=\"elementor-toggle-icon-closed\"><i class=\"fas fa-caret-right\"><\/i><\/span>\n\t\t\t\t\t\t\t\t<span class=\"elementor-toggle-icon-opened\"><i class=\"elementor-toggle-icon-opened fas fa-caret-up\"><\/i><\/span>\n\t\t\t\t\t\t\t\t\t\t\t\t\t<\/span>\n\t\t\t\t\t\t\t\t\t\t\t\t<a class=\"elementor-toggle-title\" tabindex=\"0\">Evoluzione dalla Commissione dei 75 a oggi<\/a>\n\t\t\t\t\t<\/div>\n\n\t\t\t\t\t<div id=\"elementor-tab-content-9241\" class=\"elementor-tab-content elementor-clearfix\" data-tab=\"1\" role=\"region\" aria-labelledby=\"elementor-tab-title-9241\"><div style=\"text-align: justify;\"><p><strong>Testo della Commissione dei 75<\/strong><br \/><strong>Gi\u00e0 art. 101<\/strong><br \/>L\u2019azione penale \u00e8 pubblica. Il pubblico ministero ha l\u2019obbligo di esercitarla e non la pu\u00f2 mai sospendere o ritardare.<br \/>Le udienze sono pubbliche, salvo che la legge per ragioni di ordine pubbliche o di moralit\u00e0 disponga altrimenti.<br \/>Tutti i provvedimenti giurisdizionali debbono essere motivati.<\/p><p><strong>Gi\u00e0 art. 102<\/strong><br \/>Contro le sentenze o le decisioni pronunciate dagli organi giurisdizionali ordinari o speciali \u00e8 sempre ammesso il ricorso per cassazione secondo le norme di legge.<\/p><p><strong>Emendamenti approvati dall\u2019Assemblea Costituente<\/strong><br \/>La legge sull\u2019ordinamento giudiziario regoler\u00e0 l\u2019istituto della Corte di cassazione.<br \/>TARGETTI, COSTA, FEDELI ALDO, CALDERA, FACCIO, AMADEI, TOMBA, BERNARDI, MERLIN ANGELINA, PIERI (PSI).<br \/><em>Presentato nel corso della discussione sull\u2019art. 95 del progetto come art. 95 bis.<\/em><\/p><p><strong>Testo della Costituzione approvato dall\u2019Assemblea Costituente<\/strong><br \/>Tutti i provvedimenti giurisdizionali devono essere motivati.<br \/>Contro le sentenze e contro i provvedimenti sulla libert\u00e0 personale, pronunciati dagli organi giurisdizionali ordinari o speciali, \u00e8 sempre ammesso ricorso in cassazione per violazione di legge. Si pu\u00f2 derogare a tale norma soltanto per le sentenze dei tribunali militari in tempo di guerra.<br \/>Contro le decisioni del Consiglio di Stato e della Corte dei conti il ricorso in Cassazione \u00e8 ammesso per i soli motivi inerenti alla giurisdizione.<br \/><a href=\"https:\/\/comenascelacostituzione.it\/?p=2341\">27\/11\/1947 Antimeridiana<\/a><br \/><a href=\"https:\/\/comenascelacostituzione.it\/?p=2343\">27\/11\/1947 Pomeridiana<\/a><br \/><em>discussione generale:<\/em><br \/><a href=\"https:\/\/comenascelacostituzione.it\/?p=2287\">06\/11\/1947 Pomeridiana<\/a><br \/><a href=\"https:\/\/comenascelacostituzione.it\/?p=2289\">07\/11\/1947 Antimeridiana<\/a><br \/><a href=\"https:\/\/comenascelacostituzione.it\/?p=2291\">07\/11\/1947 Pomeridiana<\/a><br \/><a href=\"https:\/\/comenascelacostituzione.it\/?p=2293\">08\/11\/1947<\/a><br \/><a href=\"https:\/\/comenascelacostituzione.it\/?p=2297\">11\/11\/1947 Antimeridiana<\/a><br \/><a href=\"https:\/\/comenascelacostituzione.it\/?p=2299\">11\/11\/1947 Pomeridiana<\/a><br \/><a href=\"https:\/\/comenascelacostituzione.it\/?p=2301\">12\/11\/1947 Antimeridiana<\/a><br \/><a href=\"https:\/\/comenascelacostituzione.it\/?p=2303\">12\/11\/1947 Pomeridiana<\/a><br \/><a href=\"https:\/\/comenascelacostituzione.it\/?p=2305\">13\/11\/1947 Antimeridiana<\/a><br \/><a href=\"https:\/\/comenascelacostituzione.it\/?p=2309\">14\/11\/1947 Antimeridiana<\/a><br \/><a href=\"https:\/\/comenascelacostituzione.it\/?p=2311\">14\/11\/1947 Pomeridiana<\/a><br \/><a href=\"https:\/\/comenascelacostituzione.it\/?p=2313\">15\/11\/1947<\/a><br \/><a href=\"https:\/\/comenascelacostituzione.it\/?p=2319\">20\/11\/1947 Pomeridiana<\/a><\/p><p><strong><em>Nota<\/em><\/strong><br \/><em>In sede di coordinamento i testi approvati il 27 novembre 1947 vennero scissi in due distinti articoli: 111 e 112 testo definitivo.<\/em><\/p><p><strong>Leggi di modifica<br \/><\/strong>La legge costituzionale 23 novembre 1999, n. 2 \u00abInserimento dei principi del giusto processo nell\u2019articolo 111 della costituzione\u00bb (G.U. n. 300 del 23 dicembre 1999) ha disposto, con l\u2019art. 1 comma 1, l\u2019introduzione di nuovi commi all\u2019art. 111 Cost.<br \/>Legge 25 febbraio 2000, n. 35 \u00abConversione in legge, con modificazioni, del decreto-legge 7 gennaio 2000, n. 2, recante disposizioni urgenti per l\u2019attuazione dell\u2019articolo 2 della legge costituzionale 23 novembre 1999, n. 2, in materia di giusto processo\u00bb (G.U. n. 50 del 1\u00b0 marzo 2000).<\/p><\/div><\/div>\n\t\t\t\t<\/div>\n\t\t\t\t\t\t\t\t\t\t<script type=\"application\/ld+json\">{\"@context\":\"https:\\\/\\\/schema.org\",\"@type\":\"FAQPage\",\"mainEntity\":[{\"@type\":\"Question\",\"name\":\"Evoluzione dalla Commissione dei 75 a oggi\",\"acceptedAnswer\":{\"@type\":\"Answer\",\"text\":\"<div style=\\\"text-align: justify;\\\"><p><strong>Testo della Commissione dei 75<\\\/strong><br \\\/><strong>Gi\\u00e0 art. 101<\\\/strong><br \\\/>L\\u2019azione penale \\u00e8 pubblica. Il pubblico ministero ha l\\u2019obbligo di esercitarla e non la pu\\u00f2 mai sospendere o ritardare.<br \\\/>Le udienze sono pubbliche, salvo che la legge per ragioni di ordine pubbliche o di moralit\\u00e0 disponga altrimenti.<br \\\/>Tutti i provvedimenti giurisdizionali debbono essere motivati.<\\\/p><p><strong>Gi\\u00e0 art. 102<\\\/strong><br \\\/>Contro le sentenze o le decisioni pronunciate dagli organi giurisdizionali ordinari o speciali \\u00e8 sempre ammesso il ricorso per cassazione secondo le norme di legge.<\\\/p><p><strong>Emendamenti approvati dall\\u2019Assemblea Costituente<\\\/strong><br \\\/>La legge sull\\u2019ordinamento giudiziario regoler\\u00e0 l\\u2019istituto della Corte di cassazione.<br \\\/>TARGETTI, COSTA, FEDELI ALDO, CALDERA, FACCIO, AMADEI, TOMBA, BERNARDI, MERLIN ANGELINA, PIERI (PSI).<br \\\/><em>Presentato nel corso della discussione sull\\u2019art. 95 del progetto come art. 95 bis.<\\\/em><\\\/p><p><strong>Testo della Costituzione approvato dall\\u2019Assemblea Costituente<\\\/strong><br \\\/>Tutti i provvedimenti giurisdizionali devono essere motivati.<br \\\/>Contro le sentenze e contro i provvedimenti sulla libert\\u00e0 personale, pronunciati dagli organi giurisdizionali ordinari o speciali, \\u00e8 sempre ammesso ricorso in cassazione per violazione di legge. Si pu\\u00f2 derogare a tale norma soltanto per le sentenze dei tribunali militari in tempo di guerra.<br \\\/>Contro le decisioni del Consiglio di Stato e della Corte dei conti il ricorso in Cassazione \\u00e8 ammesso per i soli motivi inerenti alla giurisdizione.<br \\\/><a href=\\\"https:\\\/\\\/comenascelacostituzione.it\\\/?p=2341\\\">27\\\/11\\\/1947 Antimeridiana<\\\/a><br \\\/><a href=\\\"https:\\\/\\\/comenascelacostituzione.it\\\/?p=2343\\\">27\\\/11\\\/1947 Pomeridiana<\\\/a><br \\\/><em>discussione generale:<\\\/em><br \\\/><a href=\\\"https:\\\/\\\/comenascelacostituzione.it\\\/?p=2287\\\">06\\\/11\\\/1947 Pomeridiana<\\\/a><br \\\/><a href=\\\"https:\\\/\\\/comenascelacostituzione.it\\\/?p=2289\\\">07\\\/11\\\/1947 Antimeridiana<\\\/a><br \\\/><a href=\\\"https:\\\/\\\/comenascelacostituzione.it\\\/?p=2291\\\">07\\\/11\\\/1947 Pomeridiana<\\\/a><br \\\/><a href=\\\"https:\\\/\\\/comenascelacostituzione.it\\\/?p=2293\\\">08\\\/11\\\/1947<\\\/a><br \\\/><a href=\\\"https:\\\/\\\/comenascelacostituzione.it\\\/?p=2297\\\">11\\\/11\\\/1947 Antimeridiana<\\\/a><br \\\/><a href=\\\"https:\\\/\\\/comenascelacostituzione.it\\\/?p=2299\\\">11\\\/11\\\/1947 Pomeridiana<\\\/a><br \\\/><a href=\\\"https:\\\/\\\/comenascelacostituzione.it\\\/?p=2301\\\">12\\\/11\\\/1947 Antimeridiana<\\\/a><br \\\/><a href=\\\"https:\\\/\\\/comenascelacostituzione.it\\\/?p=2303\\\">12\\\/11\\\/1947 Pomeridiana<\\\/a><br \\\/><a href=\\\"https:\\\/\\\/comenascelacostituzione.it\\\/?p=2305\\\">13\\\/11\\\/1947 Antimeridiana<\\\/a><br \\\/><a href=\\\"https:\\\/\\\/comenascelacostituzione.it\\\/?p=2309\\\">14\\\/11\\\/1947 Antimeridiana<\\\/a><br \\\/><a href=\\\"https:\\\/\\\/comenascelacostituzione.it\\\/?p=2311\\\">14\\\/11\\\/1947 Pomeridiana<\\\/a><br \\\/><a href=\\\"https:\\\/\\\/comenascelacostituzione.it\\\/?p=2313\\\">15\\\/11\\\/1947<\\\/a><br \\\/><a href=\\\"https:\\\/\\\/comenascelacostituzione.it\\\/?p=2319\\\">20\\\/11\\\/1947 Pomeridiana<\\\/a><\\\/p><p><strong><em>Nota<\\\/em><\\\/strong><br \\\/><em>In sede di coordinamento i testi approvati il 27 novembre 1947 vennero scissi in due distinti articoli: 111 e 112 testo definitivo.<\\\/em><\\\/p><p><strong>Leggi di modifica<br \\\/><\\\/strong>La legge costituzionale 23 novembre 1999, n. 2 \\u00abInserimento dei principi del giusto processo nell\\u2019articolo 111 della costituzione\\u00bb (G.U. n. 300 del 23 dicembre 1999) ha disposto, con l\\u2019art. 1 comma 1, l\\u2019introduzione di nuovi commi all\\u2019art. 111 Cost.<br \\\/>Legge 25 febbraio 2000, n. 35 \\u00abConversione in legge, con modificazioni, del decreto-legge 7 gennaio 2000, n. 2, recante disposizioni urgenti per l\\u2019attuazione dell\\u2019articolo 2 della legge costituzionale 23 novembre 1999, n. 2, in materia di giusto processo\\u00bb (G.U. n. 50 del 1\\u00b0 marzo 2000).<\\\/p><\\\/div>\"}}]}<\/script>\n\t\t\t\t\t<\/div>\n\t\t\t\t\t\t<\/div>\n\t\t\t\t<\/div>\n\t\t\t\t<div class=\"elementor-element elementor-element-232a541 elementor-align-center elementor-widget elementor-widget-button\" data-id=\"232a541\" data-element_type=\"widget\" data-widget_type=\"button.default\">\n\t\t\t\t<div class=\"elementor-widget-container\">\n\t\t\t\t\t\t\t\t\t<div class=\"elementor-button-wrapper\">\n\t\t\t\t\t<a class=\"elementor-button elementor-button-link elementor-size-sm elementor-animation-push\" href=\"https:\/\/comenascelacostituzione.it\/?page_id=2562\">\n\t\t\t\t\t\t<span class=\"elementor-button-content-wrapper\">\n\t\t\t\t\t\t\t\t\t<span class=\"elementor-button-text\">Indietro<\/span>\n\t\t\t\t\t<\/span>\n\t\t\t\t\t<\/a>\n\t\t\t\t<\/div>\n\t\t\t\t\t\t\t\t<\/div>\n\t\t\t\t<\/div>\n\t\t\t\t\t<\/div>\n\t\t<\/div>\n\t\t\t\t\t<\/div>\n\t\t<\/section>\n\t\t\t\t<\/div>\n\t\t","protected":false},"excerpt":{"rendered":"<p>Art. 111 La giurisdizione si attua mediante il giusto processo regolato dalla legge.Ogni processo si svolge nel contraddittorio tra le parti, in condizioni di parit\u00e0, davanti a giudice terzo e imparziale. La legge ne assicura la ragionevole durata.Nel processo penale, la legge assicura che la persona accusata di un reato sia, nel pi\u00f9 breve tempo [&hellip;]<\/p>\n","protected":false},"author":1,"featured_media":0,"parent":0,"menu_order":0,"comment_status":"closed","ping_status":"closed","template":"elementor_header_footer","meta":{"_relevanssi_hide_post":"","_relevanssi_hide_content":"","_relevanssi_pin_for_all":"","_relevanssi_pin_keywords":"","_relevanssi_unpin_keywords":"","_relevanssi_related_keywords":"","_relevanssi_related_include_ids":"","_relevanssi_related_exclude_ids":"","_relevanssi_related_no_append":"","_relevanssi_related_not_related":"","_relevanssi_related_posts":"","_relevanssi_noindex_reason":"","_monsterinsights_skip_tracking":false,"_monsterinsights_sitenote_active":false,"_monsterinsights_sitenote_note":"","_monsterinsights_sitenote_category":0,"footnotes":""},"folder":[66],"class_list":["post-4108","page","type-page","status-publish","hentry"],"aioseo_notices":[],"_links":{"self":[{"href":"https:\/\/comenascelacostituzione.it\/index.php?rest_route=\/wp\/v2\/pages\/4108","targetHints":{"allow":["GET"]}}],"collection":[{"href":"https:\/\/comenascelacostituzione.it\/index.php?rest_route=\/wp\/v2\/pages"}],"about":[{"href":"https:\/\/comenascelacostituzione.it\/index.php?rest_route=\/wp\/v2\/types\/page"}],"author":[{"embeddable":true,"href":"https:\/\/comenascelacostituzione.it\/index.php?rest_route=\/wp\/v2\/users\/1"}],"replies":[{"embeddable":true,"href":"https:\/\/comenascelacostituzione.it\/index.php?rest_route=%2Fwp%2Fv2%2Fcomments&post=4108"}],"version-history":[{"count":10,"href":"https:\/\/comenascelacostituzione.it\/index.php?rest_route=\/wp\/v2\/pages\/4108\/revisions"}],"predecessor-version":[{"id":8549,"href":"https:\/\/comenascelacostituzione.it\/index.php?rest_route=\/wp\/v2\/pages\/4108\/revisions\/8549"}],"wp:attachment":[{"href":"https:\/\/comenascelacostituzione.it\/index.php?rest_route=%2Fwp%2Fv2%2Fmedia&parent=4108"}],"wp:term":[{"taxonomy":"folder","embeddable":true,"href":"https:\/\/comenascelacostituzione.it\/index.php?rest_route=%2Fwp%2Fv2%2Ffolder&post=4108"}],"curies":[{"name":"wp","href":"https:\/\/api.w.org\/{rel}","templated":true}]}}