{"id":3787,"date":"2023-10-06T22:21:09","date_gmt":"2023-10-06T20:21:09","guid":{"rendered":"https:\/\/comenascelacostituzione.it\/?page_id=3787"},"modified":"2023-10-06T22:28:59","modified_gmt":"2023-10-06T20:28:59","slug":"art-xvii","status":"publish","type":"page","link":"https:\/\/comenascelacostituzione.it\/?page_id=3787","title":{"rendered":"Art. XVII"},"content":{"rendered":"\t\t<div data-elementor-type=\"wp-page\" data-elementor-id=\"3787\" class=\"elementor elementor-3787\" data-elementor-post-type=\"page\">\n\t\t\t\t\t\t<section class=\"elementor-section elementor-top-section elementor-element elementor-element-427fff19 elementor-section-content-middle elementor-section-boxed elementor-section-height-default elementor-section-height-default\" data-id=\"427fff19\" data-element_type=\"section\" data-settings=\"{&quot;background_background&quot;:&quot;classic&quot;}\">\n\t\t\t\t\t\t\t<div class=\"elementor-background-overlay\"><\/div>\n\t\t\t\t\t\t\t<div class=\"elementor-container elementor-column-gap-default\">\n\t\t\t\t\t<div class=\"elementor-column elementor-col-100 elementor-top-column elementor-element elementor-element-56758138\" data-id=\"56758138\" data-element_type=\"column\">\n\t\t\t<div class=\"elementor-widget-wrap elementor-element-populated\">\n\t\t\t\t\t<div class=\"elementor-background-overlay\"><\/div>\n\t\t\t\t\t\t<div class=\"elementor-element elementor-element-73c4b0b animated-slow elementor-invisible elementor-widget elementor-widget-heading\" data-id=\"73c4b0b\" data-element_type=\"widget\" data-settings=\"{&quot;_animation&quot;:&quot;fadeIn&quot;}\" data-widget_type=\"heading.default\">\n\t\t\t\t<div class=\"elementor-widget-container\">\n\t\t\t\t\t<h2 class=\"elementor-heading-title elementor-size-default\">Art. XVII<\/h2>\t\t\t\t<\/div>\n\t\t\t\t<\/div>\n\t\t\t\t\t<\/div>\n\t\t<\/div>\n\t\t\t\t\t<\/div>\n\t\t<\/section>\n\t\t\t\t<section class=\"elementor-section elementor-top-section elementor-element elementor-element-e3cdcd4 elementor-section-boxed elementor-section-height-default elementor-section-height-default\" data-id=\"e3cdcd4\" data-element_type=\"section\" data-settings=\"{&quot;background_background&quot;:&quot;classic&quot;}\">\n\t\t\t\t\t\t<div class=\"elementor-container elementor-column-gap-default\">\n\t\t\t\t\t<div class=\"elementor-column elementor-col-100 elementor-top-column elementor-element elementor-element-ea0e593\" data-id=\"ea0e593\" data-element_type=\"column\" data-settings=\"{&quot;background_background&quot;:&quot;classic&quot;}\">\n\t\t\t<div class=\"elementor-widget-wrap elementor-element-populated\">\n\t\t\t\t\t\t<div class=\"elementor-element elementor-element-3cbbccf elementor-widget__width-initial animated-slow elementor-invisible elementor-widget elementor-widget-text-editor\" data-id=\"3cbbccf\" data-element_type=\"widget\" data-settings=\"{&quot;motion_fx_motion_fx_scrolling&quot;:&quot;yes&quot;,&quot;motion_fx_translateY_effect&quot;:&quot;yes&quot;,&quot;motion_fx_translateY_direction&quot;:&quot;negative&quot;,&quot;motion_fx_translateY_speed&quot;:{&quot;unit&quot;:&quot;px&quot;,&quot;size&quot;:0,&quot;sizes&quot;:[]},&quot;motion_fx_translateY_affectedRange&quot;:{&quot;unit&quot;:&quot;%&quot;,&quot;size&quot;:&quot;&quot;,&quot;sizes&quot;:{&quot;start&quot;:46,&quot;end&quot;:100}},&quot;_animation&quot;:&quot;fadeInDown&quot;,&quot;motion_fx_devices&quot;:[&quot;desktop&quot;,&quot;tablet&quot;,&quot;mobile&quot;]}\" data-widget_type=\"text-editor.default\">\n\t\t\t\t<div class=\"elementor-widget-container\">\n\t\t\t\t\t\t\t\t\t<div style=\"text-align: justify;\">L\u2019Assemblea Costituente sar\u00e0 convocata dal suo Presidente per deliberare, entro il 31 gennaio 1948, sulla legge per la elezione del Senato della Repubblica, sugli statuti regionali speciali e sulla legge per la stampa.<br \/>Fino al giorno delle elezioni delle nuove Camere, l\u2019Assemblea Costituente pu\u00f2 essere convocata, quando vi sia necessit\u00e0 di deliberare nelle materie attribuite alla sua competenza dagli articoli 2, primo e secondo comma, e 3, comma primo e secondo, del decreto legislativo 16 marzo 1946, n. 98.<br \/>In tale periodo le Commissioni permanenti restano in funzione. Quelle legislative rinviano al Governo i disegni di legge, ad esse trasmessi, con eventuali osservazioni e proposte di emendamenti.<br \/>I deputati possono presentare al Governo interrogazioni con richiesta di risposta scritta.<br \/>L\u2019Assemblea Costituente, agli effetti di cui al secondo comma del presente articolo, \u00e8 convocata dal suo Presidente su richiesta motivata del Governo o di almeno duecento deputati.<\/div>\t\t\t\t\t\t\t\t<\/div>\n\t\t\t\t<\/div>\n\t\t\t\t\t<\/div>\n\t\t<\/div>\n\t\t\t\t\t<\/div>\n\t\t<\/section>\n\t\t\t\t<section class=\"elementor-section elementor-top-section elementor-element elementor-element-a99fa06 elementor-section-content-middle elementor-section-boxed elementor-section-height-default elementor-section-height-default\" data-id=\"a99fa06\" data-element_type=\"section\" data-settings=\"{&quot;background_background&quot;:&quot;classic&quot;}\">\n\t\t\t\t\t\t<div class=\"elementor-container elementor-column-gap-default\">\n\t\t\t\t\t<div class=\"elementor-column elementor-col-100 elementor-top-column elementor-element elementor-element-20a7e6f1\" data-id=\"20a7e6f1\" data-element_type=\"column\">\n\t\t\t<div class=\"elementor-widget-wrap elementor-element-populated\">\n\t\t\t\t\t<div class=\"elementor-background-overlay\"><\/div>\n\t\t\t\t\t\t<div class=\"elementor-element elementor-element-24719ee animated-slow elementor-invisible elementor-widget elementor-widget-toggle\" data-id=\"24719ee\" data-element_type=\"widget\" data-settings=\"{&quot;_animation&quot;:&quot;fadeInDown&quot;}\" data-widget_type=\"toggle.default\">\n\t\t\t\t<div class=\"elementor-widget-container\">\n\t\t\t\t\t\t\t<div class=\"elementor-toggle\">\n\t\t\t\t\t\t\t<div class=\"elementor-toggle-item\">\n\t\t\t\t\t<div id=\"elementor-tab-title-3821\" class=\"elementor-tab-title\" data-tab=\"1\" role=\"button\" aria-controls=\"elementor-tab-content-3821\" aria-expanded=\"false\">\n\t\t\t\t\t\t\t\t\t\t\t\t<span class=\"elementor-toggle-icon elementor-toggle-icon-left\" aria-hidden=\"true\">\n\t\t\t\t\t\t\t\t\t\t\t\t\t\t\t<span class=\"elementor-toggle-icon-closed\"><i class=\"fas fa-caret-right\"><\/i><\/span>\n\t\t\t\t\t\t\t\t<span class=\"elementor-toggle-icon-opened\"><i class=\"elementor-toggle-icon-opened fas fa-caret-up\"><\/i><\/span>\n\t\t\t\t\t\t\t\t\t\t\t\t\t<\/span>\n\t\t\t\t\t\t\t\t\t\t\t\t<a class=\"elementor-toggle-title\" tabindex=\"0\">Testo originario del 1\u00b0 gennaio 1948 <\/a>\n\t\t\t\t\t<\/div>\n\n\t\t\t\t\t<div id=\"elementor-tab-content-3821\" class=\"elementor-tab-content elementor-clearfix\" data-tab=\"1\" role=\"region\" aria-labelledby=\"elementor-tab-title-3821\"><div style=\"text-align: justify;\">L\u2019Assemblea costituente sar\u00e0 convocata dal suo Presidente per deliberare, entro il 31 gennaio 1948, sulla legge per la elezione del Senato della Repubblica, sugli statuti regionali speciali e sulla legge per la stampa.<br \/>Fino al giorno delle elezioni delle nuove Camere, l\u2019Assemblea Costituente pu\u00f2 essere convocata, quando vi sia necessit\u00e0 di deliberare nelle materie attribuite alla sua competenza dagli articoli 2, primo e secondo comma, e 3, comma primo e secondo, del decreto legislativo 16 marzo 1946, n. 98.<br \/>In tale periodo le Commissioni permanenti restano in funzione. Quelle legislative rinviano al Governo i disegni di legge, ad esse trasmessi, con eventuali osservazioni e proposte di emendamenti.<br \/>I deputati possono presentare al Governo interrogazioni con richiesta di risposta scritta.<br \/>L\u2019Assemblea Costituente, agli effetti di cui al secondo comma del presente articolo, \u00e8 convocata dal suo Presidente su richiesta motivata del Governo o di almeno duecento deputati.<\/div><\/div>\n\t\t\t\t<\/div>\n\t\t\t\t\t\t\t\t\t\t<script type=\"application\/ld+json\">{\"@context\":\"https:\\\/\\\/schema.org\",\"@type\":\"FAQPage\",\"mainEntity\":[{\"@type\":\"Question\",\"name\":\"Testo originario del 1\\u00b0 gennaio 1948\",\"acceptedAnswer\":{\"@type\":\"Answer\",\"text\":\"<div style=\\\"text-align: justify;\\\">L\\u2019Assemblea costituente sar\\u00e0 convocata dal suo Presidente per deliberare, entro il 31 gennaio 1948, sulla legge per la elezione del Senato della Repubblica, sugli statuti regionali speciali e sulla legge per la stampa.<br \\\/>Fino al giorno delle elezioni delle nuove Camere, l\\u2019Assemblea Costituente pu\\u00f2 essere convocata, quando vi sia necessit\\u00e0 di deliberare nelle materie attribuite alla sua competenza dagli articoli 2, primo e secondo comma, e 3, comma primo e secondo, del decreto legislativo 16 marzo 1946, n. 98.<br \\\/>In tale periodo le Commissioni permanenti restano in funzione. Quelle legislative rinviano al Governo i disegni di legge, ad esse trasmessi, con eventuali osservazioni e proposte di emendamenti.<br \\\/>I deputati possono presentare al Governo interrogazioni con richiesta di risposta scritta.<br \\\/>L\\u2019Assemblea Costituente, agli effetti di cui al secondo comma del presente articolo, \\u00e8 convocata dal suo Presidente su richiesta motivata del Governo o di almeno duecento deputati.<\\\/div>\"}}]}<\/script>\n\t\t\t\t\t<\/div>\n\t\t\t\t\t\t<\/div>\n\t\t\t\t<\/div>\n\t\t\t\t<div class=\"elementor-element elementor-element-08d2475 animated-slow elementor-invisible elementor-widget elementor-widget-toggle\" data-id=\"08d2475\" data-element_type=\"widget\" data-settings=\"{&quot;_animation&quot;:&quot;fadeInDown&quot;}\" data-widget_type=\"toggle.default\">\n\t\t\t\t<div class=\"elementor-widget-container\">\n\t\t\t\t\t\t\t<div class=\"elementor-toggle\">\n\t\t\t\t\t\t\t<div class=\"elementor-toggle-item\">\n\t\t\t\t\t<div id=\"elementor-tab-title-9241\" class=\"elementor-tab-title\" data-tab=\"1\" role=\"button\" aria-controls=\"elementor-tab-content-9241\" aria-expanded=\"false\">\n\t\t\t\t\t\t\t\t\t\t\t\t<span class=\"elementor-toggle-icon elementor-toggle-icon-left\" aria-hidden=\"true\">\n\t\t\t\t\t\t\t\t\t\t\t\t\t\t\t<span class=\"elementor-toggle-icon-closed\"><i class=\"fas fa-caret-right\"><\/i><\/span>\n\t\t\t\t\t\t\t\t<span class=\"elementor-toggle-icon-opened\"><i class=\"elementor-toggle-icon-opened fas fa-caret-up\"><\/i><\/span>\n\t\t\t\t\t\t\t\t\t\t\t\t\t<\/span>\n\t\t\t\t\t\t\t\t\t\t\t\t<a class=\"elementor-toggle-title\" tabindex=\"0\">Evoluzione dalla Commissione dei 75 a oggi<\/a>\n\t\t\t\t\t<\/div>\n\n\t\t\t\t\t<div id=\"elementor-tab-content-9241\" class=\"elementor-tab-content elementor-clearfix\" data-tab=\"1\" role=\"region\" aria-labelledby=\"elementor-tab-title-9241\"><div style=\"text-align: justify;\"><p><strong>Testo della Commissione dei 75<br \/><\/strong><strong>Gi\u00e0 VI<br \/><\/strong>Si applica all\u2019Assemblea Costituente la disposizione del secondo comma dell\u2019articolo 58 della Costituzione.<\/p><p><strong>Emendamenti approvati dall\u2019Assemblea Costituente<br \/><\/strong>Sostituirla con la seguente:<br \/>Fino al giorno delle elezioni delle nuove Camere, l\u2019Assemblea Costituente potr\u00e0 essere riconvocata, quando vi sia necessit\u00e0 di deliberare nelle materie attribuite alla sua competenza dagli articoli 2, commi primo e secondo, e 3, commi primo e secondo, del decreto legislativo 16 marzo 1946, n. 98.<br \/>In tale periodo le Commissioni permanenti restano in funzione. Quelle legislative rinviano al Governo i disegni di legge, ad esse trasmessi, con eventuali osservazioni e proposte di emendamento. I deputati possono presentare al Governo interrogazioni con richiesta di risposta scritta.<br \/>L\u2019Assemblea Costituente, agli effetti di cui al primo comma del presente articolo, \u00e8 convocata dal suo Presidente su richiesta motivata del Governo o della met\u00e0 pi\u00f9 uno dei suoi membri.<br \/>MORTATI, MORO, TOSATO (DC); GRASSI (UDN); MASTINO GESUMINO, BETTIOL (DC).<br \/><em>Tranne l\u2019espressione: \u201co della met\u00e0 pi\u00f9 uno dei suoi membri\u201d.<br \/><\/em>Sostituirla con la seguente:<br \/>In applicazione della norma di cui al secondo comma dell\u2019articolo 58 della Costituzione, i poteri dell\u2019Assemblea Costituente sono prorogati dalla data del suo scioglimento sino al giorno delle elezioni delle nuove Camere.<br \/>In tale periodo tutte le Commissioni permanenti restano in carica.<br \/>Quelle legislative rinviano al Governo con le eventuali osservazioni e proposte di emendamento i disegni di legge a loro trasmessi.<br \/>I deputati possono presentare interrogazioni chiedendo risposta scritta.<br \/>L\u2019Assemblea Costituente pu\u00f2, in tale periodo, essere convocata in via straordinaria dal suo Presidente su richiesta o del Governo o di almeno 200 deputati.<br \/>TARGETTI (PSI).<br \/><em>Solo l\u2019espressione: \u201cdi almeno duecento deputati\u201d.<br \/><\/em>L\u2019Assemblea Costituente sar\u00e0 convocata dal suo Presidente per deliberare entro il 31 gennaio 1948 sulla legge elettorale del Senato della Repubblica e sugli statuti regionali speciali.<br \/>MORTATI (DC).<br \/>Aggiungere le parole: \u201ce sulla legge per la stampa\u201d.<br \/>TARGETTI (PSI).<br \/><em>Sub-emendamento al primo emendamento Mortati.<\/em><\/p><p><strong>Testo della Costituzione approvato dall\u2019Assemblea Costituente<br \/><\/strong>L\u2019Assemblea costituente sar\u00e0 convocata dal suo Presidente per deliberare, entro il 31 gennaio 1948, sulla legge per la elezione del Senato della Repubblica, sugli statuti regionali speciali e sulla legge per la stampa.<br \/>Fino al giorno delle elezioni delle nuove Camere, l\u2019Assemblea Costituente pu\u00f2 essere convocata, quando vi sia necessit\u00e0 di deliberare nelle materie attribuite alla sua competenza dagli articoli 2, primo e secondo comma, e 3, comma primo e secondo, del decreto legislativo 16 marzo 1946, n. 98.<br \/>In tale periodo le Commissioni permanenti restano in funzione. Quelle legislative rinviano al Governo i disegni di legge, ad esse trasmessi, con eventuali osservazioni e proposte di emendamenti.<br \/>I deputati possono presentare al Governo interrogazioni con richiesta di risposta scritta.<br \/>L\u2019Assemblea Costituente, agli effetti di cui al secondo comma del presente articolo, \u00e8 convocata dal suo Presidente su richiesta motivata del Governo o di almeno duecento deputati.<br \/><a href=\"https:\/\/comenascelacostituzione.it\/?p=2394\">12\/12\/1947 Antimeridiana<\/a><br \/><a href=\"https:\/\/comenascelacostituzione.it\/?p=2396\">12\/12\/1947 Pomeridiana<\/a><br \/><a href=\"https:\/\/comenascelacostituzione.it\/?p=2420\">20\/12\/1947 Antimeridiana<\/a><br \/><a href=\"https:\/\/comenascelacostituzione.it\/?p=2422\">20\/12\/1947 Pomeridiana<\/a><\/p><p><strong>Leggi di modifica<br \/><\/strong>Nessuna.<\/p><\/div><\/div>\n\t\t\t\t<\/div>\n\t\t\t\t\t\t\t\t\t\t<script type=\"application\/ld+json\">{\"@context\":\"https:\\\/\\\/schema.org\",\"@type\":\"FAQPage\",\"mainEntity\":[{\"@type\":\"Question\",\"name\":\"Evoluzione dalla Commissione dei 75 a oggi\",\"acceptedAnswer\":{\"@type\":\"Answer\",\"text\":\"<div style=\\\"text-align: justify;\\\"><p><strong>Testo della Commissione dei 75<br \\\/><\\\/strong><strong>Gi\\u00e0 VI<br \\\/><\\\/strong>Si applica all\\u2019Assemblea Costituente la disposizione del secondo comma dell\\u2019articolo 58 della Costituzione.<\\\/p><p><strong>Emendamenti approvati dall\\u2019Assemblea Costituente<br \\\/><\\\/strong>Sostituirla con la seguente:<br \\\/>Fino al giorno delle elezioni delle nuove Camere, l\\u2019Assemblea Costituente potr\\u00e0 essere riconvocata, quando vi sia necessit\\u00e0 di deliberare nelle materie attribuite alla sua competenza dagli articoli 2, commi primo e secondo, e 3, commi primo e secondo, del decreto legislativo 16 marzo 1946, n. 98.<br \\\/>In tale periodo le Commissioni permanenti restano in funzione. Quelle legislative rinviano al Governo i disegni di legge, ad esse trasmessi, con eventuali osservazioni e proposte di emendamento. I deputati possono presentare al Governo interrogazioni con richiesta di risposta scritta.<br \\\/>L\\u2019Assemblea Costituente, agli effetti di cui al primo comma del presente articolo, \\u00e8 convocata dal suo Presidente su richiesta motivata del Governo o della met\\u00e0 pi\\u00f9 uno dei suoi membri.<br \\\/>MORTATI, MORO, TOSATO (DC); GRASSI (UDN); MASTINO GESUMINO, BETTIOL (DC).<br \\\/><em>Tranne l\\u2019espressione: \\u201co della met\\u00e0 pi\\u00f9 uno dei suoi membri\\u201d.<br \\\/><\\\/em>Sostituirla con la seguente:<br \\\/>In applicazione della norma di cui al secondo comma dell\\u2019articolo 58 della Costituzione, i poteri dell\\u2019Assemblea Costituente sono prorogati dalla data del suo scioglimento sino al giorno delle elezioni delle nuove Camere.<br \\\/>In tale periodo tutte le Commissioni permanenti restano in carica.<br \\\/>Quelle legislative rinviano al Governo con le eventuali osservazioni e proposte di emendamento i disegni di legge a loro trasmessi.<br \\\/>I deputati possono presentare interrogazioni chiedendo risposta scritta.<br \\\/>L\\u2019Assemblea Costituente pu\\u00f2, in tale periodo, essere convocata in via straordinaria dal suo Presidente su richiesta o del Governo o di almeno 200 deputati.<br \\\/>TARGETTI (PSI).<br \\\/><em>Solo l\\u2019espressione: \\u201cdi almeno duecento deputati\\u201d.<br \\\/><\\\/em>L\\u2019Assemblea Costituente sar\\u00e0 convocata dal suo Presidente per deliberare entro il 31 gennaio 1948 sulla legge elettorale del Senato della Repubblica e sugli statuti regionali speciali.<br \\\/>MORTATI (DC).<br \\\/>Aggiungere le parole: \\u201ce sulla legge per la stampa\\u201d.<br \\\/>TARGETTI (PSI).<br \\\/><em>Sub-emendamento al primo emendamento Mortati.<\\\/em><\\\/p><p><strong>Testo della Costituzione approvato dall\\u2019Assemblea Costituente<br \\\/><\\\/strong>L\\u2019Assemblea costituente sar\\u00e0 convocata dal suo Presidente per deliberare, entro il 31 gennaio 1948, sulla legge per la elezione del Senato della Repubblica, sugli statuti regionali speciali e sulla legge per la stampa.<br \\\/>Fino al giorno delle elezioni delle nuove Camere, l\\u2019Assemblea Costituente pu\\u00f2 essere convocata, quando vi sia necessit\\u00e0 di deliberare nelle materie attribuite alla sua competenza dagli articoli 2, primo e secondo comma, e 3, comma primo e secondo, del decreto legislativo 16 marzo 1946, n. 98.<br \\\/>In tale periodo le Commissioni permanenti restano in funzione. Quelle legislative rinviano al Governo i disegni di legge, ad esse trasmessi, con eventuali osservazioni e proposte di emendamenti.<br \\\/>I deputati possono presentare al Governo interrogazioni con richiesta di risposta scritta.<br \\\/>L\\u2019Assemblea Costituente, agli effetti di cui al secondo comma del presente articolo, \\u00e8 convocata dal suo Presidente su richiesta motivata del Governo o di almeno duecento deputati.<br \\\/><a href=\\\"https:\\\/\\\/comenascelacostituzione.it\\\/?p=2394\\\">12\\\/12\\\/1947 Antimeridiana<\\\/a><br \\\/><a href=\\\"https:\\\/\\\/comenascelacostituzione.it\\\/?p=2396\\\">12\\\/12\\\/1947 Pomeridiana<\\\/a><br \\\/><a href=\\\"https:\\\/\\\/comenascelacostituzione.it\\\/?p=2420\\\">20\\\/12\\\/1947 Antimeridiana<\\\/a><br \\\/><a href=\\\"https:\\\/\\\/comenascelacostituzione.it\\\/?p=2422\\\">20\\\/12\\\/1947 Pomeridiana<\\\/a><\\\/p><p><strong>Leggi di modifica<br \\\/><\\\/strong>Nessuna.<\\\/p><\\\/div>\"}}]}<\/script>\n\t\t\t\t\t<\/div>\n\t\t\t\t\t\t<\/div>\n\t\t\t\t<\/div>\n\t\t\t\t<div class=\"elementor-element elementor-element-232a541 elementor-align-center elementor-widget elementor-widget-button\" data-id=\"232a541\" data-element_type=\"widget\" data-widget_type=\"button.default\">\n\t\t\t\t<div class=\"elementor-widget-container\">\n\t\t\t\t\t\t\t\t\t<div class=\"elementor-button-wrapper\">\n\t\t\t\t\t<a class=\"elementor-button elementor-button-link elementor-size-sm elementor-animation-push\" href=\"https:\/\/comenascelacostituzione.it\/?page_id=2562\">\n\t\t\t\t\t\t<span class=\"elementor-button-content-wrapper\">\n\t\t\t\t\t\t\t\t\t<span class=\"elementor-button-text\">Indietro<\/span>\n\t\t\t\t\t<\/span>\n\t\t\t\t\t<\/a>\n\t\t\t\t<\/div>\n\t\t\t\t\t\t\t\t<\/div>\n\t\t\t\t<\/div>\n\t\t\t\t\t<\/div>\n\t\t<\/div>\n\t\t\t\t\t<\/div>\n\t\t<\/section>\n\t\t\t\t<\/div>\n\t\t","protected":false},"excerpt":{"rendered":"<p>Art. XVII L\u2019Assemblea Costituente sar\u00e0 convocata dal suo Presidente per deliberare, entro il 31 gennaio 1948, sulla legge per la elezione del Senato della Repubblica, sugli statuti regionali speciali e sulla legge per la stampa.Fino al giorno delle elezioni delle nuove Camere, l\u2019Assemblea Costituente pu\u00f2 essere convocata, quando vi sia necessit\u00e0 di deliberare nelle materie [&hellip;]<\/p>\n","protected":false},"author":1,"featured_media":0,"parent":0,"menu_order":0,"comment_status":"closed","ping_status":"closed","template":"elementor_header_footer","meta":{"_relevanssi_hide_post":"","_relevanssi_hide_content":"","_relevanssi_pin_for_all":"","_relevanssi_pin_keywords":"","_relevanssi_unpin_keywords":"","_relevanssi_related_keywords":"","_relevanssi_related_include_ids":"","_relevanssi_related_exclude_ids":"","_relevanssi_related_no_append":"","_relevanssi_related_not_related":"","_relevanssi_related_posts":"","_relevanssi_noindex_reason":"","_monsterinsights_skip_tracking":false,"_monsterinsights_sitenote_active":false,"_monsterinsights_sitenote_note":"","_monsterinsights_sitenote_category":0,"footnotes":""},"folder":[66],"class_list":["post-3787","page","type-page","status-publish","hentry"],"aioseo_notices":[],"_links":{"self":[{"href":"https:\/\/comenascelacostituzione.it\/index.php?rest_route=\/wp\/v2\/pages\/3787","targetHints":{"allow":["GET"]}}],"collection":[{"href":"https:\/\/comenascelacostituzione.it\/index.php?rest_route=\/wp\/v2\/pages"}],"about":[{"href":"https:\/\/comenascelacostituzione.it\/index.php?rest_route=\/wp\/v2\/types\/page"}],"author":[{"embeddable":true,"href":"https:\/\/comenascelacostituzione.it\/index.php?rest_route=\/wp\/v2\/users\/1"}],"replies":[{"embeddable":true,"href":"https:\/\/comenascelacostituzione.it\/index.php?rest_route=%2Fwp%2Fv2%2Fcomments&post=3787"}],"version-history":[{"count":4,"href":"https:\/\/comenascelacostituzione.it\/index.php?rest_route=\/wp\/v2\/pages\/3787\/revisions"}],"predecessor-version":[{"id":3791,"href":"https:\/\/comenascelacostituzione.it\/index.php?rest_route=\/wp\/v2\/pages\/3787\/revisions\/3791"}],"wp:attachment":[{"href":"https:\/\/comenascelacostituzione.it\/index.php?rest_route=%2Fwp%2Fv2%2Fmedia&parent=3787"}],"wp:term":[{"taxonomy":"folder","embeddable":true,"href":"https:\/\/comenascelacostituzione.it\/index.php?rest_route=%2Fwp%2Fv2%2Ffolder&post=3787"}],"curies":[{"name":"wp","href":"https:\/\/api.w.org\/{rel}","templated":true}]}}