{"id":3726,"date":"2023-10-06T17:17:21","date_gmt":"2023-10-06T15:17:21","guid":{"rendered":"https:\/\/comenascelacostituzione.it\/?page_id=3726"},"modified":"2023-10-23T23:40:46","modified_gmt":"2023-10-23T21:40:46","slug":"art-57","status":"publish","type":"page","link":"https:\/\/comenascelacostituzione.it\/?page_id=3726","title":{"rendered":"Art. 57"},"content":{"rendered":"\t\t<div data-elementor-type=\"wp-page\" data-elementor-id=\"3726\" class=\"elementor elementor-3726\" data-elementor-post-type=\"page\">\n\t\t\t\t\t\t<section class=\"elementor-section elementor-top-section elementor-element elementor-element-427fff19 elementor-section-content-middle elementor-section-boxed elementor-section-height-default elementor-section-height-default\" data-id=\"427fff19\" data-element_type=\"section\" data-settings=\"{&quot;background_background&quot;:&quot;classic&quot;}\">\n\t\t\t\t\t\t\t<div class=\"elementor-background-overlay\"><\/div>\n\t\t\t\t\t\t\t<div class=\"elementor-container elementor-column-gap-default\">\n\t\t\t\t\t<div class=\"elementor-column elementor-col-100 elementor-top-column elementor-element elementor-element-56758138\" data-id=\"56758138\" data-element_type=\"column\">\n\t\t\t<div class=\"elementor-widget-wrap elementor-element-populated\">\n\t\t\t\t\t<div class=\"elementor-background-overlay\"><\/div>\n\t\t\t\t\t\t<div class=\"elementor-element elementor-element-73c4b0b animated-slow elementor-invisible elementor-widget elementor-widget-heading\" data-id=\"73c4b0b\" data-element_type=\"widget\" data-settings=\"{&quot;_animation&quot;:&quot;fadeIn&quot;}\" data-widget_type=\"heading.default\">\n\t\t\t\t<div class=\"elementor-widget-container\">\n\t\t\t\t\t<h2 class=\"elementor-heading-title elementor-size-default\">Art. 57<\/h2>\t\t\t\t<\/div>\n\t\t\t\t<\/div>\n\t\t\t\t\t<\/div>\n\t\t<\/div>\n\t\t\t\t\t<\/div>\n\t\t<\/section>\n\t\t\t\t<section class=\"elementor-section elementor-top-section elementor-element elementor-element-e3cdcd4 elementor-section-boxed elementor-section-height-default elementor-section-height-default\" data-id=\"e3cdcd4\" data-element_type=\"section\" data-settings=\"{&quot;background_background&quot;:&quot;classic&quot;}\">\n\t\t\t\t\t\t<div class=\"elementor-container elementor-column-gap-default\">\n\t\t\t\t\t<div class=\"elementor-column elementor-col-100 elementor-top-column elementor-element elementor-element-ea0e593\" data-id=\"ea0e593\" data-element_type=\"column\" data-settings=\"{&quot;background_background&quot;:&quot;classic&quot;}\">\n\t\t\t<div class=\"elementor-widget-wrap elementor-element-populated\">\n\t\t\t\t\t\t<div class=\"elementor-element elementor-element-3cbbccf elementor-widget__width-initial animated-slow elementor-invisible elementor-widget elementor-widget-text-editor\" data-id=\"3cbbccf\" data-element_type=\"widget\" data-settings=\"{&quot;motion_fx_motion_fx_scrolling&quot;:&quot;yes&quot;,&quot;motion_fx_translateY_effect&quot;:&quot;yes&quot;,&quot;motion_fx_translateY_direction&quot;:&quot;negative&quot;,&quot;motion_fx_translateY_speed&quot;:{&quot;unit&quot;:&quot;px&quot;,&quot;size&quot;:0,&quot;sizes&quot;:[]},&quot;motion_fx_translateY_affectedRange&quot;:{&quot;unit&quot;:&quot;%&quot;,&quot;size&quot;:&quot;&quot;,&quot;sizes&quot;:{&quot;start&quot;:46,&quot;end&quot;:100}},&quot;_animation&quot;:&quot;fadeInDown&quot;,&quot;motion_fx_devices&quot;:[&quot;desktop&quot;,&quot;tablet&quot;,&quot;mobile&quot;]}\" data-widget_type=\"text-editor.default\">\n\t\t\t\t<div class=\"elementor-widget-container\">\n\t\t\t\t\t\t\t\t\t<div style=\"text-align: justify;\">Il Senato della Repubblica \u00e8 eletto a base regionale, salvi i seggi assegnati alla circoscrizione Estero.<br \/>Il numero dei senatori elettivi \u00e8 di duecento, quattro dei quali eletti nella circoscrizione Estero.<br \/>Nessuna Regione o Provincia autonoma pu\u00f2 avere un numero di senatori inferiore a tre; il Molise ne ha due, la Valle d\u2019Aosta uno.<br \/>La ripartizione dei seggi tra le Regioni o le Province autonome, previa applicazione delle disposizioni del precedente comma, si effettua in proporzione alla loro popolazione, quale risulta dall\u2019ultimo censimento generale, sulla base dei quozienti interi e dei pi\u00f9 alti resti.<\/div>\t\t\t\t\t\t\t\t<\/div>\n\t\t\t\t<\/div>\n\t\t\t\t\t<\/div>\n\t\t<\/div>\n\t\t\t\t\t<\/div>\n\t\t<\/section>\n\t\t\t\t<section class=\"elementor-section elementor-top-section elementor-element elementor-element-a99fa06 elementor-section-content-middle elementor-section-boxed elementor-section-height-default elementor-section-height-default\" data-id=\"a99fa06\" data-element_type=\"section\" data-settings=\"{&quot;background_background&quot;:&quot;classic&quot;}\">\n\t\t\t\t\t\t<div class=\"elementor-container elementor-column-gap-default\">\n\t\t\t\t\t<div class=\"elementor-column elementor-col-100 elementor-top-column elementor-element elementor-element-20a7e6f1\" data-id=\"20a7e6f1\" data-element_type=\"column\">\n\t\t\t<div class=\"elementor-widget-wrap elementor-element-populated\">\n\t\t\t\t\t<div class=\"elementor-background-overlay\"><\/div>\n\t\t\t\t\t\t<div class=\"elementor-element elementor-element-24719ee animated-slow elementor-invisible elementor-widget elementor-widget-toggle\" data-id=\"24719ee\" data-element_type=\"widget\" data-settings=\"{&quot;_animation&quot;:&quot;fadeInDown&quot;}\" data-widget_type=\"toggle.default\">\n\t\t\t\t<div class=\"elementor-widget-container\">\n\t\t\t\t\t\t\t<div class=\"elementor-toggle\">\n\t\t\t\t\t\t\t<div class=\"elementor-toggle-item\">\n\t\t\t\t\t<div id=\"elementor-tab-title-3821\" class=\"elementor-tab-title\" data-tab=\"1\" role=\"button\" aria-controls=\"elementor-tab-content-3821\" aria-expanded=\"false\">\n\t\t\t\t\t\t\t\t\t\t\t\t<span class=\"elementor-toggle-icon elementor-toggle-icon-left\" aria-hidden=\"true\">\n\t\t\t\t\t\t\t\t\t\t\t\t\t\t\t<span class=\"elementor-toggle-icon-closed\"><i class=\"fas fa-caret-right\"><\/i><\/span>\n\t\t\t\t\t\t\t\t<span class=\"elementor-toggle-icon-opened\"><i class=\"elementor-toggle-icon-opened fas fa-caret-up\"><\/i><\/span>\n\t\t\t\t\t\t\t\t\t\t\t\t\t<\/span>\n\t\t\t\t\t\t\t\t\t\t\t\t<a class=\"elementor-toggle-title\" tabindex=\"0\">Testo originario del 1\u00b0 gennaio 1948 <\/a>\n\t\t\t\t\t<\/div>\n\n\t\t\t\t\t<div id=\"elementor-tab-content-3821\" class=\"elementor-tab-content elementor-clearfix\" data-tab=\"1\" role=\"region\" aria-labelledby=\"elementor-tab-title-3821\"><div style=\"text-align: justify;\"><p>Il Senato della Repubblica \u00e8 eletto a base regionale.<br \/>A ciascuna Regione \u00e8 attribuito un senatore per duecentomila abitanti o per frazione superiore a centomila.<br \/>Nessuna Regione pu\u00f2 avere un numero di senatori inferiore a sei. La Valle d\u2019Aosta ha un solo senatore.<\/p><\/div><\/div>\n\t\t\t\t<\/div>\n\t\t\t\t\t\t\t\t\t\t<script type=\"application\/ld+json\">{\"@context\":\"https:\\\/\\\/schema.org\",\"@type\":\"FAQPage\",\"mainEntity\":[{\"@type\":\"Question\",\"name\":\"Testo originario del 1\\u00b0 gennaio 1948\",\"acceptedAnswer\":{\"@type\":\"Answer\",\"text\":\"<div style=\\\"text-align: justify;\\\"><p>Il Senato della Repubblica \\u00e8 eletto a base regionale.<br \\\/>A ciascuna Regione \\u00e8 attribuito un senatore per duecentomila abitanti o per frazione superiore a centomila.<br \\\/>Nessuna Regione pu\\u00f2 avere un numero di senatori inferiore a sei. La Valle d\\u2019Aosta ha un solo senatore.<\\\/p><\\\/div>\"}}]}<\/script>\n\t\t\t\t\t<\/div>\n\t\t\t\t\t\t<\/div>\n\t\t\t\t<\/div>\n\t\t\t\t<div class=\"elementor-element elementor-element-08d2475 animated-slow elementor-invisible elementor-widget elementor-widget-toggle\" data-id=\"08d2475\" data-element_type=\"widget\" data-settings=\"{&quot;_animation&quot;:&quot;fadeInDown&quot;}\" data-widget_type=\"toggle.default\">\n\t\t\t\t<div class=\"elementor-widget-container\">\n\t\t\t\t\t\t\t<div class=\"elementor-toggle\">\n\t\t\t\t\t\t\t<div class=\"elementor-toggle-item\">\n\t\t\t\t\t<div id=\"elementor-tab-title-9241\" class=\"elementor-tab-title\" data-tab=\"1\" role=\"button\" aria-controls=\"elementor-tab-content-9241\" aria-expanded=\"false\">\n\t\t\t\t\t\t\t\t\t\t\t\t<span class=\"elementor-toggle-icon elementor-toggle-icon-left\" aria-hidden=\"true\">\n\t\t\t\t\t\t\t\t\t\t\t\t\t\t\t<span class=\"elementor-toggle-icon-closed\"><i class=\"fas fa-caret-right\"><\/i><\/span>\n\t\t\t\t\t\t\t\t<span class=\"elementor-toggle-icon-opened\"><i class=\"elementor-toggle-icon-opened fas fa-caret-up\"><\/i><\/span>\n\t\t\t\t\t\t\t\t\t\t\t\t\t<\/span>\n\t\t\t\t\t\t\t\t\t\t\t\t<a class=\"elementor-toggle-title\" tabindex=\"0\">Evoluzione dalla Commissione dei 75 a oggi<\/a>\n\t\t\t\t\t<\/div>\n\n\t\t\t\t\t<div id=\"elementor-tab-content-9241\" class=\"elementor-tab-content elementor-clearfix\" data-tab=\"1\" role=\"region\" aria-labelledby=\"elementor-tab-title-9241\"><div style=\"text-align: justify;\"><p><strong>Testo della Commissione dei 75<br \/>Gi\u00e0 art. 55<br \/><\/strong>La Camera dei senatori \u00e8 eletta a base regionale.<br \/>A ciascuna Regione \u00e8 attribuito, oltre ad un numero fisso di cinque Senatori, un Senatore per duecentomila abitanti o per frazione superiore a centomila. La Valle d\u2019Aosta ha un solo Senatore. Nessuna Regione pu\u00f2 avere un numero di Senatori maggiore di quello dei Deputati che manda all\u2019altra Camera.<br \/>I Senatori sono eletti per un terzo dai membri del Consiglio regionale e per due terzi a suffragio universale e diretto dagli elettori che hanno superato il venticinquesimo anno di et\u00e0.<\/p><p><strong>Emendamenti approvati dall\u2019Assemblea Costituente<br \/><\/strong>Sopprimere al secondo comma l\u2019ultimo periodo:<br \/>\u201cNessuna Regione pu\u00f2 avere un numero di senatori maggiore di quello dei deputati che manda all\u2019altra Camera.\u201d<br \/>MORTATI, FUSCHINI, FERRARESE, DE PALMA, SULLO, DOMINED\u00d2, CARIGNANI, BUBBIO, BALDUZZI, SALIZZONI, VIALE (DC).<br \/>Il Senato della Repubblica \u00e8 eletto a base regionale.<br \/>Il numero dei senatori \u00e8 determinato in ragione di uno ogni 250.000 abitanti o per frazione superiore a 100.000, attribuendosi per\u00f2 a ciascuna Regione un numero minimo di sei senatori.<br \/>MORTATI, TOSATO, UBERTI, DOMINED\u00d2, BASTIANETTO, PERLINGIERI, RECCA, ALBERTI, FERRARESE, STORCHI (DC).<br \/><em>Approvato con la riduzione del quoziente a 200.000, come nel testo proposto dalla Commissione.<\/em><\/p><div><p><strong>Testo della Costituzione approvato dall\u2019Assemblea Costituente<br \/><\/strong>Il Senato della Repubblica \u00e8 eletto a base regionale.<br \/>A ciascuna Regione \u00e8 attribuito un senatore per duecentomila abitanti o per frazione superiore a centomila.<br \/>Nessuna Regione pu\u00f2 avere un numero di senatori inferiore a sei. La Valle d\u2019Aosta ha un solo senatore.<br \/><a href=\"https:\/\/comenascelacostituzione.it\/?p=2140\">24\/09\/1947 Pomeridiana<\/a><br \/><a href=\"https:\/\/comenascelacostituzione.it\/?p=2146\">25\/09\/1947 Pomeridiana<\/a><br \/><a href=\"https:\/\/comenascelacostituzione.it\/?p=2199\">07\/10\/1947<\/a><br \/><a href=\"https:\/\/comenascelacostituzione.it\/?p=2202\">08\/10\/1947 Antimeridiana<\/a><br \/><a href=\"https:\/\/comenascelacostituzione.it\/?p=2205\">08\/10\/1947 Pomeridiana<\/a><br \/><em>discussione generale:<br \/><\/em><a style=\"background-color: #b2cad4;\" href=\"https:\/\/comenascelacostituzione.it\/?p=2087\">10\/09\/1947<\/a><br \/><a style=\"background-color: #b2cad4;\" href=\"https:\/\/comenascelacostituzione.it\/?p=2096\">12\/09\/1947<\/a><br \/><a style=\"background-color: #b2cad4;\" href=\"https:\/\/comenascelacostituzione.it\/?p=2102\">15\/09\/1947<\/a><br \/><a style=\"background-color: #b2cad4;\" href=\"https:\/\/comenascelacostituzione.it\/?p=2108\">16\/09\/1947 Pomeridiana<\/a><br \/><a style=\"background-color: #b2cad4;\" href=\"https:\/\/comenascelacostituzione.it\/?p=2114\">17\/09\/1947 Pomeridiana<\/a><br \/><a style=\"background-color: #b2cad4;\" href=\"https:\/\/comenascelacostituzione.it\/?p=2120\">18\/09\/1947 Pomeridiana<\/a><br \/><a style=\"background-color: #b2cad4;\" href=\"https:\/\/comenascelacostituzione.it\/?p=2125\">19\/09\/1947 Pomeridiana<\/a><\/p><div><div style=\"text-align: justify;\"><strong>Leggi di modifica<\/strong><br \/>La legge costituzionale 9 febbraio 1963, n. 2 \u00abModificazioni agli articoli 56, 57 e 60 della Costituzione\u00bb (G.U. n. 40 del 12 febbraio 1963) <a href=\"https:\/\/www.normattiva.it\/atto\/caricaDettaglioAtto?atto.dataPubblicazioneGazzetta=1963-02-12&amp;atto.codiceRedazionale=063C0002&amp;atto.articolo.numero=2&amp;atto.articolo.sottoArticolo=1&amp;atto.articolo.tipoArticolo=0\">ha disposto (con l&#8217;art. 2 e con l\u2019art. 5) la modifica dell&#8217;art. 57.<\/a><br \/>La legge costituzionale 27 dicembre 1963, n. 3 \u00abModificazioni agli articoli 131 e 57 della Costituzione e istituzione della Regione \u201cMolise\u00bb (G.U. n. 3 del 4 gennaio 1964) <a href=\"https:\/\/www.normattiva.it\/atto\/caricaDettaglioAtto?atto.dataPubblicazioneGazzetta=1964-01-04&amp;atto.codiceRedazionale=063C0003&amp;atto.articolo.numero=2&amp;atto.articolo.sottoArticolo=1&amp;atto.articolo.tipoArticolo=0\">ha disposto (con l&#8217;art. 2) la modifica dell&#8217;art. 57.<\/a><br \/>La legge costituzionale 23 gennaio 2001, n. 1 \u00abModifiche agli articoli 56 e 57 della Costituzione concernenti il numero dei deputati e senatori in rappresentanza degli italiani all\u2019estero\u00bb (G.U. n. 19 del 24 gennaio 2001) <a href=\"https:\/\/www.normattiva.it\/atto\/caricaDettaglioAtto?atto.dataPubblicazioneGazzetta=2001-01-24&amp;atto.codiceRedazionale=001G0037&amp;atto.articolo.numero=2&amp;atto.articolo.sottoArticolo=1&amp;atto.articolo.tipoArticolo=0\">ha disposto (con l&#8217;art. 2, comma 1)la modifica dell&#8217;art. 57, primo comma;(con l&#8217;art. 2, comma 2)la modifica dell&#8217;art. 57, secondo comma;(con l&#8217;art. 2, comma 3)la modifica dell&#8217;art. 57, quarto comma.<\/a><br \/>La legge costituzionale 19 ottobre 2020, n. 1 (in G.U. 21\/10\/2020, n.261) ha disposto (con l&#8217;art. 2, comma 1, lettera a)) la modifica dell&#8217;art. 57, comma 2; (con l&#8217;art. 2, comma 1, lettera b)) la modifica dell&#8217;art. 57, comma 3; (con l&#8217;art. 2, comma 1, lettera c)) la modifica dell&#8217;art. 57, comma 4. Ha disposto (con l&#8217;art. 4, comma 1) la modifica dell&#8217;art. 57, commi 2, 3 e 4.<\/div><\/div><\/div><\/div><\/div>\n\t\t\t\t<\/div>\n\t\t\t\t\t\t\t\t\t\t<script type=\"application\/ld+json\">{\"@context\":\"https:\\\/\\\/schema.org\",\"@type\":\"FAQPage\",\"mainEntity\":[{\"@type\":\"Question\",\"name\":\"Evoluzione dalla Commissione dei 75 a oggi\",\"acceptedAnswer\":{\"@type\":\"Answer\",\"text\":\"<div style=\\\"text-align: justify;\\\"><p><strong>Testo della Commissione dei 75<br \\\/>Gi\\u00e0 art. 55<br \\\/><\\\/strong>La Camera dei senatori \\u00e8 eletta a base regionale.<br \\\/>A ciascuna Regione \\u00e8 attribuito, oltre ad un numero fisso di cinque Senatori, un Senatore per duecentomila abitanti o per frazione superiore a centomila. La Valle d\\u2019Aosta ha un solo Senatore. Nessuna Regione pu\\u00f2 avere un numero di Senatori maggiore di quello dei Deputati che manda all\\u2019altra Camera.<br \\\/>I Senatori sono eletti per un terzo dai membri del Consiglio regionale e per due terzi a suffragio universale e diretto dagli elettori che hanno superato il venticinquesimo anno di et\\u00e0.<\\\/p><p><strong>Emendamenti approvati dall\\u2019Assemblea Costituente<br \\\/><\\\/strong>Sopprimere al secondo comma l\\u2019ultimo periodo:<br \\\/>\\u201cNessuna Regione pu\\u00f2 avere un numero di senatori maggiore di quello dei deputati che manda all\\u2019altra Camera.\\u201d<br \\\/>MORTATI, FUSCHINI, FERRARESE, DE PALMA, SULLO, DOMINED\\u00d2, CARIGNANI, BUBBIO, BALDUZZI, SALIZZONI, VIALE (DC).<br \\\/>Il Senato della Repubblica \\u00e8 eletto a base regionale.<br \\\/>Il numero dei senatori \\u00e8 determinato in ragione di uno ogni 250.000 abitanti o per frazione superiore a 100.000, attribuendosi per\\u00f2 a ciascuna Regione un numero minimo di sei senatori.<br \\\/>MORTATI, TOSATO, UBERTI, DOMINED\\u00d2, BASTIANETTO, PERLINGIERI, RECCA, ALBERTI, FERRARESE, STORCHI (DC).<br \\\/><em>Approvato con la riduzione del quoziente a 200.000, come nel testo proposto dalla Commissione.<\\\/em><\\\/p><div><p><strong>Testo della Costituzione approvato dall\\u2019Assemblea Costituente<br \\\/><\\\/strong>Il Senato della Repubblica \\u00e8 eletto a base regionale.<br \\\/>A ciascuna Regione \\u00e8 attribuito un senatore per duecentomila abitanti o per frazione superiore a centomila.<br \\\/>Nessuna Regione pu\\u00f2 avere un numero di senatori inferiore a sei. La Valle d\\u2019Aosta ha un solo senatore.<br \\\/><a href=\\\"https:\\\/\\\/comenascelacostituzione.it\\\/?p=2140\\\">24\\\/09\\\/1947 Pomeridiana<\\\/a><br \\\/><a href=\\\"https:\\\/\\\/comenascelacostituzione.it\\\/?p=2146\\\">25\\\/09\\\/1947 Pomeridiana<\\\/a><br \\\/><a href=\\\"https:\\\/\\\/comenascelacostituzione.it\\\/?p=2199\\\">07\\\/10\\\/1947<\\\/a><br \\\/><a href=\\\"https:\\\/\\\/comenascelacostituzione.it\\\/?p=2202\\\">08\\\/10\\\/1947 Antimeridiana<\\\/a><br \\\/><a href=\\\"https:\\\/\\\/comenascelacostituzione.it\\\/?p=2205\\\">08\\\/10\\\/1947 Pomeridiana<\\\/a><br \\\/><em>discussione generale:<br \\\/><\\\/em><a style=\\\"background-color: #b2cad4;\\\" href=\\\"https:\\\/\\\/comenascelacostituzione.it\\\/?p=2087\\\">10\\\/09\\\/1947<\\\/a><br \\\/><a style=\\\"background-color: #b2cad4;\\\" href=\\\"https:\\\/\\\/comenascelacostituzione.it\\\/?p=2096\\\">12\\\/09\\\/1947<\\\/a><br \\\/><a style=\\\"background-color: #b2cad4;\\\" href=\\\"https:\\\/\\\/comenascelacostituzione.it\\\/?p=2102\\\">15\\\/09\\\/1947<\\\/a><br \\\/><a style=\\\"background-color: #b2cad4;\\\" href=\\\"https:\\\/\\\/comenascelacostituzione.it\\\/?p=2108\\\">16\\\/09\\\/1947 Pomeridiana<\\\/a><br \\\/><a style=\\\"background-color: #b2cad4;\\\" href=\\\"https:\\\/\\\/comenascelacostituzione.it\\\/?p=2114\\\">17\\\/09\\\/1947 Pomeridiana<\\\/a><br \\\/><a style=\\\"background-color: #b2cad4;\\\" href=\\\"https:\\\/\\\/comenascelacostituzione.it\\\/?p=2120\\\">18\\\/09\\\/1947 Pomeridiana<\\\/a><br \\\/><a style=\\\"background-color: #b2cad4;\\\" href=\\\"https:\\\/\\\/comenascelacostituzione.it\\\/?p=2125\\\">19\\\/09\\\/1947 Pomeridiana<\\\/a><\\\/p><div><div style=\\\"text-align: justify;\\\"><strong>Leggi di modifica<\\\/strong><br \\\/>La legge costituzionale 9 febbraio 1963, n. 2 \\u00abModificazioni agli articoli 56, 57 e 60 della Costituzione\\u00bb (G.U. n. 40 del 12 febbraio 1963) <a href=\\\"https:\\\/\\\/www.normattiva.it\\\/atto\\\/caricaDettaglioAtto?atto.dataPubblicazioneGazzetta=1963-02-12&amp;atto.codiceRedazionale=063C0002&amp;atto.articolo.numero=2&amp;atto.articolo.sottoArticolo=1&amp;atto.articolo.tipoArticolo=0\\\">ha disposto (con l&#8217;art. 2 e con l\\u2019art. 5) la modifica dell&#8217;art. 57.<\\\/a><br \\\/>La legge costituzionale 27 dicembre 1963, n. 3 \\u00abModificazioni agli articoli 131 e 57 della Costituzione e istituzione della Regione \\u201cMolise\\u00bb (G.U. n. 3 del 4 gennaio 1964) <a href=\\\"https:\\\/\\\/www.normattiva.it\\\/atto\\\/caricaDettaglioAtto?atto.dataPubblicazioneGazzetta=1964-01-04&amp;atto.codiceRedazionale=063C0003&amp;atto.articolo.numero=2&amp;atto.articolo.sottoArticolo=1&amp;atto.articolo.tipoArticolo=0\\\">ha disposto (con l&#8217;art. 2) la modifica dell&#8217;art. 57.<\\\/a><br \\\/>La legge costituzionale 23 gennaio 2001, n. 1 \\u00abModifiche agli articoli 56 e 57 della Costituzione concernenti il numero dei deputati e senatori in rappresentanza degli italiani all\\u2019estero\\u00bb (G.U. n. 19 del 24 gennaio 2001) <a href=\\\"https:\\\/\\\/www.normattiva.it\\\/atto\\\/caricaDettaglioAtto?atto.dataPubblicazioneGazzetta=2001-01-24&amp;atto.codiceRedazionale=001G0037&amp;atto.articolo.numero=2&amp;atto.articolo.sottoArticolo=1&amp;atto.articolo.tipoArticolo=0\\\">ha disposto (con l&#8217;art. 2, comma 1)la modifica dell&#8217;art. 57, primo comma;(con l&#8217;art. 2, comma 2)la modifica dell&#8217;art. 57, secondo comma;(con l&#8217;art. 2, comma 3)la modifica dell&#8217;art. 57, quarto comma.<\\\/a><br \\\/>La legge costituzionale 19 ottobre 2020, n. 1 (in G.U. 21\\\/10\\\/2020, n.261) ha disposto (con l&#8217;art. 2, comma 1, lettera a)) la modifica dell&#8217;art. 57, comma 2; (con l&#8217;art. 2, comma 1, lettera b)) la modifica dell&#8217;art. 57, comma 3; (con l&#8217;art. 2, comma 1, lettera c)) la modifica dell&#8217;art. 57, comma 4. Ha disposto (con l&#8217;art. 4, comma 1) la modifica dell&#8217;art. 57, commi 2, 3 e 4.<\\\/div><\\\/div><\\\/div><\\\/div>\"}}]}<\/script>\n\t\t\t\t\t<\/div>\n\t\t\t\t\t\t<\/div>\n\t\t\t\t<\/div>\n\t\t\t\t<div class=\"elementor-element elementor-element-232a541 elementor-align-center elementor-widget elementor-widget-button\" data-id=\"232a541\" data-element_type=\"widget\" data-widget_type=\"button.default\">\n\t\t\t\t<div class=\"elementor-widget-container\">\n\t\t\t\t\t\t\t\t\t<div class=\"elementor-button-wrapper\">\n\t\t\t\t\t<a class=\"elementor-button elementor-button-link elementor-size-sm elementor-animation-push\" href=\"https:\/\/comenascelacostituzione.it\/?page_id=2562\">\n\t\t\t\t\t\t<span class=\"elementor-button-content-wrapper\">\n\t\t\t\t\t\t\t\t\t<span class=\"elementor-button-text\">Indietro<\/span>\n\t\t\t\t\t<\/span>\n\t\t\t\t\t<\/a>\n\t\t\t\t<\/div>\n\t\t\t\t\t\t\t\t<\/div>\n\t\t\t\t<\/div>\n\t\t\t\t\t<\/div>\n\t\t<\/div>\n\t\t\t\t\t<\/div>\n\t\t<\/section>\n\t\t\t\t<\/div>\n\t\t","protected":false},"excerpt":{"rendered":"<p>Art. 57 Il Senato della Repubblica \u00e8 eletto a base regionale, salvi i seggi assegnati alla circoscrizione Estero.Il numero dei senatori elettivi \u00e8 di duecento, quattro dei quali eletti nella circoscrizione Estero.Nessuna Regione o Provincia autonoma pu\u00f2 avere un numero di senatori inferiore a tre; il Molise ne ha due, la Valle d\u2019Aosta uno.La ripartizione [&hellip;]<\/p>\n","protected":false},"author":1,"featured_media":0,"parent":0,"menu_order":0,"comment_status":"closed","ping_status":"closed","template":"elementor_header_footer","meta":{"_relevanssi_hide_post":"","_relevanssi_hide_content":"","_relevanssi_pin_for_all":"","_relevanssi_pin_keywords":"","_relevanssi_unpin_keywords":"","_relevanssi_related_keywords":"","_relevanssi_related_include_ids":"","_relevanssi_related_exclude_ids":"","_relevanssi_related_no_append":"","_relevanssi_related_not_related":"","_relevanssi_related_posts":"","_relevanssi_noindex_reason":"","_monsterinsights_skip_tracking":false,"_monsterinsights_sitenote_active":false,"_monsterinsights_sitenote_note":"","_monsterinsights_sitenote_category":0,"footnotes":""},"folder":[66],"class_list":["post-3726","page","type-page","status-publish","hentry"],"aioseo_notices":[],"_links":{"self":[{"href":"https:\/\/comenascelacostituzione.it\/index.php?rest_route=\/wp\/v2\/pages\/3726","targetHints":{"allow":["GET"]}}],"collection":[{"href":"https:\/\/comenascelacostituzione.it\/index.php?rest_route=\/wp\/v2\/pages"}],"about":[{"href":"https:\/\/comenascelacostituzione.it\/index.php?rest_route=\/wp\/v2\/types\/page"}],"author":[{"embeddable":true,"href":"https:\/\/comenascelacostituzione.it\/index.php?rest_route=\/wp\/v2\/users\/1"}],"replies":[{"embeddable":true,"href":"https:\/\/comenascelacostituzione.it\/index.php?rest_route=%2Fwp%2Fv2%2Fcomments&post=3726"}],"version-history":[{"count":16,"href":"https:\/\/comenascelacostituzione.it\/index.php?rest_route=\/wp\/v2\/pages\/3726\/revisions"}],"predecessor-version":[{"id":8256,"href":"https:\/\/comenascelacostituzione.it\/index.php?rest_route=\/wp\/v2\/pages\/3726\/revisions\/8256"}],"wp:attachment":[{"href":"https:\/\/comenascelacostituzione.it\/index.php?rest_route=%2Fwp%2Fv2%2Fmedia&parent=3726"}],"wp:term":[{"taxonomy":"folder","embeddable":true,"href":"https:\/\/comenascelacostituzione.it\/index.php?rest_route=%2Fwp%2Fv2%2Ffolder&post=3726"}],"curies":[{"name":"wp","href":"https:\/\/api.w.org\/{rel}","templated":true}]}}