{"id":3420,"date":"2023-10-04T23:36:55","date_gmt":"2023-10-04T21:36:55","guid":{"rendered":"https:\/\/comenascelacostituzione.it\/?page_id=3420"},"modified":"2023-10-23T21:12:40","modified_gmt":"2023-10-23T19:12:40","slug":"art-3","status":"publish","type":"page","link":"https:\/\/comenascelacostituzione.it\/?page_id=3420","title":{"rendered":"Art. 3"},"content":{"rendered":"\t\t<div data-elementor-type=\"wp-page\" data-elementor-id=\"3420\" class=\"elementor elementor-3420\" data-elementor-post-type=\"page\">\n\t\t\t\t\t\t<section class=\"elementor-section elementor-top-section elementor-element elementor-element-427fff19 elementor-section-content-middle elementor-section-boxed elementor-section-height-default elementor-section-height-default\" data-id=\"427fff19\" data-element_type=\"section\" data-settings=\"{&quot;background_background&quot;:&quot;classic&quot;}\">\n\t\t\t\t\t\t\t<div class=\"elementor-background-overlay\"><\/div>\n\t\t\t\t\t\t\t<div class=\"elementor-container elementor-column-gap-default\">\n\t\t\t\t\t<div class=\"elementor-column elementor-col-100 elementor-top-column elementor-element elementor-element-56758138\" data-id=\"56758138\" data-element_type=\"column\">\n\t\t\t<div class=\"elementor-widget-wrap elementor-element-populated\">\n\t\t\t\t\t<div class=\"elementor-background-overlay\"><\/div>\n\t\t\t\t\t\t<div class=\"elementor-element elementor-element-73c4b0b animated-slow elementor-invisible elementor-widget elementor-widget-heading\" data-id=\"73c4b0b\" data-element_type=\"widget\" data-settings=\"{&quot;_animation&quot;:&quot;fadeIn&quot;}\" data-widget_type=\"heading.default\">\n\t\t\t\t<div class=\"elementor-widget-container\">\n\t\t\t\t\t<h2 class=\"elementor-heading-title elementor-size-default\">Art. 3<br><\/h2>\t\t\t\t<\/div>\n\t\t\t\t<\/div>\n\t\t\t\t\t<\/div>\n\t\t<\/div>\n\t\t\t\t\t<\/div>\n\t\t<\/section>\n\t\t\t\t<section class=\"elementor-section elementor-top-section elementor-element elementor-element-e3cdcd4 elementor-section-boxed elementor-section-height-default elementor-section-height-default\" data-id=\"e3cdcd4\" data-element_type=\"section\" data-settings=\"{&quot;background_background&quot;:&quot;classic&quot;}\">\n\t\t\t\t\t\t<div class=\"elementor-container elementor-column-gap-default\">\n\t\t\t\t\t<div class=\"elementor-column elementor-col-100 elementor-top-column elementor-element elementor-element-ea0e593\" data-id=\"ea0e593\" data-element_type=\"column\" data-settings=\"{&quot;background_background&quot;:&quot;classic&quot;}\">\n\t\t\t<div class=\"elementor-widget-wrap elementor-element-populated\">\n\t\t\t\t\t\t<div class=\"elementor-element elementor-element-3cbbccf elementor-widget__width-initial animated-slow elementor-invisible elementor-widget elementor-widget-text-editor\" data-id=\"3cbbccf\" data-element_type=\"widget\" data-settings=\"{&quot;motion_fx_motion_fx_scrolling&quot;:&quot;yes&quot;,&quot;motion_fx_translateY_effect&quot;:&quot;yes&quot;,&quot;motion_fx_translateY_direction&quot;:&quot;negative&quot;,&quot;motion_fx_translateY_speed&quot;:{&quot;unit&quot;:&quot;px&quot;,&quot;size&quot;:0,&quot;sizes&quot;:[]},&quot;motion_fx_translateY_affectedRange&quot;:{&quot;unit&quot;:&quot;%&quot;,&quot;size&quot;:&quot;&quot;,&quot;sizes&quot;:{&quot;start&quot;:46,&quot;end&quot;:100}},&quot;_animation&quot;:&quot;fadeInDown&quot;,&quot;motion_fx_devices&quot;:[&quot;desktop&quot;,&quot;tablet&quot;,&quot;mobile&quot;]}\" data-widget_type=\"text-editor.default\">\n\t\t\t\t<div class=\"elementor-widget-container\">\n\t\t\t\t\t\t\t\t\t<div style=\"text-align: justify;\">Tutti i cittadini hanno pari dignit\u00e0 sociale e sono eguali davanti alla legge, senza distinzione di sesso, di razza, di lingua, di religione, di opinioni politiche, di condizioni personali e sociali.<\/div><div style=\"text-align: justify;\">\u00c8 compito della Repubblica rimuovere gli ostacoli di ordine economico e sociale, che, limitando di fatto la libert\u00e0 e l\u2019eguaglianza dei cittadini, impediscono il pieno sviluppo della persona umana e l\u2019effettiva partecipazione di tutti i lavoratori all\u2019organizzazione politica, economica e sociale del Paese.<\/div>\t\t\t\t\t\t\t\t<\/div>\n\t\t\t\t<\/div>\n\t\t\t\t\t<\/div>\n\t\t<\/div>\n\t\t\t\t\t<\/div>\n\t\t<\/section>\n\t\t\t\t<section class=\"elementor-section elementor-top-section elementor-element elementor-element-a99fa06 elementor-section-content-middle elementor-section-boxed elementor-section-height-default elementor-section-height-default\" data-id=\"a99fa06\" data-element_type=\"section\" data-settings=\"{&quot;background_background&quot;:&quot;classic&quot;}\">\n\t\t\t\t\t\t<div class=\"elementor-container elementor-column-gap-default\">\n\t\t\t\t\t<div class=\"elementor-column elementor-col-100 elementor-top-column elementor-element elementor-element-20a7e6f1\" data-id=\"20a7e6f1\" data-element_type=\"column\">\n\t\t\t<div class=\"elementor-widget-wrap elementor-element-populated\">\n\t\t\t\t\t<div class=\"elementor-background-overlay\"><\/div>\n\t\t\t\t\t\t<div class=\"elementor-element elementor-element-24719ee animated-slow elementor-invisible elementor-widget elementor-widget-toggle\" data-id=\"24719ee\" data-element_type=\"widget\" data-settings=\"{&quot;_animation&quot;:&quot;fadeInDown&quot;}\" data-widget_type=\"toggle.default\">\n\t\t\t\t<div class=\"elementor-widget-container\">\n\t\t\t\t\t\t\t<div class=\"elementor-toggle\">\n\t\t\t\t\t\t\t<div class=\"elementor-toggle-item\">\n\t\t\t\t\t<div id=\"elementor-tab-title-3821\" class=\"elementor-tab-title\" data-tab=\"1\" role=\"button\" aria-controls=\"elementor-tab-content-3821\" aria-expanded=\"false\">\n\t\t\t\t\t\t\t\t\t\t\t\t<span class=\"elementor-toggle-icon elementor-toggle-icon-left\" aria-hidden=\"true\">\n\t\t\t\t\t\t\t\t\t\t\t\t\t\t\t<span class=\"elementor-toggle-icon-closed\"><i class=\"fas fa-caret-right\"><\/i><\/span>\n\t\t\t\t\t\t\t\t<span class=\"elementor-toggle-icon-opened\"><i class=\"elementor-toggle-icon-opened fas fa-caret-up\"><\/i><\/span>\n\t\t\t\t\t\t\t\t\t\t\t\t\t<\/span>\n\t\t\t\t\t\t\t\t\t\t\t\t<a class=\"elementor-toggle-title\" tabindex=\"0\">Testo originario del 1\u00b0 gennaio 1948 <\/a>\n\t\t\t\t\t<\/div>\n\n\t\t\t\t\t<div id=\"elementor-tab-content-3821\" class=\"elementor-tab-content elementor-clearfix\" data-tab=\"1\" role=\"region\" aria-labelledby=\"elementor-tab-title-3821\"><div style=\"text-align: justify;\">Tutti i cittadini hanno pari dignit\u00e0 sociale e sono eguali davanti alla legge, senza distinzione di sesso, di razza, di lingua, di religione, di opinioni politiche, di condizioni personali e sociali.<\/div><div style=\"text-align: justify;\">\u00c8 compito della Repubblica rimuovere gli ostacoli di ordine economico e sociale, che, limitando di fatto la libert\u00e0 e l\u2019eguaglianza dei cittadini, impediscono il pieno sviluppo della persona umana e l\u2019effettiva partecipazione di tutti i lavoratori all\u2019organizzazione politica, economica e sociale del Paese.<\/div><\/div>\n\t\t\t\t<\/div>\n\t\t\t\t\t\t\t\t\t\t<script type=\"application\/ld+json\">{\"@context\":\"https:\\\/\\\/schema.org\",\"@type\":\"FAQPage\",\"mainEntity\":[{\"@type\":\"Question\",\"name\":\"Testo originario del 1\\u00b0 gennaio 1948\",\"acceptedAnswer\":{\"@type\":\"Answer\",\"text\":\"<div style=\\\"text-align: justify;\\\">Tutti i cittadini hanno pari dignit\\u00e0 sociale e sono eguali davanti alla legge, senza distinzione di sesso, di razza, di lingua, di religione, di opinioni politiche, di condizioni personali e sociali.<\\\/div><div style=\\\"text-align: justify;\\\">\\u00c8 compito della Repubblica rimuovere gli ostacoli di ordine economico e sociale, che, limitando di fatto la libert\\u00e0 e l\\u2019eguaglianza dei cittadini, impediscono il pieno sviluppo della persona umana e l\\u2019effettiva partecipazione di tutti i lavoratori all\\u2019organizzazione politica, economica e sociale del Paese.<\\\/div>\"}}]}<\/script>\n\t\t\t\t\t<\/div>\n\t\t\t\t\t\t<\/div>\n\t\t\t\t<\/div>\n\t\t\t\t<div class=\"elementor-element elementor-element-08d2475 animated-slow elementor-invisible elementor-widget elementor-widget-toggle\" data-id=\"08d2475\" data-element_type=\"widget\" data-settings=\"{&quot;_animation&quot;:&quot;fadeInDown&quot;}\" data-widget_type=\"toggle.default\">\n\t\t\t\t<div class=\"elementor-widget-container\">\n\t\t\t\t\t\t\t<div class=\"elementor-toggle\">\n\t\t\t\t\t\t\t<div class=\"elementor-toggle-item\">\n\t\t\t\t\t<div id=\"elementor-tab-title-9241\" class=\"elementor-tab-title\" data-tab=\"1\" role=\"button\" aria-controls=\"elementor-tab-content-9241\" aria-expanded=\"false\">\n\t\t\t\t\t\t\t\t\t\t\t\t<span class=\"elementor-toggle-icon elementor-toggle-icon-left\" aria-hidden=\"true\">\n\t\t\t\t\t\t\t\t\t\t\t\t\t\t\t<span class=\"elementor-toggle-icon-closed\"><i class=\"fas fa-caret-right\"><\/i><\/span>\n\t\t\t\t\t\t\t\t<span class=\"elementor-toggle-icon-opened\"><i class=\"elementor-toggle-icon-opened fas fa-caret-up\"><\/i><\/span>\n\t\t\t\t\t\t\t\t\t\t\t\t\t<\/span>\n\t\t\t\t\t\t\t\t\t\t\t\t<a class=\"elementor-toggle-title\" tabindex=\"0\">Evoluzione dalla Commissione dei 75 a oggi<\/a>\n\t\t\t\t\t<\/div>\n\n\t\t\t\t\t<div id=\"elementor-tab-content-9241\" class=\"elementor-tab-content elementor-clearfix\" data-tab=\"1\" role=\"region\" aria-labelledby=\"elementor-tab-title-9241\"><div style=\"text-align: justify;\">\n<p><strong>Testo della Commissione dei 75<\/strong><br><strong>Gi\u00e0 art. 7<\/strong><\/p>\n<p>l cittadini, senza distinzione di sesso, di razza e lingua, di condizioni sociali, di opinioni religiose e politiche, sono eguali di fronte alla legge.<br>\u00c8 compito della Repubblica rimuovere gli ostacoli d\u2019ordine economico e sociale che limitano la libert\u00e0 e l\u2019eguaglianza degli individui e impediscono il completo sviluppo della persona umana.<\/p>\n<p><strong>Emendamenti approvati dall\u2019Assemblea Costituente<\/strong><br>Sostituirlo col seguente da collocarsi come art. 3:<br>\u201cI cittadini, senza distinzione di sesso, di razza, di lingua, di condizioni sociali, di religione e di opinioni politiche, hanno pari dignit\u00e0 sociale e sono eguali di fronte alla legge.<br>\u00c8 compito della Repubblica rimuovere gli ostacoli di ordine economico e sociale che, limitando di fatto la libert\u00e0 e l\u2019eguaglianza dei cittadini, impediscono il completo sviluppo della persona umana e l\u2019effettiva partecipazione di tutti i lavoratori all\u2019organizzazione politica, economica e sociale dell\u2019Italia.\u201d<br>AMENDOLA, LACONI, IOTTI LEONILDE, GRIECO (PCI).<br><em>Identico emendamento venne presentato dai deputati:<\/em><br>FANFANI (DC); GRASSI (UDN); MORO, TOSATO, BULLONI, PONTI, CLERICI (DC).<br><em>I due emendamenti sostitutivi vennero posti ai voti congiuntamente e congiuntamente approvati.<\/em><br><strong>Testo della Costituzione approvato dall\u2019Assemblea Costituente<\/strong><br>Tutti i cittadini hanno pari dignit\u00e0 sociale e sono eguali davanti alla legge, senza distinzione di sesso, di razza, di lingua, di religione, di opinioni politiche, di condizioni personali e sociali.<br>\u00c8 compito della Repubblica rimuovere gli ostacoli di ordine economico e sociale, che, limitando di fatto la libert\u00e0 e l\u2019eguaglianza dei cittadini, impediscono il pieno sviluppo della persona umana e l\u2019effettiva partecipazione di tutti i lavoratori all\u2019organizzazione politica, economica e sociale del Paese.<br><a href=\"https:\/\/comenascelacostituzione.it\/?p=1746\">24\/03\/1947 Pomeridiana<\/a><br><em>discussione generale:<\/em><br><a title=\"GIOVED\u00cc 13 MARZO 1947\" href=\"https:\/\/comenascelacostituzione.it\/?p=1718\">13\/03\/1947<\/a><br><a title=\"POMERIDIANA DI VENERD\u00cc 14 MARZO 1947\" href=\"https:\/\/comenascelacostituzione.it\/?p=1722\">14\/03\/1947 Pomeridiana<\/a><br><a title=\"POMERIDIANA DI SABATO 15 MARZO 1947\" href=\"https:\/\/comenascelacostituzione.it\/?p=1726\">15\/03\/1947 Pomeridiana<\/a><br><a title=\"POMERIDIANA DI LUNED\u00cc 17 MARZO 1947\" href=\"https:\/\/comenascelacostituzione.it\/?p=1730\">17\/03\/1947 Pomeridiana<\/a><br><a title=\"POMERIDIANA DI MARTED\u00cc 18 MARZO 1947\" href=\"https:\/\/comenascelacostituzione.it\/?p=1734\">18\/03\/1947 Pomeridiana<\/a><br><a title=\"GIOVED\u00cc 20 MARZO 1947\" href=\"https:\/\/comenascelacostituzione.it\/?p=1736\">20\/03\/1947<\/a><br><a title=\"VENERD\u00cc 21 MARZO 1947\" href=\"https:\/\/comenascelacostituzione.it\/?p=1738\">21\/03\/1947<\/a><\/p>\n<div><strong>Leggi di modifica<\/strong><br>Nessuna.<\/div>\n<\/div><\/div>\n\t\t\t\t<\/div>\n\t\t\t\t\t\t\t\t\t\t<script type=\"application\/ld+json\">{\"@context\":\"https:\\\/\\\/schema.org\",\"@type\":\"FAQPage\",\"mainEntity\":[{\"@type\":\"Question\",\"name\":\"Evoluzione dalla Commissione dei 75 a oggi\",\"acceptedAnswer\":{\"@type\":\"Answer\",\"text\":\"<div style=\\\"text-align: justify;\\\">\\n<p><strong>Testo della Commissione dei 75<\\\/strong><br><strong>Gi\\u00e0 art. 7<\\\/strong><\\\/p>\\n<p>l cittadini, senza distinzione di sesso, di razza e lingua, di condizioni sociali, di opinioni religiose e politiche, sono eguali di fronte alla legge.<br>\\u00c8 compito della Repubblica rimuovere gli ostacoli d\\u2019ordine economico e sociale che limitano la libert\\u00e0 e l\\u2019eguaglianza degli individui e impediscono il completo sviluppo della persona umana.<\\\/p>\\n<p><strong>Emendamenti approvati dall\\u2019Assemblea Costituente<\\\/strong><br>Sostituirlo col seguente da collocarsi come art. 3:<br>\\u201cI cittadini, senza distinzione di sesso, di razza, di lingua, di condizioni sociali, di religione e di opinioni politiche, hanno pari dignit\\u00e0 sociale e sono eguali di fronte alla legge.<br>\\u00c8 compito della Repubblica rimuovere gli ostacoli di ordine economico e sociale che, limitando di fatto la libert\\u00e0 e l\\u2019eguaglianza dei cittadini, impediscono il completo sviluppo della persona umana e l\\u2019effettiva partecipazione di tutti i lavoratori all\\u2019organizzazione politica, economica e sociale dell\\u2019Italia.\\u201d<br>AMENDOLA, LACONI, IOTTI LEONILDE, GRIECO (PCI).<br><em>Identico emendamento venne presentato dai deputati:<\\\/em><br>FANFANI (DC); GRASSI (UDN); MORO, TOSATO, BULLONI, PONTI, CLERICI (DC).<br><em>I due emendamenti sostitutivi vennero posti ai voti congiuntamente e congiuntamente approvati.<\\\/em><br><strong>Testo della Costituzione approvato dall\\u2019Assemblea Costituente<\\\/strong><br>Tutti i cittadini hanno pari dignit\\u00e0 sociale e sono eguali davanti alla legge, senza distinzione di sesso, di razza, di lingua, di religione, di opinioni politiche, di condizioni personali e sociali.<br>\\u00c8 compito della Repubblica rimuovere gli ostacoli di ordine economico e sociale, che, limitando di fatto la libert\\u00e0 e l\\u2019eguaglianza dei cittadini, impediscono il pieno sviluppo della persona umana e l\\u2019effettiva partecipazione di tutti i lavoratori all\\u2019organizzazione politica, economica e sociale del Paese.<br><a href=\\\"https:\\\/\\\/comenascelacostituzione.it\\\/?p=1746\\\">24\\\/03\\\/1947 Pomeridiana<\\\/a><br><em>discussione generale:<\\\/em><br><a title=\\\"GIOVED\\u00cc 13 MARZO 1947\\\" href=\\\"https:\\\/\\\/comenascelacostituzione.it\\\/?p=1718\\\">13\\\/03\\\/1947<\\\/a><br><a title=\\\"POMERIDIANA DI VENERD\\u00cc 14 MARZO 1947\\\" href=\\\"https:\\\/\\\/comenascelacostituzione.it\\\/?p=1722\\\">14\\\/03\\\/1947 Pomeridiana<\\\/a><br><a title=\\\"POMERIDIANA DI SABATO 15 MARZO 1947\\\" href=\\\"https:\\\/\\\/comenascelacostituzione.it\\\/?p=1726\\\">15\\\/03\\\/1947 Pomeridiana<\\\/a><br><a title=\\\"POMERIDIANA DI LUNED\\u00cc 17 MARZO 1947\\\" href=\\\"https:\\\/\\\/comenascelacostituzione.it\\\/?p=1730\\\">17\\\/03\\\/1947 Pomeridiana<\\\/a><br><a title=\\\"POMERIDIANA DI MARTED\\u00cc 18 MARZO 1947\\\" href=\\\"https:\\\/\\\/comenascelacostituzione.it\\\/?p=1734\\\">18\\\/03\\\/1947 Pomeridiana<\\\/a><br><a title=\\\"GIOVED\\u00cc 20 MARZO 1947\\\" href=\\\"https:\\\/\\\/comenascelacostituzione.it\\\/?p=1736\\\">20\\\/03\\\/1947<\\\/a><br><a title=\\\"VENERD\\u00cc 21 MARZO 1947\\\" href=\\\"https:\\\/\\\/comenascelacostituzione.it\\\/?p=1738\\\">21\\\/03\\\/1947<\\\/a><\\\/p>\\n<div><strong>Leggi di modifica<\\\/strong><br>Nessuna.<\\\/div>\\n<\\\/div>\"}}]}<\/script>\n\t\t\t\t\t<\/div>\n\t\t\t\t\t\t<\/div>\n\t\t\t\t<\/div>\n\t\t\t\t<div class=\"elementor-element elementor-element-232a541 elementor-align-center elementor-widget elementor-widget-button\" data-id=\"232a541\" data-element_type=\"widget\" data-widget_type=\"button.default\">\n\t\t\t\t<div class=\"elementor-widget-container\">\n\t\t\t\t\t\t\t\t\t<div class=\"elementor-button-wrapper\">\n\t\t\t\t\t<a class=\"elementor-button elementor-button-link elementor-size-sm elementor-animation-push\" href=\"https:\/\/comenascelacostituzione.it\/?page_id=2562\">\n\t\t\t\t\t\t<span class=\"elementor-button-content-wrapper\">\n\t\t\t\t\t\t\t\t\t<span class=\"elementor-button-text\">Indietro<\/span>\n\t\t\t\t\t<\/span>\n\t\t\t\t\t<\/a>\n\t\t\t\t<\/div>\n\t\t\t\t\t\t\t\t<\/div>\n\t\t\t\t<\/div>\n\t\t\t\t\t<\/div>\n\t\t<\/div>\n\t\t\t\t\t<\/div>\n\t\t<\/section>\n\t\t\t\t<\/div>\n\t\t","protected":false},"excerpt":{"rendered":"<p>Art. 3 Tutti i cittadini hanno pari dignit\u00e0 sociale e sono eguali davanti alla legge, senza distinzione di sesso, di razza, di lingua, di religione, di opinioni politiche, di condizioni personali e sociali.\u00c8 compito della Repubblica rimuovere gli ostacoli di ordine economico e sociale, che, limitando di fatto la libert\u00e0 e l\u2019eguaglianza dei cittadini, impediscono [&hellip;]<\/p>\n","protected":false},"author":1,"featured_media":0,"parent":0,"menu_order":0,"comment_status":"closed","ping_status":"closed","template":"elementor_header_footer","meta":{"_relevanssi_hide_post":"","_relevanssi_hide_content":"","_relevanssi_pin_for_all":"","_relevanssi_pin_keywords":"","_relevanssi_unpin_keywords":"","_relevanssi_related_keywords":"","_relevanssi_related_include_ids":"","_relevanssi_related_exclude_ids":"","_relevanssi_related_no_append":"","_relevanssi_related_not_related":"","_relevanssi_related_posts":"","_relevanssi_noindex_reason":"","_monsterinsights_skip_tracking":false,"_monsterinsights_sitenote_active":false,"_monsterinsights_sitenote_note":"","_monsterinsights_sitenote_category":0,"footnotes":""},"folder":[66],"class_list":["post-3420","page","type-page","status-publish","hentry"],"aioseo_notices":[],"_links":{"self":[{"href":"https:\/\/comenascelacostituzione.it\/index.php?rest_route=\/wp\/v2\/pages\/3420","targetHints":{"allow":["GET"]}}],"collection":[{"href":"https:\/\/comenascelacostituzione.it\/index.php?rest_route=\/wp\/v2\/pages"}],"about":[{"href":"https:\/\/comenascelacostituzione.it\/index.php?rest_route=\/wp\/v2\/types\/page"}],"author":[{"embeddable":true,"href":"https:\/\/comenascelacostituzione.it\/index.php?rest_route=\/wp\/v2\/users\/1"}],"replies":[{"embeddable":true,"href":"https:\/\/comenascelacostituzione.it\/index.php?rest_route=%2Fwp%2Fv2%2Fcomments&post=3420"}],"version-history":[{"count":13,"href":"https:\/\/comenascelacostituzione.it\/index.php?rest_route=\/wp\/v2\/pages\/3420\/revisions"}],"predecessor-version":[{"id":7976,"href":"https:\/\/comenascelacostituzione.it\/index.php?rest_route=\/wp\/v2\/pages\/3420\/revisions\/7976"}],"wp:attachment":[{"href":"https:\/\/comenascelacostituzione.it\/index.php?rest_route=%2Fwp%2Fv2%2Fmedia&parent=3420"}],"wp:term":[{"taxonomy":"folder","embeddable":true,"href":"https:\/\/comenascelacostituzione.it\/index.php?rest_route=%2Fwp%2Fv2%2Ffolder&post=3420"}],"curies":[{"name":"wp","href":"https:\/\/api.w.org\/{rel}","templated":true}]}}