{"id":3101,"date":"2023-10-04T09:46:25","date_gmt":"2023-10-04T07:46:25","guid":{"rendered":"https:\/\/comenascelacostituzione.it\/?page_id=3101"},"modified":"2023-10-19T12:52:42","modified_gmt":"2023-10-19T10:52:42","slug":"vincenzo-mannino-cv","status":"publish","type":"page","link":"https:\/\/comenascelacostituzione.it\/?page_id=3101","title":{"rendered":"Vincenzo Mannino CV"},"content":{"rendered":"\t\t<div data-elementor-type=\"wp-page\" data-elementor-id=\"3101\" class=\"elementor elementor-3101\" data-elementor-post-type=\"page\">\n\t\t\t\t\t\t<section class=\"elementor-section elementor-top-section elementor-element elementor-element-427fff19 elementor-section-content-middle elementor-section-boxed elementor-section-height-default elementor-section-height-default\" data-id=\"427fff19\" data-element_type=\"section\" data-settings=\"{&quot;background_background&quot;:&quot;classic&quot;}\">\n\t\t\t\t\t\t\t<div class=\"elementor-background-overlay\"><\/div>\n\t\t\t\t\t\t\t<div class=\"elementor-container elementor-column-gap-default\">\n\t\t\t\t\t<div class=\"elementor-column elementor-col-100 elementor-top-column elementor-element elementor-element-56758138\" data-id=\"56758138\" data-element_type=\"column\">\n\t\t\t<div class=\"elementor-widget-wrap elementor-element-populated\">\n\t\t\t\t\t<div class=\"elementor-background-overlay\"><\/div>\n\t\t\t\t\t\t<section class=\"elementor-section elementor-inner-section elementor-element elementor-element-4d2c6ce3 elementor-section-boxed elementor-section-height-default elementor-section-height-default\" data-id=\"4d2c6ce3\" data-element_type=\"section\">\n\t\t\t\t\t\t<div class=\"elementor-container elementor-column-gap-default\">\n\t\t\t\t\t<div class=\"elementor-column elementor-col-100 elementor-inner-column elementor-element elementor-element-6de60e7a\" data-id=\"6de60e7a\" data-element_type=\"column\">\n\t\t\t<div class=\"elementor-widget-wrap elementor-element-populated\">\n\t\t\t\t\t\t<div class=\"elementor-element elementor-element-1f26bdbd elementor-widget__width-initial elementor-widget elementor-widget-spacer\" data-id=\"1f26bdbd\" data-element_type=\"widget\" data-widget_type=\"spacer.default\">\n\t\t\t\t<div class=\"elementor-widget-container\">\n\t\t\t\t\t\t\t<div class=\"elementor-spacer\">\n\t\t\t<div class=\"elementor-spacer-inner\"><\/div>\n\t\t<\/div>\n\t\t\t\t\t\t<\/div>\n\t\t\t\t<\/div>\n\t\t\t\t<div class=\"elementor-element elementor-element-5e400271 elementor-widget elementor-widget-heading\" data-id=\"5e400271\" data-element_type=\"widget\" data-widget_type=\"heading.default\">\n\t\t\t\t<div class=\"elementor-widget-container\">\n\t\t\t\t\t<h1 class=\"elementor-heading-title elementor-size-default\">Vincenzo Mannino<\/h1>\t\t\t\t<\/div>\n\t\t\t\t<\/div>\n\t\t\t\t\t<\/div>\n\t\t<\/div>\n\t\t\t\t\t<\/div>\n\t\t<\/section>\n\t\t\t\t\t<\/div>\n\t\t<\/div>\n\t\t\t\t\t<\/div>\n\t\t<\/section>\n\t\t\t\t<section class=\"elementor-section elementor-top-section elementor-element elementor-element-a99fa06 elementor-section-content-middle elementor-section-boxed elementor-section-height-default elementor-section-height-default\" data-id=\"a99fa06\" data-element_type=\"section\" data-settings=\"{&quot;background_background&quot;:&quot;classic&quot;}\">\n\t\t\t\t\t\t<div class=\"elementor-container elementor-column-gap-default\">\n\t\t\t\t\t<div class=\"elementor-column elementor-col-100 elementor-top-column elementor-element elementor-element-20a7e6f1\" data-id=\"20a7e6f1\" data-element_type=\"column\">\n\t\t\t<div class=\"elementor-widget-wrap elementor-element-populated\">\n\t\t\t\t\t<div class=\"elementor-background-overlay\"><\/div>\n\t\t\t\t\t\t<section class=\"elementor-section elementor-inner-section elementor-element elementor-element-468e67bd elementor-section-boxed elementor-section-height-default elementor-section-height-default\" data-id=\"468e67bd\" data-element_type=\"section\">\n\t\t\t\t\t\t<div class=\"elementor-container elementor-column-gap-wider\">\n\t\t\t\t\t<div class=\"elementor-column elementor-col-100 elementor-inner-column elementor-element elementor-element-1d496f97\" data-id=\"1d496f97\" data-element_type=\"column\">\n\t\t\t<div class=\"elementor-widget-wrap elementor-element-populated\">\n\t\t\t\t\t\t<section class=\"elementor-section elementor-inner-section elementor-element elementor-element-a9ebaee elementor-section-full_width elementor-section-height-default elementor-section-height-default elementor-invisible\" data-id=\"a9ebaee\" data-element_type=\"section\" data-settings=\"{&quot;animation&quot;:&quot;fadeIn&quot;}\">\n\t\t\t\t\t\t<div class=\"elementor-container elementor-column-gap-default\">\n\t\t\t\t\t<div class=\"elementor-column elementor-col-100 elementor-inner-column elementor-element elementor-element-73cd59a\" data-id=\"73cd59a\" data-element_type=\"column\">\n\t\t\t<div class=\"elementor-widget-wrap elementor-element-populated\">\n\t\t\t\t\t\t<div class=\"elementor-element elementor-element-717d49d4 elementor-widget__width-initial elementor-widget elementor-widget-testimonial\" data-id=\"717d49d4\" data-element_type=\"widget\" data-widget_type=\"testimonial.default\">\n\t\t\t\t<div class=\"elementor-widget-container\">\n\t\t\t\t\t\t\t<div class=\"elementor-testimonial-wrapper\">\n\t\t\t\t\t\t\t<div class=\"elementor-testimonial-content\"><div style=\"text-align: justify;\">\nVincenzo Mannino, studioso di tematiche storico-giuridiche, \u00e8 Professore emerito nel Dipartimento di Giurisprudenza dell\u2019Universit\u00e0 Roma Tre. <br>\u00c8 autore di molteplici lavori di diritto romano e diritto civile. <br>Ha insegnato Diritto romano, Storia delle istituzioni politiche e sociali, Istituzioni di diritto privato. Insegna attualmente Istituzioni di diritto romano nel Dipartimento di Giurisprudenza della Libera Universit\u00e0 degli Studi Sociali Guido Carli (Luiss).<br>\nHa svolto attivit\u00e0 didattica e di ricerca anche come Visiting Professor in varie universit\u00e0 straniere (Fordham University-New York, K\u00f6ln, Montpellier, Paris 5, Paris 8, Paris 13, Poitiers, Ramon Llull-Barcelona, Sorbonnes-Hautes Etudes, University Georgia-School of Law-Athens \u2013 Dean Rusk Center for International and Comparative Law). <br><span style=\"text-align: left;\">Ha coordinato varie ricerche nazionali e internazionali. <\/span><br>\u00c8 componente di Comitati Scientifico-editoriali. <br>\u00c8 stato Coordinatore del Dottorato \"Diritto privato per l'Europa\u201d, Direttore di Dipartimento, Direttore del Centro Interdipartimentale \"Occupazione Formazione e Sviluppo Sociale\", Prorettore per le relazioni internazionali, Prorettore per lo sviluppo delle reti universitarie nazionali e internazionali, componente della Segreteria Tecnica del Capo Dipartimento per la formazione superiore e la ricerca \u2013 MUR, membro designato dal Governo italiano al Transitional Forum for Research and Innovative Partnership, Consigliere politico del Ministro dell\u2019istruzione e del merito. <br>\u00c8 ora Esperto del Ministro dell\u2019istruzione e del merito per la cura delle relazioni con le istituzioni nazionali e internazionali anche per l\u2019attuazione del Piano Nazionale di Ripresa e Resilienza. \u00c8 Presidente della III Commissione di classificazione cinematografia (MIBACT).\n<\/div><\/div>\n\t\t\t\n\t\t\t\t\t<\/div>\n\t\t\t\t\t\t<\/div>\n\t\t\t\t<\/div>\n\t\t\t\t\t<\/div>\n\t\t<\/div>\n\t\t\t\t\t<\/div>\n\t\t<\/section>\n\t\t\t\t\t<\/div>\n\t\t<\/div>\n\t\t\t\t\t<\/div>\n\t\t<\/section>\n\t\t\t\t\t<\/div>\n\t\t<\/div>\n\t\t\t\t\t<\/div>\n\t\t<\/section>\n\t\t\t\t<\/div>\n\t\t","protected":false},"excerpt":{"rendered":"<p>Vincenzo Mannino Vincenzo Mannino, studioso di tematiche storico-giuridiche, \u00e8 Professore emerito nel Dipartimento di Giurisprudenza dell\u2019Universit\u00e0 Roma Tre. \u00c8 autore di molteplici lavori di diritto romano e diritto civile. Ha insegnato Diritto romano, Storia delle istituzioni politiche e sociali, Istituzioni di diritto privato. Insegna attualmente Istituzioni di diritto romano nel Dipartimento di Giurisprudenza della Libera [&hellip;]<\/p>\n","protected":false},"author":1,"featured_media":0,"parent":0,"menu_order":0,"comment_status":"closed","ping_status":"closed","template":"elementor_header_footer","meta":{"_relevanssi_hide_post":"","_relevanssi_hide_content":"","_relevanssi_pin_for_all":"","_relevanssi_pin_keywords":"","_relevanssi_unpin_keywords":"","_relevanssi_related_keywords":"","_relevanssi_related_include_ids":"","_relevanssi_related_exclude_ids":"","_relevanssi_related_no_append":"","_relevanssi_related_not_related":"","_relevanssi_related_posts":"","_relevanssi_noindex_reason":"","_monsterinsights_skip_tracking":false,"_monsterinsights_sitenote_active":false,"_monsterinsights_sitenote_note":"","_monsterinsights_sitenote_category":0,"footnotes":""},"folder":[68],"class_list":["post-3101","page","type-page","status-publish","hentry"],"aioseo_notices":[],"_links":{"self":[{"href":"https:\/\/comenascelacostituzione.it\/index.php?rest_route=\/wp\/v2\/pages\/3101","targetHints":{"allow":["GET"]}}],"collection":[{"href":"https:\/\/comenascelacostituzione.it\/index.php?rest_route=\/wp\/v2\/pages"}],"about":[{"href":"https:\/\/comenascelacostituzione.it\/index.php?rest_route=\/wp\/v2\/types\/page"}],"author":[{"embeddable":true,"href":"https:\/\/comenascelacostituzione.it\/index.php?rest_route=\/wp\/v2\/users\/1"}],"replies":[{"embeddable":true,"href":"https:\/\/comenascelacostituzione.it\/index.php?rest_route=%2Fwp%2Fv2%2Fcomments&post=3101"}],"version-history":[{"count":10,"href":"https:\/\/comenascelacostituzione.it\/index.php?rest_route=\/wp\/v2\/pages\/3101\/revisions"}],"predecessor-version":[{"id":5867,"href":"https:\/\/comenascelacostituzione.it\/index.php?rest_route=\/wp\/v2\/pages\/3101\/revisions\/5867"}],"wp:attachment":[{"href":"https:\/\/comenascelacostituzione.it\/index.php?rest_route=%2Fwp%2Fv2%2Fmedia&parent=3101"}],"wp:term":[{"taxonomy":"folder","embeddable":true,"href":"https:\/\/comenascelacostituzione.it\/index.php?rest_route=%2Fwp%2Fv2%2Ffolder&post=3101"}],"curies":[{"name":"wp","href":"https:\/\/api.w.org\/{rel}","templated":true}]}}