{"id":3096,"date":"2023-10-04T09:44:40","date_gmt":"2023-10-04T07:44:40","guid":{"rendered":"https:\/\/comenascelacostituzione.it\/?page_id=3096"},"modified":"2023-10-19T12:50:48","modified_gmt":"2023-10-19T10:50:48","slug":"tania-groppi-cv","status":"publish","type":"page","link":"https:\/\/comenascelacostituzione.it\/?page_id=3096","title":{"rendered":"Tania Groppi CV"},"content":{"rendered":"\t\t<div data-elementor-type=\"wp-page\" data-elementor-id=\"3096\" class=\"elementor elementor-3096\" data-elementor-post-type=\"page\">\n\t\t\t\t\t\t<section class=\"elementor-section elementor-top-section elementor-element elementor-element-427fff19 elementor-section-content-middle elementor-section-boxed elementor-section-height-default elementor-section-height-default\" data-id=\"427fff19\" data-element_type=\"section\" data-settings=\"{&quot;background_background&quot;:&quot;classic&quot;}\">\n\t\t\t\t\t\t\t<div class=\"elementor-background-overlay\"><\/div>\n\t\t\t\t\t\t\t<div class=\"elementor-container elementor-column-gap-default\">\n\t\t\t\t\t<div class=\"elementor-column elementor-col-100 elementor-top-column elementor-element elementor-element-56758138\" data-id=\"56758138\" data-element_type=\"column\">\n\t\t\t<div class=\"elementor-widget-wrap elementor-element-populated\">\n\t\t\t\t\t<div class=\"elementor-background-overlay\"><\/div>\n\t\t\t\t\t\t<section class=\"elementor-section elementor-inner-section elementor-element elementor-element-4d2c6ce3 elementor-section-boxed elementor-section-height-default elementor-section-height-default\" data-id=\"4d2c6ce3\" data-element_type=\"section\">\n\t\t\t\t\t\t<div class=\"elementor-container elementor-column-gap-default\">\n\t\t\t\t\t<div class=\"elementor-column elementor-col-100 elementor-inner-column elementor-element elementor-element-6de60e7a\" data-id=\"6de60e7a\" data-element_type=\"column\">\n\t\t\t<div class=\"elementor-widget-wrap elementor-element-populated\">\n\t\t\t\t\t\t<div class=\"elementor-element elementor-element-1f26bdbd elementor-widget__width-initial elementor-widget elementor-widget-spacer\" data-id=\"1f26bdbd\" data-element_type=\"widget\" data-widget_type=\"spacer.default\">\n\t\t\t\t<div class=\"elementor-widget-container\">\n\t\t\t\t\t\t\t<div class=\"elementor-spacer\">\n\t\t\t<div class=\"elementor-spacer-inner\"><\/div>\n\t\t<\/div>\n\t\t\t\t\t\t<\/div>\n\t\t\t\t<\/div>\n\t\t\t\t<div class=\"elementor-element elementor-element-5e400271 elementor-widget elementor-widget-heading\" data-id=\"5e400271\" data-element_type=\"widget\" data-widget_type=\"heading.default\">\n\t\t\t\t<div class=\"elementor-widget-container\">\n\t\t\t\t\t<h1 class=\"elementor-heading-title elementor-size-default\">Tania Groppi<\/h1>\t\t\t\t<\/div>\n\t\t\t\t<\/div>\n\t\t\t\t\t<\/div>\n\t\t<\/div>\n\t\t\t\t\t<\/div>\n\t\t<\/section>\n\t\t\t\t\t<\/div>\n\t\t<\/div>\n\t\t\t\t\t<\/div>\n\t\t<\/section>\n\t\t\t\t<section class=\"elementor-section elementor-top-section elementor-element elementor-element-a99fa06 elementor-section-content-middle elementor-section-boxed elementor-section-height-default elementor-section-height-default\" data-id=\"a99fa06\" data-element_type=\"section\" data-settings=\"{&quot;background_background&quot;:&quot;classic&quot;}\">\n\t\t\t\t\t\t<div class=\"elementor-container elementor-column-gap-default\">\n\t\t\t\t\t<div class=\"elementor-column elementor-col-100 elementor-top-column elementor-element elementor-element-20a7e6f1\" data-id=\"20a7e6f1\" data-element_type=\"column\">\n\t\t\t<div class=\"elementor-widget-wrap elementor-element-populated\">\n\t\t\t\t\t<div class=\"elementor-background-overlay\"><\/div>\n\t\t\t\t\t\t<section class=\"elementor-section elementor-inner-section elementor-element elementor-element-468e67bd elementor-section-boxed elementor-section-height-default elementor-section-height-default\" data-id=\"468e67bd\" data-element_type=\"section\">\n\t\t\t\t\t\t<div class=\"elementor-container elementor-column-gap-wider\">\n\t\t\t\t\t<div class=\"elementor-column elementor-col-100 elementor-inner-column elementor-element elementor-element-1d496f97\" data-id=\"1d496f97\" data-element_type=\"column\">\n\t\t\t<div class=\"elementor-widget-wrap elementor-element-populated\">\n\t\t\t\t\t\t<section class=\"elementor-section elementor-inner-section elementor-element elementor-element-a9ebaee elementor-section-full_width elementor-section-height-default elementor-section-height-default elementor-invisible\" data-id=\"a9ebaee\" data-element_type=\"section\" data-settings=\"{&quot;animation&quot;:&quot;fadeIn&quot;}\">\n\t\t\t\t\t\t<div class=\"elementor-container elementor-column-gap-default\">\n\t\t\t\t\t<div class=\"elementor-column elementor-col-100 elementor-inner-column elementor-element elementor-element-73cd59a\" data-id=\"73cd59a\" data-element_type=\"column\">\n\t\t\t<div class=\"elementor-widget-wrap elementor-element-populated\">\n\t\t\t\t\t\t<div class=\"elementor-element elementor-element-717d49d4 elementor-widget__width-initial elementor-widget elementor-widget-testimonial\" data-id=\"717d49d4\" data-element_type=\"widget\" data-widget_type=\"testimonial.default\">\n\t\t\t\t<div class=\"elementor-widget-container\">\n\t\t\t\t\t\t\t<div class=\"elementor-testimonial-wrapper\">\n\t\t\t\t\t\t\t<div class=\"elementor-testimonial-content\"><div style=\"text-align: justify;\">\nTania Groppi \u00e8 professoressa ordinaria di Istituzioni di diritto pubblico nell\u2019Universit\u00e0 di Siena (dal 2001). \n<br>Ha insegnato Giustizia costituzionale nell\u2019Universit\u00e0 Suor Orsola Benincasa di Napoli ed \u00e8 stata <em>visiting professor<\/em> presso molteplici Universit\u00e0 in Francia (Paris 1, Toulouse, Poitiers, Bordeaux, Aix-en-Provence), Canada (Montreal), Messico (UNAM), Brasile (Mackenzie e FADISP), Cile (Universidad de Chile), Israele (Hebrew University).\n\u00c8 componente in rappresentanza dell\u2019Italia del Gruppo di esperti indipendenti sulla Carta europea delle autonomie locali.\n\u00c8 stata assistente di studio presso la Corte costituzionale italiana dal 1993 al 2001. <br>\nHa svolto attivit\u00e0 di Institution building nell\u2019ambito di progetti della Commissione di Venezia del Consiglio d\u2019Europa, del Ministero degli Affari Esteri, della Regione Toscana, di Democracy Reporting International in Iraq, Repubblica democratica del Congo, Kazakistan, Kyrgyzstan, Armenia, Georgia, Azerbaijan, Tunisia. \n<br>Ha coordinato e coordina molteplici progetti di ricerca di rilievo nazionale ed internazionale, specialmente sulle tematiche della giustizia costituzionale, globalizzazione del diritto costituzionale, populismo e regressione costituzionale, tutela multilevel dei diritti, federalismo e regionalismo. \n<br>Tra le sue pubblicazioni, oltre ai pi\u00f9 di 200 articoli scientifici, ai molteplici commenti e note, anche pubblicati su quotidiani e blog, si ricordano i seguenti volumi dei quali \u00e8 autrice: \u201cAutonomia costituzionale e potest\u00e0 regolamentare degli enti locali\u201d (Giuffr\u00e8, 1994); \u201cI poteri istruttori della Corte costituzionale nel giudizio sulle leggi\u201d (Giuffr\u00e8, 1997); \u201cFederalismo e costituzione. La revisione costituzionale negli stati decentrati\u201d (Giuffr\u00e9, 2001; \u201cIl federalismo\u201d (Laterza, 2004); \u201cCanada\u201d (Il Mulino, 2006); \u201cLe grandi decisioni della Corte costituzionale italiana\u201d (ES, 2010);; \u201cMenopeggio. La democrazia costituzionale nel XXI secolo\u201d (Il Mulino, 2020). Per l\u2019editore Giappichelli, \u00e8 autrice, con Andrea Simoncini, dei manuali \u201cIntroduzione al diritto pubblico italiano e alle sue fonti\u201d (6 edizione 2023) e \u201cFoundations of Italian Public Law\u201d (2023).\n<br>Il suo volume pi\u00f9 recente \u00e8 \u201cOltre le gerarchie. In difesa del costituzionalismo sociale\u201d, Laterza, 2021.\n<br>Ha curato, con Marco Olivetti, \u201cLa Repubblica delle autonomie\u201d (Giappichelli, 2003); con Marcello Flores d\u2019Arcais e Riccardo Pisillo, il \u201cDizionario dei diritti umani\u201d (UTET, 2007); con Marie-Claire Ponthoreau \u201cThe Use of Foreign precedents by Constitutional Courts\u201d (Hart, 2013); con Irene Spigno \u201cTunisia. La primavera della Costituzione\u201d (Carocci, 2015); con G. Cerrina Feroni \u201cProcedure di nomina ed equilibri di genere. Una prospettiva italiana e comparata\u201d (Il Mulino, 2022). Nel 2023, \u00e8 uscito il volume curato con Irene Spigno e Luis Efren Rios Vegas, su \u201cRuth Bader Ginsburg. La voce della giustizia\u201d (Il Mulino, 2023).\n<\/div><\/div>\n\t\t\t\n\t\t\t\t\t<\/div>\n\t\t\t\t\t\t<\/div>\n\t\t\t\t<\/div>\n\t\t\t\t\t<\/div>\n\t\t<\/div>\n\t\t\t\t\t<\/div>\n\t\t<\/section>\n\t\t\t\t\t<\/div>\n\t\t<\/div>\n\t\t\t\t\t<\/div>\n\t\t<\/section>\n\t\t\t\t\t<\/div>\n\t\t<\/div>\n\t\t\t\t\t<\/div>\n\t\t<\/section>\n\t\t\t\t<\/div>\n\t\t","protected":false},"excerpt":{"rendered":"<p>Tania Groppi Tania Groppi \u00e8 professoressa ordinaria di Istituzioni di diritto pubblico nell\u2019Universit\u00e0 di Siena (dal 2001). Ha insegnato Giustizia costituzionale nell\u2019Universit\u00e0 Suor Orsola Benincasa di Napoli ed \u00e8 stata visiting professor presso molteplici Universit\u00e0 in Francia (Paris 1, Toulouse, Poitiers, Bordeaux, Aix-en-Provence), Canada (Montreal), Messico (UNAM), Brasile (Mackenzie e FADISP), Cile (Universidad de Chile), [&hellip;]<\/p>\n","protected":false},"author":1,"featured_media":0,"parent":0,"menu_order":0,"comment_status":"closed","ping_status":"closed","template":"elementor_header_footer","meta":{"_relevanssi_hide_post":"","_relevanssi_hide_content":"","_relevanssi_pin_for_all":"","_relevanssi_pin_keywords":"","_relevanssi_unpin_keywords":"","_relevanssi_related_keywords":"","_relevanssi_related_include_ids":"","_relevanssi_related_exclude_ids":"","_relevanssi_related_no_append":"","_relevanssi_related_not_related":"","_relevanssi_related_posts":"","_relevanssi_noindex_reason":"","_monsterinsights_skip_tracking":false,"_monsterinsights_sitenote_active":false,"_monsterinsights_sitenote_note":"","_monsterinsights_sitenote_category":0,"footnotes":""},"folder":[68],"class_list":["post-3096","page","type-page","status-publish","hentry"],"aioseo_notices":[],"_links":{"self":[{"href":"https:\/\/comenascelacostituzione.it\/index.php?rest_route=\/wp\/v2\/pages\/3096","targetHints":{"allow":["GET"]}}],"collection":[{"href":"https:\/\/comenascelacostituzione.it\/index.php?rest_route=\/wp\/v2\/pages"}],"about":[{"href":"https:\/\/comenascelacostituzione.it\/index.php?rest_route=\/wp\/v2\/types\/page"}],"author":[{"embeddable":true,"href":"https:\/\/comenascelacostituzione.it\/index.php?rest_route=\/wp\/v2\/users\/1"}],"replies":[{"embeddable":true,"href":"https:\/\/comenascelacostituzione.it\/index.php?rest_route=%2Fwp%2Fv2%2Fcomments&post=3096"}],"version-history":[{"count":7,"href":"https:\/\/comenascelacostituzione.it\/index.php?rest_route=\/wp\/v2\/pages\/3096\/revisions"}],"predecessor-version":[{"id":5861,"href":"https:\/\/comenascelacostituzione.it\/index.php?rest_route=\/wp\/v2\/pages\/3096\/revisions\/5861"}],"wp:attachment":[{"href":"https:\/\/comenascelacostituzione.it\/index.php?rest_route=%2Fwp%2Fv2%2Fmedia&parent=3096"}],"wp:term":[{"taxonomy":"folder","embeddable":true,"href":"https:\/\/comenascelacostituzione.it\/index.php?rest_route=%2Fwp%2Fv2%2Ffolder&post=3096"}],"curies":[{"name":"wp","href":"https:\/\/api.w.org\/{rel}","templated":true}]}}