{"id":3091,"date":"2023-10-04T09:42:28","date_gmt":"2023-10-04T07:42:28","guid":{"rendered":"https:\/\/comenascelacostituzione.it\/?page_id=3091"},"modified":"2023-10-19T12:55:59","modified_gmt":"2023-10-19T10:55:59","slug":"nicolo-zanon-cv","status":"publish","type":"page","link":"https:\/\/comenascelacostituzione.it\/?page_id=3091","title":{"rendered":"Nicol\u00f2 Zanon CV"},"content":{"rendered":"\t\t<div data-elementor-type=\"wp-page\" data-elementor-id=\"3091\" class=\"elementor elementor-3091\" data-elementor-post-type=\"page\">\n\t\t\t\t\t\t<section class=\"elementor-section elementor-top-section elementor-element elementor-element-427fff19 elementor-section-content-middle elementor-section-boxed elementor-section-height-default elementor-section-height-default\" data-id=\"427fff19\" data-element_type=\"section\" data-settings=\"{&quot;background_background&quot;:&quot;classic&quot;}\">\n\t\t\t\t\t\t\t<div class=\"elementor-background-overlay\"><\/div>\n\t\t\t\t\t\t\t<div class=\"elementor-container elementor-column-gap-default\">\n\t\t\t\t\t<div class=\"elementor-column elementor-col-100 elementor-top-column elementor-element elementor-element-56758138\" data-id=\"56758138\" data-element_type=\"column\">\n\t\t\t<div class=\"elementor-widget-wrap elementor-element-populated\">\n\t\t\t\t\t<div class=\"elementor-background-overlay\"><\/div>\n\t\t\t\t\t\t<section class=\"elementor-section elementor-inner-section elementor-element elementor-element-4d2c6ce3 elementor-section-boxed elementor-section-height-default elementor-section-height-default\" data-id=\"4d2c6ce3\" data-element_type=\"section\">\n\t\t\t\t\t\t<div class=\"elementor-container elementor-column-gap-default\">\n\t\t\t\t\t<div class=\"elementor-column elementor-col-100 elementor-inner-column elementor-element elementor-element-6de60e7a\" data-id=\"6de60e7a\" data-element_type=\"column\">\n\t\t\t<div class=\"elementor-widget-wrap elementor-element-populated\">\n\t\t\t\t\t\t<div class=\"elementor-element elementor-element-1f26bdbd elementor-widget__width-initial elementor-widget elementor-widget-spacer\" data-id=\"1f26bdbd\" data-element_type=\"widget\" data-widget_type=\"spacer.default\">\n\t\t\t\t<div class=\"elementor-widget-container\">\n\t\t\t\t\t\t\t<div class=\"elementor-spacer\">\n\t\t\t<div class=\"elementor-spacer-inner\"><\/div>\n\t\t<\/div>\n\t\t\t\t\t\t<\/div>\n\t\t\t\t<\/div>\n\t\t\t\t<div class=\"elementor-element elementor-element-5e400271 elementor-widget elementor-widget-heading\" data-id=\"5e400271\" data-element_type=\"widget\" data-widget_type=\"heading.default\">\n\t\t\t\t<div class=\"elementor-widget-container\">\n\t\t\t\t\t<h1 class=\"elementor-heading-title elementor-size-default\">Nicol\u00f2 Zanon<\/h1>\t\t\t\t<\/div>\n\t\t\t\t<\/div>\n\t\t\t\t\t<\/div>\n\t\t<\/div>\n\t\t\t\t\t<\/div>\n\t\t<\/section>\n\t\t\t\t\t<\/div>\n\t\t<\/div>\n\t\t\t\t\t<\/div>\n\t\t<\/section>\n\t\t\t\t<section class=\"elementor-section elementor-top-section elementor-element elementor-element-a99fa06 elementor-section-content-middle elementor-section-boxed elementor-section-height-default elementor-section-height-default\" data-id=\"a99fa06\" data-element_type=\"section\" data-settings=\"{&quot;background_background&quot;:&quot;classic&quot;}\">\n\t\t\t\t\t\t<div class=\"elementor-container elementor-column-gap-default\">\n\t\t\t\t\t<div class=\"elementor-column elementor-col-100 elementor-top-column elementor-element elementor-element-20a7e6f1\" data-id=\"20a7e6f1\" data-element_type=\"column\">\n\t\t\t<div class=\"elementor-widget-wrap elementor-element-populated\">\n\t\t\t\t\t<div class=\"elementor-background-overlay\"><\/div>\n\t\t\t\t\t\t<section class=\"elementor-section elementor-inner-section elementor-element elementor-element-468e67bd elementor-section-boxed elementor-section-height-default elementor-section-height-default\" data-id=\"468e67bd\" data-element_type=\"section\">\n\t\t\t\t\t\t<div class=\"elementor-container elementor-column-gap-wider\">\n\t\t\t\t\t<div class=\"elementor-column elementor-col-100 elementor-inner-column elementor-element elementor-element-1d496f97\" data-id=\"1d496f97\" data-element_type=\"column\">\n\t\t\t<div class=\"elementor-widget-wrap elementor-element-populated\">\n\t\t\t\t\t\t<section class=\"elementor-section elementor-inner-section elementor-element elementor-element-a9ebaee elementor-section-full_width elementor-section-height-default elementor-section-height-default elementor-invisible\" data-id=\"a9ebaee\" data-element_type=\"section\" data-settings=\"{&quot;animation&quot;:&quot;fadeIn&quot;}\">\n\t\t\t\t\t\t<div class=\"elementor-container elementor-column-gap-default\">\n\t\t\t\t\t<div class=\"elementor-column elementor-col-100 elementor-inner-column elementor-element elementor-element-73cd59a\" data-id=\"73cd59a\" data-element_type=\"column\">\n\t\t\t<div class=\"elementor-widget-wrap elementor-element-populated\">\n\t\t\t\t\t\t<div class=\"elementor-element elementor-element-717d49d4 elementor-widget__width-initial elementor-widget elementor-widget-testimonial\" data-id=\"717d49d4\" data-element_type=\"widget\" data-widget_type=\"testimonial.default\">\n\t\t\t\t<div class=\"elementor-widget-container\">\n\t\t\t\t\t\t\t<div class=\"elementor-testimonial-wrapper\">\n\t\t\t\t\t\t\t<div class=\"elementor-testimonial-content\"><div style=\"text-align: justify;\">\n\nNicol\u00f2 Zanon \u00e8 un giurista e docente italiano. Attualmente ricopre la carica di Vice Presidente della Corte costituzionale, ed \u00e8 stato nominato giudice dal Presidente della Repubblica Giorgio Napolitano in data 18 ottobre 2014. \u00c8 Ordinario (fuori ruolo) di Diritto costituzionale presso la Facolt\u00e0 di Giurisprudenza dell\u2019Universit\u00e0 degli Studi di Milano. Nel 2017 ha ricevuto il titolo di Cavaliere di gran croce dell\u2019Ordine al merito della Repubblica italiana.\n<br>Classe 1961, Nicol\u00f2 Zanon nasce a Torino. Si laurea in Giurisprudenza con una tesi in Diritto pubblico comparato, per poi conseguire il titolo di dottore in ricerca in Diritto comparato presso la Facolt\u00e0 di Giurisprudenza dell\u2019Universit\u00e0 di Firenze. Tra il 1991 e il 1996 \u00e8 ricercatore presso la Facolt\u00e0 di Scienze Politiche dell\u2019Universit\u00e0 di Torino, mentre nello stesso periodo completa la sua formazione anche a livello internazionale con soggiorni studio in Francia e Germania.<br>\nDal 1996 al 1997 \u00e8 Assistente di Studio del giudice costituzionale prof. Valerio Onida, presso la Corte costituzionale in Roma. Al contempo inizia la sua carriera nell\u2019insegnamento presso l\u2019Universit\u00e0 Bocconi di Milano come professore a contratto di Istituzioni di diritto pubblico. In seguito, \u00e8 docente anche presso la facolt\u00e0 di Scienze Politiche dell\u2019Universit\u00e0 di Padova, presso la facolt\u00e0 di Giurisprudenza dell\u2019Universit\u00e0 Milano-Bicocca e presso la facolt\u00e0 di Giurisprudenza dell\u2019Universit\u00e0 degli Studi di Milano.\n<br>Sono anni molto importanti per la produzione scientifica: si occupa principalmente di problematiche attinenti al diritto regionale, alla giustizia costituzionale e alla tutela dei diritti fondamentali nell\u2019ordinamento italiano e in quelli stranieri. Scrive anche testi sulla posizione costituzionale dei parlamentari e sulla loro tradizionale libert\u00e0 da vincoli di mandato: i suoi numerosi articoli vengono pubblicati su riviste giuridiche italiane e straniere. Ha lavorato come editorialista presso importanti quotidiani quali \u201cIl Sole 24 Ore\u201d, \u201cIl Giornale\u201d e \u201cLibero\u201d, oltre a essere entrato a far parte del comitato di redazione della rivista \u201cIdeazione\u201d, del comitato scientifico della rivista \u201cGiurisprudenza costituzionale\u201d, della direzione della rivista \u201cQuaderni costituzionali\u201d e del comitato scientifico della rivista \u201cPercorsi costituzionali\u201d.\n<br>Nel 1998 Nicol\u00f2 Zanon viene nominato dal Direttore generale della Presidenza della Regione Lombardia componente del \u201cGruppo di lavoro per la Riforma dello Statuto regionale\u201d. Da ottobre 2000 a luglio 2010 \u00e8 membro del Comitato Legislativo della Regione Lombardia. Inoltre, ha fatto parte del board \u201cRiforme e garanzie\u201d della Fondazione Magna Carta, ha fornito consulenza alla Commissione parlamentare per le questioni regionali e ha partecipato al Consiglio di Amministrazione della Fondazione Italiana per la ricerca contro il cancro (FIRC). Il suo impegno a livello associativo l\u2019ha inoltre portato a far parte dell\u2019Ufficio studi dell\u2019unione delle Camere Penali Italiane dal 2005 al 2014 e del Consiglio di Amministrazione della Fondazione Rosselli di Torino.\n<br>Nel novembre 2008, diventa socio promotore dell\u2019associazione \u201cItaliadecide \u2013 Associazione di ricerca per la qualit\u00e0 delle politiche pubbliche\u201d, mentre tra il 2009 e il 2010 \u00e8 componente del Consiglio di Presidenza della Giustizia amministrativa. Nel luglio 2010 \u00e8 eletto dal Parlamento in seduta comune componente laico del Consiglio Superiore della Magistratura, incarico che ricopre fino alla fine del mandato nel 2014. Nel 2013 \u00e8 chiamato a far parte della Commissione dei cd. \u201csaggi\u201d per la revisione della parte seconda della Costituzione.\n<\/div><\/div>\n\t\t\t\n\t\t\t\t\t<\/div>\n\t\t\t\t\t\t<\/div>\n\t\t\t\t<\/div>\n\t\t\t\t\t<\/div>\n\t\t<\/div>\n\t\t\t\t\t<\/div>\n\t\t<\/section>\n\t\t\t\t\t<\/div>\n\t\t<\/div>\n\t\t\t\t\t<\/div>\n\t\t<\/section>\n\t\t\t\t\t<\/div>\n\t\t<\/div>\n\t\t\t\t\t<\/div>\n\t\t<\/section>\n\t\t\t\t<\/div>\n\t\t","protected":false},"excerpt":{"rendered":"<p>Nicol\u00f2 Zanon Nicol\u00f2 Zanon \u00e8 un giurista e docente italiano. Attualmente ricopre la carica di Vice Presidente della Corte costituzionale, ed \u00e8 stato nominato giudice dal Presidente della Repubblica Giorgio Napolitano in data 18 ottobre 2014. \u00c8 Ordinario (fuori ruolo) di Diritto costituzionale presso la Facolt\u00e0 di Giurisprudenza dell\u2019Universit\u00e0 degli Studi di Milano. Nel 2017 [&hellip;]<\/p>\n","protected":false},"author":1,"featured_media":0,"parent":0,"menu_order":0,"comment_status":"closed","ping_status":"closed","template":"elementor_header_footer","meta":{"_relevanssi_hide_post":"","_relevanssi_hide_content":"","_relevanssi_pin_for_all":"","_relevanssi_pin_keywords":"","_relevanssi_unpin_keywords":"","_relevanssi_related_keywords":"","_relevanssi_related_include_ids":"","_relevanssi_related_exclude_ids":"","_relevanssi_related_no_append":"","_relevanssi_related_not_related":"","_relevanssi_related_posts":"","_relevanssi_noindex_reason":"","_monsterinsights_skip_tracking":false,"_monsterinsights_sitenote_active":false,"_monsterinsights_sitenote_note":"","_monsterinsights_sitenote_category":0,"footnotes":""},"folder":[68],"class_list":["post-3091","page","type-page","status-publish","hentry"],"aioseo_notices":[],"_links":{"self":[{"href":"https:\/\/comenascelacostituzione.it\/index.php?rest_route=\/wp\/v2\/pages\/3091","targetHints":{"allow":["GET"]}}],"collection":[{"href":"https:\/\/comenascelacostituzione.it\/index.php?rest_route=\/wp\/v2\/pages"}],"about":[{"href":"https:\/\/comenascelacostituzione.it\/index.php?rest_route=\/wp\/v2\/types\/page"}],"author":[{"embeddable":true,"href":"https:\/\/comenascelacostituzione.it\/index.php?rest_route=\/wp\/v2\/users\/1"}],"replies":[{"embeddable":true,"href":"https:\/\/comenascelacostituzione.it\/index.php?rest_route=%2Fwp%2Fv2%2Fcomments&post=3091"}],"version-history":[{"count":7,"href":"https:\/\/comenascelacostituzione.it\/index.php?rest_route=\/wp\/v2\/pages\/3091\/revisions"}],"predecessor-version":[{"id":5876,"href":"https:\/\/comenascelacostituzione.it\/index.php?rest_route=\/wp\/v2\/pages\/3091\/revisions\/5876"}],"wp:attachment":[{"href":"https:\/\/comenascelacostituzione.it\/index.php?rest_route=%2Fwp%2Fv2%2Fmedia&parent=3091"}],"wp:term":[{"taxonomy":"folder","embeddable":true,"href":"https:\/\/comenascelacostituzione.it\/index.php?rest_route=%2Fwp%2Fv2%2Ffolder&post=3091"}],"curies":[{"name":"wp","href":"https:\/\/api.w.org\/{rel}","templated":true}]}}