{"id":3081,"date":"2023-10-04T09:38:43","date_gmt":"2023-10-04T07:38:43","guid":{"rendered":"https:\/\/comenascelacostituzione.it\/?page_id=3081"},"modified":"2023-10-19T12:49:30","modified_gmt":"2023-10-19T10:49:30","slug":"mario-eugenio-comba-cv","status":"publish","type":"page","link":"https:\/\/comenascelacostituzione.it\/?page_id=3081","title":{"rendered":"Mario Eugenio Comba CV"},"content":{"rendered":"\t\t<div data-elementor-type=\"wp-page\" data-elementor-id=\"3081\" class=\"elementor elementor-3081\" data-elementor-post-type=\"page\">\n\t\t\t\t\t\t<section class=\"elementor-section elementor-top-section elementor-element elementor-element-427fff19 elementor-section-content-middle elementor-section-boxed elementor-section-height-default elementor-section-height-default\" data-id=\"427fff19\" data-element_type=\"section\" data-settings=\"{&quot;background_background&quot;:&quot;classic&quot;}\">\n\t\t\t\t\t\t\t<div class=\"elementor-background-overlay\"><\/div>\n\t\t\t\t\t\t\t<div class=\"elementor-container elementor-column-gap-default\">\n\t\t\t\t\t<div class=\"elementor-column elementor-col-100 elementor-top-column elementor-element elementor-element-56758138\" data-id=\"56758138\" data-element_type=\"column\">\n\t\t\t<div class=\"elementor-widget-wrap elementor-element-populated\">\n\t\t\t\t\t<div class=\"elementor-background-overlay\"><\/div>\n\t\t\t\t\t\t<section class=\"elementor-section elementor-inner-section elementor-element elementor-element-4d2c6ce3 elementor-section-boxed elementor-section-height-default elementor-section-height-default\" data-id=\"4d2c6ce3\" data-element_type=\"section\">\n\t\t\t\t\t\t<div class=\"elementor-container elementor-column-gap-default\">\n\t\t\t\t\t<div class=\"elementor-column elementor-col-100 elementor-inner-column elementor-element elementor-element-6de60e7a\" data-id=\"6de60e7a\" data-element_type=\"column\">\n\t\t\t<div class=\"elementor-widget-wrap elementor-element-populated\">\n\t\t\t\t\t\t<div class=\"elementor-element elementor-element-1f26bdbd elementor-widget__width-initial elementor-widget elementor-widget-spacer\" data-id=\"1f26bdbd\" data-element_type=\"widget\" data-widget_type=\"spacer.default\">\n\t\t\t\t<div class=\"elementor-widget-container\">\n\t\t\t\t\t\t\t<div class=\"elementor-spacer\">\n\t\t\t<div class=\"elementor-spacer-inner\"><\/div>\n\t\t<\/div>\n\t\t\t\t\t\t<\/div>\n\t\t\t\t<\/div>\n\t\t\t\t<div class=\"elementor-element elementor-element-5e400271 elementor-widget elementor-widget-heading\" data-id=\"5e400271\" data-element_type=\"widget\" data-widget_type=\"heading.default\">\n\t\t\t\t<div class=\"elementor-widget-container\">\n\t\t\t\t\t<h1 class=\"elementor-heading-title elementor-size-default\">Mario Eugenio Comba<\/h1>\t\t\t\t<\/div>\n\t\t\t\t<\/div>\n\t\t\t\t\t<\/div>\n\t\t<\/div>\n\t\t\t\t\t<\/div>\n\t\t<\/section>\n\t\t\t\t\t<\/div>\n\t\t<\/div>\n\t\t\t\t\t<\/div>\n\t\t<\/section>\n\t\t\t\t<section class=\"elementor-section elementor-top-section elementor-element elementor-element-a99fa06 elementor-section-content-middle elementor-section-boxed elementor-section-height-default elementor-section-height-default\" data-id=\"a99fa06\" data-element_type=\"section\" data-settings=\"{&quot;background_background&quot;:&quot;classic&quot;}\">\n\t\t\t\t\t\t<div class=\"elementor-container elementor-column-gap-default\">\n\t\t\t\t\t<div class=\"elementor-column elementor-col-100 elementor-top-column elementor-element elementor-element-20a7e6f1\" data-id=\"20a7e6f1\" data-element_type=\"column\">\n\t\t\t<div class=\"elementor-widget-wrap elementor-element-populated\">\n\t\t\t\t\t<div class=\"elementor-background-overlay\"><\/div>\n\t\t\t\t\t\t<section class=\"elementor-section elementor-inner-section elementor-element elementor-element-468e67bd elementor-section-boxed elementor-section-height-default elementor-section-height-default\" data-id=\"468e67bd\" data-element_type=\"section\">\n\t\t\t\t\t\t<div class=\"elementor-container elementor-column-gap-wider\">\n\t\t\t\t\t<div class=\"elementor-column elementor-col-100 elementor-inner-column elementor-element elementor-element-1d496f97\" data-id=\"1d496f97\" data-element_type=\"column\">\n\t\t\t<div class=\"elementor-widget-wrap elementor-element-populated\">\n\t\t\t\t\t\t<section class=\"elementor-section elementor-inner-section elementor-element elementor-element-a9ebaee elementor-section-full_width elementor-section-height-default elementor-section-height-default elementor-invisible\" data-id=\"a9ebaee\" data-element_type=\"section\" data-settings=\"{&quot;animation&quot;:&quot;fadeIn&quot;}\">\n\t\t\t\t\t\t<div class=\"elementor-container elementor-column-gap-default\">\n\t\t\t\t\t<div class=\"elementor-column elementor-col-100 elementor-inner-column elementor-element elementor-element-73cd59a\" data-id=\"73cd59a\" data-element_type=\"column\">\n\t\t\t<div class=\"elementor-widget-wrap elementor-element-populated\">\n\t\t\t\t\t\t<div class=\"elementor-element elementor-element-717d49d4 elementor-widget__width-initial elementor-widget elementor-widget-testimonial\" data-id=\"717d49d4\" data-element_type=\"widget\" data-widget_type=\"testimonial.default\">\n\t\t\t\t<div class=\"elementor-widget-container\">\n\t\t\t\t\t\t\t<div class=\"elementor-testimonial-wrapper\">\n\t\t\t\t\t\t\t<div class=\"elementor-testimonial-content\"><div style=\"text-align: justify;\">\nMario Eugenio Comba (1965) \u00e8 professore ordinario di Diritto pubblico comparato presso il Dipartimento di Giurisprudenza dell\u2019Universit\u00e0 degli Studi di Torino, dove insegna Diritto pubblico comparato, Diritto comparato dell\u2019economia e Diritto amministrativo comparato. <br>\nE\u2019 attualmente membro del Consiglio dello European Law Institute e co-chair dell\u2019ELI Italian hub, Componente del Consiglio di Amministrazione dell\u2019Accademia Albertina di Torino, Membro del Comitato scientifico del Master \u201cPublic procurement management for sustainable development\u201d organizzato dal BIT-OIL di Torino con l\u2019Universit\u00e0 di Torino dal 2013, Membro del Comitato scientifico del Master \u201cGouvernance et management des march\u00e9s publics en appui au d\u00e9veloppement durable\u201d, organizzato dal BIT-OIL di Torino con la Facult\u00e9 de Sciences Politiques di Parigi e con l\u2019Universit\u00e0 di Torino, Componente del Collegio di Dottorato in Diritti e Istituzioni dell\u2019Universit\u00e0 di Torino.<br>\nE\u2019 stato Presidente del Corso di laurea triennale in Studi internazionali, dello sviluppo e della cooperazione presso la Facolt\u00e0 di Scienze politiche dell\u2019Universit\u00e0 di Torino e Presidente del Corso di laurea magistrale in Scienze amministrative e giuridiche delle organizzazioni pubbliche e private presso il Dipartimento di Giurisprudenza dell\u2019Universit\u00e0 di Torino, nonch\u00e9 Presidente dell\u2019Istituto universitario di Studi europei.<br>\nIl prof. Comba si \u00e8 occupato di federalismo comparato, governi di minoranza, diritti fondamentali, comparazione tra le Costituzioni degli Stati membri dell\u2019Unione europea, diritto amministrativo comparato in alcuni Stati membri dell\u2019Unione europea e comparazione tra gli ordinamenti giuridici europei in materia di appalti pubblici. <br>\nHa svolto numerosi periodi di studio ed insegnamento in Universit\u00e0 estere, tra le quali Georgetown Law Center, Harvard Law School, Paris Sorbonne, Universit\u00e0 di Copenhagen. Nel corso del 2021 \u00e8 stato <i>visiting<\/i> presso il King\u2019s College London.<br>\nE\u2019 attualmente membro dell\u2019Advisory Committee del progetto di ricerca sviluppato dall\u2019European Law Institute dal titolo \u201cEuropean Constitutional Principles\u201d, coordinato da F. Jacobs e T. Tridimas ed \u00e8 stato Reporter (con S. Cassese e J. Jowell) del progetto di ricerca sulle \u201cCommon Constitutional Traditions\u201d, sviluppato e finanziato dallo European Law Institute, dalla Commissione Europea e dalla Compagnia di San Paolo. E\u2019 supervisor dell\u2019ESR 15 \u201cBringing Sutainability to the Collective table\u201d, nell\u2019ambito del progetto SAPIENS (Sustainability and Procurement in International, European and National Systems), finanziato dalla Commissione europea.\n<\/div>\n\n<\/div>\n\t\t\t\n\t\t\t\t\t<\/div>\n\t\t\t\t\t\t<\/div>\n\t\t\t\t<\/div>\n\t\t\t\t\t<\/div>\n\t\t<\/div>\n\t\t\t\t\t<\/div>\n\t\t<\/section>\n\t\t\t\t\t<\/div>\n\t\t<\/div>\n\t\t\t\t\t<\/div>\n\t\t<\/section>\n\t\t\t\t\t<\/div>\n\t\t<\/div>\n\t\t\t\t\t<\/div>\n\t\t<\/section>\n\t\t\t\t<\/div>\n\t\t","protected":false},"excerpt":{"rendered":"<p>Mario Eugenio Comba Mario Eugenio Comba (1965) \u00e8 professore ordinario di Diritto pubblico comparato presso il Dipartimento di Giurisprudenza dell\u2019Universit\u00e0 degli Studi di Torino, dove insegna Diritto pubblico comparato, Diritto comparato dell\u2019economia e Diritto amministrativo comparato. E\u2019 attualmente membro del Consiglio dello European Law Institute e co-chair dell\u2019ELI Italian hub, Componente del Consiglio di Amministrazione [&hellip;]<\/p>\n","protected":false},"author":1,"featured_media":0,"parent":0,"menu_order":0,"comment_status":"closed","ping_status":"closed","template":"elementor_header_footer","meta":{"_relevanssi_hide_post":"","_relevanssi_hide_content":"","_relevanssi_pin_for_all":"","_relevanssi_pin_keywords":"","_relevanssi_unpin_keywords":"","_relevanssi_related_keywords":"","_relevanssi_related_include_ids":"","_relevanssi_related_exclude_ids":"","_relevanssi_related_no_append":"","_relevanssi_related_not_related":"","_relevanssi_related_posts":"","_relevanssi_noindex_reason":"","_monsterinsights_skip_tracking":false,"_monsterinsights_sitenote_active":false,"_monsterinsights_sitenote_note":"","_monsterinsights_sitenote_category":0,"footnotes":""},"folder":[68],"class_list":["post-3081","page","type-page","status-publish","hentry"],"aioseo_notices":[],"_links":{"self":[{"href":"https:\/\/comenascelacostituzione.it\/index.php?rest_route=\/wp\/v2\/pages\/3081","targetHints":{"allow":["GET"]}}],"collection":[{"href":"https:\/\/comenascelacostituzione.it\/index.php?rest_route=\/wp\/v2\/pages"}],"about":[{"href":"https:\/\/comenascelacostituzione.it\/index.php?rest_route=\/wp\/v2\/types\/page"}],"author":[{"embeddable":true,"href":"https:\/\/comenascelacostituzione.it\/index.php?rest_route=\/wp\/v2\/users\/1"}],"replies":[{"embeddable":true,"href":"https:\/\/comenascelacostituzione.it\/index.php?rest_route=%2Fwp%2Fv2%2Fcomments&post=3081"}],"version-history":[{"count":7,"href":"https:\/\/comenascelacostituzione.it\/index.php?rest_route=\/wp\/v2\/pages\/3081\/revisions"}],"predecessor-version":[{"id":5855,"href":"https:\/\/comenascelacostituzione.it\/index.php?rest_route=\/wp\/v2\/pages\/3081\/revisions\/5855"}],"wp:attachment":[{"href":"https:\/\/comenascelacostituzione.it\/index.php?rest_route=%2Fwp%2Fv2%2Fmedia&parent=3081"}],"wp:term":[{"taxonomy":"folder","embeddable":true,"href":"https:\/\/comenascelacostituzione.it\/index.php?rest_route=%2Fwp%2Fv2%2Ffolder&post=3081"}],"curies":[{"name":"wp","href":"https:\/\/api.w.org\/{rel}","templated":true}]}}