{"id":3061,"date":"2023-10-04T09:28:29","date_gmt":"2023-10-04T07:28:29","guid":{"rendered":"https:\/\/comenascelacostituzione.it\/?page_id=3061"},"modified":"2023-10-19T12:48:56","modified_gmt":"2023-10-19T10:48:56","slug":"elisabetta-catelani-cv","status":"publish","type":"page","link":"https:\/\/comenascelacostituzione.it\/?page_id=3061","title":{"rendered":"Elisabetta Catelani CV"},"content":{"rendered":"\t\t<div data-elementor-type=\"wp-page\" data-elementor-id=\"3061\" class=\"elementor elementor-3061\" data-elementor-post-type=\"page\">\n\t\t\t\t\t\t<section class=\"elementor-section elementor-top-section elementor-element elementor-element-427fff19 elementor-section-content-middle elementor-section-boxed elementor-section-height-default elementor-section-height-default\" data-id=\"427fff19\" data-element_type=\"section\" data-settings=\"{&quot;background_background&quot;:&quot;classic&quot;}\">\n\t\t\t\t\t\t\t<div class=\"elementor-background-overlay\"><\/div>\n\t\t\t\t\t\t\t<div class=\"elementor-container elementor-column-gap-default\">\n\t\t\t\t\t<div class=\"elementor-column elementor-col-100 elementor-top-column elementor-element elementor-element-56758138\" data-id=\"56758138\" data-element_type=\"column\">\n\t\t\t<div class=\"elementor-widget-wrap elementor-element-populated\">\n\t\t\t\t\t<div class=\"elementor-background-overlay\"><\/div>\n\t\t\t\t\t\t<section class=\"elementor-section elementor-inner-section elementor-element elementor-element-4d2c6ce3 elementor-section-boxed elementor-section-height-default elementor-section-height-default\" data-id=\"4d2c6ce3\" data-element_type=\"section\">\n\t\t\t\t\t\t<div class=\"elementor-container elementor-column-gap-default\">\n\t\t\t\t\t<div class=\"elementor-column elementor-col-100 elementor-inner-column elementor-element elementor-element-6de60e7a\" data-id=\"6de60e7a\" data-element_type=\"column\">\n\t\t\t<div class=\"elementor-widget-wrap elementor-element-populated\">\n\t\t\t\t\t\t<div class=\"elementor-element elementor-element-1f26bdbd elementor-widget__width-initial elementor-widget elementor-widget-spacer\" data-id=\"1f26bdbd\" data-element_type=\"widget\" data-widget_type=\"spacer.default\">\n\t\t\t\t<div class=\"elementor-widget-container\">\n\t\t\t\t\t\t\t<div class=\"elementor-spacer\">\n\t\t\t<div class=\"elementor-spacer-inner\"><\/div>\n\t\t<\/div>\n\t\t\t\t\t\t<\/div>\n\t\t\t\t<\/div>\n\t\t\t\t<div class=\"elementor-element elementor-element-5e400271 elementor-widget elementor-widget-heading\" data-id=\"5e400271\" data-element_type=\"widget\" data-widget_type=\"heading.default\">\n\t\t\t\t<div class=\"elementor-widget-container\">\n\t\t\t\t\t<h1 class=\"elementor-heading-title elementor-size-default\">Elisabetta Catelani<\/h1>\t\t\t\t<\/div>\n\t\t\t\t<\/div>\n\t\t\t\t\t<\/div>\n\t\t<\/div>\n\t\t\t\t\t<\/div>\n\t\t<\/section>\n\t\t\t\t\t<\/div>\n\t\t<\/div>\n\t\t\t\t\t<\/div>\n\t\t<\/section>\n\t\t\t\t<section class=\"elementor-section elementor-top-section elementor-element elementor-element-a99fa06 elementor-section-content-middle elementor-section-boxed elementor-section-height-default elementor-section-height-default\" data-id=\"a99fa06\" data-element_type=\"section\" data-settings=\"{&quot;background_background&quot;:&quot;classic&quot;}\">\n\t\t\t\t\t\t<div class=\"elementor-container elementor-column-gap-default\">\n\t\t\t\t\t<div class=\"elementor-column elementor-col-100 elementor-top-column elementor-element elementor-element-20a7e6f1\" data-id=\"20a7e6f1\" data-element_type=\"column\">\n\t\t\t<div class=\"elementor-widget-wrap elementor-element-populated\">\n\t\t\t\t\t<div class=\"elementor-background-overlay\"><\/div>\n\t\t\t\t\t\t<section class=\"elementor-section elementor-inner-section elementor-element elementor-element-468e67bd elementor-section-boxed elementor-section-height-default elementor-section-height-default\" data-id=\"468e67bd\" data-element_type=\"section\">\n\t\t\t\t\t\t<div class=\"elementor-container elementor-column-gap-wider\">\n\t\t\t\t\t<div class=\"elementor-column elementor-col-100 elementor-inner-column elementor-element elementor-element-1d496f97\" data-id=\"1d496f97\" data-element_type=\"column\">\n\t\t\t<div class=\"elementor-widget-wrap elementor-element-populated\">\n\t\t\t\t\t\t<section class=\"elementor-section elementor-inner-section elementor-element elementor-element-a9ebaee elementor-section-full_width elementor-section-height-default elementor-section-height-default elementor-invisible\" data-id=\"a9ebaee\" data-element_type=\"section\" data-settings=\"{&quot;animation&quot;:&quot;fadeIn&quot;}\">\n\t\t\t\t\t\t<div class=\"elementor-container elementor-column-gap-default\">\n\t\t\t\t\t<div class=\"elementor-column elementor-col-100 elementor-inner-column elementor-element elementor-element-73cd59a\" data-id=\"73cd59a\" data-element_type=\"column\">\n\t\t\t<div class=\"elementor-widget-wrap elementor-element-populated\">\n\t\t\t\t\t\t<div class=\"elementor-element elementor-element-717d49d4 elementor-widget__width-initial elementor-widget elementor-widget-testimonial\" data-id=\"717d49d4\" data-element_type=\"widget\" data-widget_type=\"testimonial.default\">\n\t\t\t\t<div class=\"elementor-widget-container\">\n\t\t\t\t\t\t\t<div class=\"elementor-testimonial-wrapper\">\n\t\t\t\t\t\t\t<div class=\"elementor-testimonial-content\"><div style=\"text-align: justify;\">\nElisabetta Catelani \u00e8 professoressa ordinaria di Istituzioni di diritto pubblico nell'Universit\u00e0 di Pisa dal 2000.<br> \nDirettrice del Centro interdipartimentale \u201cDiritto e tecnologie di frontiera\u201d dell\u2019Universit\u00e0 di Pisa.<br>\nVicepresidente dell\u2019Associazione italiana costituzionalisti.<br>\nComponente del Comitato tecnico-consultivo per la legislazione della Regione Marche. \nE\u2019 componente del Gruppo di lavoro nominato dal Presidente della Commissione affari costituzionali della Camera dei Deputati per la stesura di un nuovo disegno di legge sulla rappresentanza di interessi<br>\nIscritta nell\u2019Albo dell\u2019Ordine degli Avvocati di Firenze.<br>\n\u00c8 stata componente della Commissione per le riforme costituzionali istituita dal Presidente del Consiglio Enrico Letta nel giugno 2013.<br>\n\u00c8 stata componente del Gruppo di lavoro nominato dalla Ministra per le pari opportunit\u00e0 e della famiglia Elena Bonetti nell\u2019aprile 2021.<br>\n\u00c8 stata consigliere giuridico del Ministero dell\u2019Ambiente nel 2015\/2016 sugli atti di Governo, potere regolamentare e fonti del diritto e componente di altre commissioni ministeriali.<br>\n\u00c8 condirettrice della <i>Rivista AIC<\/i>.<br>\n\u00c8 componente del Comitato scientifico delle riviste: Revista de Derecho Pol\u00edtico, Costituzionalismo.it, Osservatoriosullefonti.it, Rassegna di diritto pubblico europeo, Rivista italiana di informatica e diritto.\nNella rivista osservatoriosullefonti.it \u00e8 responsabile della rubrica in tema di fonti delle regioni ordinarie.\n\u00c8 componente della direzione della collana lecostituzionaliste edita da il Mulino e nel Comitato scientifico della Collana di Dipartimento di Giurisprudenza dell\u2019Universit\u00e0 di Pisa.<br>\n\u00c8 componente del comitato scientifico di valutazione di vari riviste di classe A o di riviste giuridiche: Diritto e societ\u00e0, Federalismi.it, Unit\u00e0 e Pluralit\u00e0 del sapere giuridico, Rivista del Gruppo di Pisa.<br>\n\u00c8 stata Presidente del Corso di laurea aggregato in Economia Territorio ambiente e del Corso di laurea specialistica in Sviluppo e gestione sostenibile del territorio presso la Facolt\u00e0 di Economia di Pisa dal 2003 al 2007.<br>\n\u00c8 stata Direttore del Dipartimento di Istituzioni, Impresa e Mercato \u201cA Cerrai\u201d dal 2007 al 2012.<br>\nI suoi temi d\u2019interesse sono l\u2019organizzazione del governo e della P.A., le fonti del diritto, il diritto regionale, i diritti sociali ed in particolare il diritto alla salute, le pari opportunit\u00e0, tutti temi ora affrontati tenendo conto delle nuove tecnologie.<br>\nVolumi pubblicati: <i>La determinazione della \"questione di legittimit\u00e0 costituzionale\" nel giudizio incidentale<\/i>, Giuffr\u00e8, Milano, 1993; <i>Contributo allo studio delle direttive interorganiche<\/i>, Giappichelli, Torino, 1999; <i>Poteri e organizzazione del governo nel contesto degli ordinamenti pluralistici contemporanei<\/i>, Tipografia editoriale pisana, Pisa, 2017 e, da ultimo V. BONINI, V. CALDERAI, E. CATELANI, A. SPERTI, E. STRADELLA, <i>Diritto e genere nella prospettiva europea<\/i>, Editoriale scientifica, Napoli 2021<br>\nA questi si aggiunge la curatela di quindici volumi e pi\u00f9 di centosessanta pubblicazioni.\n<\/div>\n\n<\/div>\n\t\t\t\n\t\t\t\t\t<\/div>\n\t\t\t\t\t\t<\/div>\n\t\t\t\t<\/div>\n\t\t\t\t\t<\/div>\n\t\t<\/div>\n\t\t\t\t\t<\/div>\n\t\t<\/section>\n\t\t\t\t\t<\/div>\n\t\t<\/div>\n\t\t\t\t\t<\/div>\n\t\t<\/section>\n\t\t\t\t\t<\/div>\n\t\t<\/div>\n\t\t\t\t\t<\/div>\n\t\t<\/section>\n\t\t\t\t<\/div>\n\t\t","protected":false},"excerpt":{"rendered":"<p>Elisabetta Catelani Elisabetta Catelani \u00e8 professoressa ordinaria di Istituzioni di diritto pubblico nell&#8217;Universit\u00e0 di Pisa dal 2000. Direttrice del Centro interdipartimentale \u201cDiritto e tecnologie di frontiera\u201d dell\u2019Universit\u00e0 di Pisa. Vicepresidente dell\u2019Associazione italiana costituzionalisti. Componente del Comitato tecnico-consultivo per la legislazione della Regione Marche. E\u2019 componente del Gruppo di lavoro nominato dal Presidente della Commissione affari [&hellip;]<\/p>\n","protected":false},"author":1,"featured_media":0,"parent":0,"menu_order":0,"comment_status":"closed","ping_status":"closed","template":"elementor_header_footer","meta":{"_relevanssi_hide_post":"","_relevanssi_hide_content":"","_relevanssi_pin_for_all":"","_relevanssi_pin_keywords":"","_relevanssi_unpin_keywords":"","_relevanssi_related_keywords":"","_relevanssi_related_include_ids":"","_relevanssi_related_exclude_ids":"","_relevanssi_related_no_append":"","_relevanssi_related_not_related":"","_relevanssi_related_posts":"","_relevanssi_noindex_reason":"","_monsterinsights_skip_tracking":false,"_monsterinsights_sitenote_active":false,"_monsterinsights_sitenote_note":"","_monsterinsights_sitenote_category":0,"footnotes":""},"folder":[68],"class_list":["post-3061","page","type-page","status-publish","hentry"],"aioseo_notices":[],"_links":{"self":[{"href":"https:\/\/comenascelacostituzione.it\/index.php?rest_route=\/wp\/v2\/pages\/3061","targetHints":{"allow":["GET"]}}],"collection":[{"href":"https:\/\/comenascelacostituzione.it\/index.php?rest_route=\/wp\/v2\/pages"}],"about":[{"href":"https:\/\/comenascelacostituzione.it\/index.php?rest_route=\/wp\/v2\/types\/page"}],"author":[{"embeddable":true,"href":"https:\/\/comenascelacostituzione.it\/index.php?rest_route=\/wp\/v2\/users\/1"}],"replies":[{"embeddable":true,"href":"https:\/\/comenascelacostituzione.it\/index.php?rest_route=%2Fwp%2Fv2%2Fcomments&post=3061"}],"version-history":[{"count":7,"href":"https:\/\/comenascelacostituzione.it\/index.php?rest_route=\/wp\/v2\/pages\/3061\/revisions"}],"predecessor-version":[{"id":5852,"href":"https:\/\/comenascelacostituzione.it\/index.php?rest_route=\/wp\/v2\/pages\/3061\/revisions\/5852"}],"wp:attachment":[{"href":"https:\/\/comenascelacostituzione.it\/index.php?rest_route=%2Fwp%2Fv2%2Fmedia&parent=3061"}],"wp:term":[{"taxonomy":"folder","embeddable":true,"href":"https:\/\/comenascelacostituzione.it\/index.php?rest_route=%2Fwp%2Fv2%2Ffolder&post=3061"}],"curies":[{"name":"wp","href":"https:\/\/api.w.org\/{rel}","templated":true}]}}